{"id":6508,"date":"2016-12-05T08:18:23","date_gmt":"2016-12-05T06:18:23","guid":{"rendered":"https:\/\/laura.fi\/rekrytointi\/kesatyopaikat\/"},"modified":"2025-11-28T10:45:20","modified_gmt":"2025-11-28T08:45:20","slug":"kesatyopaikat","status":"publish","type":"page","link":"https:\/\/laura.fi\/rekrytointi\/kesatyopaikat\/","title":{"rendered":"Avoimet kes\u00e4ty\u00f6paikat 2026 &#8211; N\u00e4in l\u00f6yd\u00e4t kes\u00e4ty\u00f6paikan"},"content":{"rendered":"<p id=\"js_759\" class=\"_5pbx userContent _3576\" data-ft=\"{&quot;tn&quot;:&quot;K&quot;}\"><strong>L\u00f6yd\u00e4t avoimet kes\u00e4ty\u00f6paikat 2026\u00a0<a href=\"\/avoimet-tyopaikat\/kesatyopaikat\/\">kes\u00e4ty\u00f6paikkasivultamme<\/a>. Sivulle p\u00e4ivitet\u00e4\u00e4n jatkuvasti uusia kes\u00e4ty\u00f6mahdollisuuksia. Nappaa unelmiesi kes\u00e4ty\u00f6paikka ja vinkkaa meist\u00e4 my\u00f6s kaverillesi!<\/strong><\/p>\n<p class=\"_5pbx userContent _3576\" data-ft=\"{&quot;tn&quot;:&quot;K&quot;}\"><a class=\"button\" href=\"https:\/\/laura.fi\/avoimet-tyopaikat\/kesatyopaikat\/\" target=\"_blank\" rel=\"noopener noreferrer\">Katso Lauran avoimet kes\u00e4ty\u00f6paikat!<\/a><\/p>\n<p class=\"_5pbx userContent _3576\" data-ft=\"{&quot;tn&quot;:&quot;K&quot;}\">Voit antaa my\u00f6s meid\u00e4n tehd\u00e4 ty\u00f6n puolestasi ja etsi\u00e4 juuri sinulle sopivat kes\u00e4ty\u00f6paikat. Tilaa juuri sinua kiinnostavat avoimet kes\u00e4ty\u00f6paikat suoraan s\u00e4hk\u00f6postiisi luomalla <strong><a href=\"https:\/\/laura.fi\/hakuvahdit\">hakuvahti<\/a><\/strong>. Hakuvahdin tekeminen on helppoa. Saat tiedon heti, kun jokin sinua kiinnostava ty\u00f6mahdollisuus aukeaa.<\/p>\n<h2 class=\"_5pbx userContent _3576\" data-ft=\"{&quot;tn&quot;:&quot;K&quot;}\">Milloin avoimet kes\u00e4ty\u00f6paikat tulevat hakuun?<\/h2>\n<p style=\"text-align: left;\"><strong>Kes\u00e4ty\u00f6paikan etsiminen<\/strong> kannattaa aloittaa hyviss\u00e4 ajoin, sill\u00e4 suurin osa kes\u00e4ty\u00f6paikoista t\u00e4ytet\u00e4\u00e4n jo alkuvuodesta. Kes\u00e4ty\u00f6paikat julkaistaan usein tammikuussa. Kes\u00e4ty\u00f6ntekij\u00f6it\u00e4 etsit\u00e4\u00e4n kuitenkin viel\u00e4 alkukes\u00e4\u00e4n asti, joten kannattaa olla sinnik\u00e4s, vaikka paikkaa ei heti l\u00f6ytyisi. Haluamme auttaa sinua, jotta saat unelmiesi kes\u00e4ty\u00f6n.<\/p>\n<p>Julkaisemme tuhansia kes\u00e4ty\u00f6paikkoja <a href=\"https:\/\/laura.fi\/avoimet-tyopaikat\/kesatyopaikat\/\"><strong>Laura.fi-sivustolla<\/strong><\/a> helpottaaksemme sinun kes\u00e4ty\u00f6nhakuasi. Uusia kes\u00e4ty\u00f6paikkoja tulee hakuun p\u00e4ivitt\u00e4in tammikuusta l\u00e4htien.<\/p>\n<p><a class=\"button\" href=\"https:\/\/laura.fi\/avoimet-tyopaikat\/kesatyopaikat\/\" target=\"_blank\" rel=\"noopener noreferrer\">Tutustu avoimiin kes\u00e4ty\u00f6paikkoihin ja hae vaikka heti!<\/a><\/p>\n<p>Tutustu sinua kiinnostaviin avoimiin ty\u00f6teht\u00e4viin ja hae ty\u00f6paikkoja hakuohjeiden mukaisesti. Muistathan huomioida erityisesti, milloin hakuaika p\u00e4\u00e4ttyy sek\u00e4 miss\u00e4 muodossa hakemus toivotaan. Osa ty\u00f6nantajista ottaa hakemukset vastaan vain esimerkiksi rekrytointij\u00e4rjestelm\u00e4n eli hakulomakkeen kautta. Ty\u00f6paikkaa kannattaa hakea mahdollisiman pian, eik\u00e4 j\u00e4tt\u00e4\u00e4 hakemusta viimeiseen hakup\u00e4iv\u00e4\u00e4n. My\u00f6s kes\u00e4ty\u00f6paikoissa rekrytoinneissa edet\u00e4\u00e4n jo hakuajan aikana,<\/p>\n<h2>Vinkit\u00a0kes\u00e4ty\u00f6nhakuun<\/h2>\n<p>Kes\u00e4ty\u00f6nhakupalveluiden lis\u00e4ksi kes\u00e4ty\u00f6paikkoja voi l\u00f6yt\u00e4\u00e4 ty\u00f6nantajien nettisivuilta, somesta, ty\u00f6llisyyspalveluista, kyselem\u00e4ll\u00e4 tutuilta ja sukulaisilta tai ottamalla suoraan yhteytt\u00e4 ty\u00f6nantajiin. Ole aktiivinen ja kysy rohkeasti kes\u00e4ty\u00f6paikkoja sinua kiinnostavista organisaatioista.<\/p>\n<ul>\n<li><a href=\"https:\/\/laura.fi\/rekrytointi\/ura-ja-rekrytointi\/tyonhaku\/kesatyonhakuvinkit\/\">Kes\u00e4ty\u00f6nhakuvinkit<\/a><\/li>\n<li><a href=\"https:\/\/laura.fi\/rekrytointi\/ura-ja-rekrytointi\/tyonhaku\/5-keinoa-saada-kesatyo-kirjoittamatta-hakemusta\/\">5 keinoa saada kes\u00e4ty\u00f6 kirjoittamatta hakemusta<\/a><\/li>\n<li><a href=\"https:\/\/laura.fi\/rekrytointi\/ura-ja-rekrytointi\/tyonhaku\/miten-saada-toita-ilman-tyokokemusta\/\">Miten saada t\u00f6it\u00e4 ilman ty\u00f6kokemusta<\/a><\/li>\n<li><a href=\"https:\/\/laura.fi\/rekrytointi\/ura-ja-rekrytointi\/tyonhaku\/tyonhaku-suorahakukirjeella\/\">Ty\u00f6nhaku suorahakukirjeella<\/a><\/li>\n<\/ul>\n<p>Laadi hakemuksesi jokaiseen hakemaasi kes\u00e4ty\u00f6paikkaan niin, ett\u00e4 erotut positiivisesti muista hakijoista. Aktiiviset ja ty\u00f6paikasta aidosti kiinnostuneet ty\u00f6nhakijat j\u00e4\u00e4v\u00e4t paremmin ty\u00f6nantajan mieleen.<\/p>\n<ul>\n<li><a href=\"https:\/\/laura.fi\/rekrytointi\/ura-ja-rekrytointi\/tyonhaku\/tyonhakijan-muistilista\/\">Ty\u00f6nhakijan muistilista<\/a><\/li>\n<li><a href=\"https:\/\/laura.fi\/rekrytointi\/ura-ja-rekrytointi\/tyonhaku\/kesatyonhakija-muista-nama-asiat-tyohakemusta-tehdessasi\/\">T\u00e4llainen on hyv\u00e4 ty\u00f6hakemus<\/a><\/li>\n<li><a href=\"https:\/\/laura.fi\/rekrytointi\/ura-ja-rekrytointi\/tyonhaku\/tallainen-hyva-videohakemus\/\">T\u00e4llainen on hyv\u00e4 videohakemus<\/a><\/li>\n<li><a href=\"https:\/\/laura.fi\/rekrytointi\/ura-ja-rekrytointi\/tyonhaku\/nain-teet-hyvan-cvn\/\">N\u00e4in teet hyv\u00e4n CV:n<\/a><\/li>\n<\/ul>\n<p>Tiesitk\u00f6, ett\u00e4 ty\u00f6harjoittelu voi olla my\u00f6s kes\u00e4ty\u00f6si? Katso harjoittelupaikkoja tarjoavat <a href=\"https:\/\/laura.fi\/rekrytointi\/ura-ja-rekrytointi\/tyonhaku\/tyoharjoittelupaikat\/\">yritykset<\/a>. <strong>Harjoittelupaikkoja ja opiskelijoille sopivia ty\u00f6paikkoja<\/strong> l\u00f6yd\u00e4t my\u00f6s Laura.fi-sivustosta.<\/p>\n<h3>Tsemppi\u00e4 kes\u00e4ty\u00f6nhakuun!<\/h3>\n<p>Muista seurata meit\u00e4 my\u00f6s Facebookissa, miss\u00e4 kokoamme parhaat kes\u00e4ty\u00f6paikat sit\u00e4 mukaan kun niit\u00e4 julkaistaan. Kuulet ensimm\u00e4isten joukossa uusista kes\u00e4ty\u00f6paikoista ja saat asiantuntijoimme ajankohtaiset vinkit ty\u00f6nhakusi tueksi.<\/p>\n<p><strong><a href=\"https:\/\/www.facebook.com\/Parhaatkesatyopaikat\/\"><img loading=\"lazy\" decoding=\"async\" class=\"alignleft wp-image-6965\" src=\"https:\/\/laura.fi\/rekrytointi\/wp-content\/uploads\/2016\/12\/FB-f-Logo__blue_114.png\" width=\"50\" height=\"50\" srcset=\"https:\/\/laura.fi\/rekrytointi\/wp-content\/uploads\/2016\/12\/FB-f-Logo__blue_114.png 114w, https:\/\/laura.fi\/rekrytointi\/wp-content\/uploads\/2016\/12\/FB-f-Logo__blue_114-100x100.png 100w\" sizes=\"auto, (max-width: 50px) 100vw, 50px\" \/><\/a><br \/>\n<a href=\"https:\/\/www.facebook.com\/Parhaatkesatyopaikat\/\" target=\"_blank\" rel=\"noopener noreferrer\">Parhaat Kes\u00e4ty\u00f6paikat<\/a><\/strong><\/p>\n<p>&nbsp;<\/p>\n<hr \/>\n<p><strong>Etsitk\u00f6 t\u00f6it\u00e4? Katso my\u00f6s avoimet ty\u00f6paikat <a href=\"https:\/\/laura.fi\/avoimet-tyopaikat\/\">t\u00e4\u00e4lt\u00e4<\/a>.<\/strong><\/p>\n<hr \/>\n","protected":false},"excerpt":{"rendered":"<p>L\u00f6yd\u00e4t avoimet kes\u00e4ty\u00f6paikat 2026\u00a0kes\u00e4ty\u00f6paikkasivultamme. Sivulle p\u00e4ivitet\u00e4\u00e4n jatkuvasti uusia kes\u00e4ty\u00f6mahdollisuuksia. Nappaa unelmiesi kes\u00e4ty\u00f6paikka ja vinkkaa meist\u00e4 my\u00f6s kaverillesi! Katso Lauran avoimet kes\u00e4ty\u00f6paikat! Voit antaa my\u00f6s meid\u00e4n tehd\u00e4 ty\u00f6n puolestasi ja etsi\u00e4 juuri sinulle sopivat kes\u00e4ty\u00f6paikat. Tilaa juuri sinua kiinnostavat avoimet kes\u00e4ty\u00f6paikat suoraan s\u00e4hk\u00f6postiisi luomalla hakuvahti. Hakuvahdin tekeminen on helppoa. Saat tiedon heti, kun jokin sinua kiinnostava ty\u00f6mahdollisuus aukeaa. Milloin avoimet kes\u00e4ty\u00f6paikat &#8230; <\/p>\n<div><a href=\"https:\/\/laura.fi\/rekrytointi\/kesatyopaikat\/\" class=\"more-link\">Lue lis\u00e4\u00e4<\/a><\/div>\n","protected":false},"author":1,"featured_media":37869,"parent":0,"menu_order":0,"comment_status":"closed","ping_status":"closed","template":"","meta":{"footnotes":""},"class_list":["post-6508","page","type-page","status-publish","has-post-thumbnail","hentry"],"yoast_head":"<!-- This site is optimized with the Yoast SEO plugin v20.9 - https:\/\/yoast.com\/wordpress\/plugins\/seo\/ -->\n<title>Avoimet kes\u00e4ty\u00f6paikat ja vinkit ty\u00f6nhakuun - Kes\u00e4ty\u00f6nhakuopas<\/title>\n<meta name=\"description\" content=\"L\u00f6yd\u00e4 kaikki avoimet kes\u00e4ty\u00f6paikat Laurasta! Katso parhaat vinkit ja ohjeet kes\u00e4ty\u00f6nhakuun sek\u00e4 parhaat kes\u00e4ty\u00f6paikat l\u00e4hell\u00e4si.\" \/>\n<meta name=\"robots\" content=\"index, follow, max-snippet:-1, max-image-preview:large, max-video-preview:-1\" \/>\n<link rel=\"canonical\" href=\"https:\/\/laura.fi\/rekrytointi\/kesatyopaikat\/\" \/>\n<meta property=\"og:locale\" content=\"fi_FI\" \/>\n<meta property=\"og:type\" content=\"article\" \/>\n<meta property=\"og:title\" content=\"Kes\u00e4ty\u00f6nhakuopas: Avoimet kes\u00e4ty\u00f6paikat 2026 ja vinkit ty\u00f6nhakuun\" \/>\n<meta property=\"og:description\" content=\"L\u00f6yd\u00e4 avoimet kes\u00e4ty\u00f6paikat ymp\u00e4ri suomen! Katso parhaat vinkit kes\u00e4ty\u00f6nhakuun ja kes\u00e4n 2026 avoimet kes\u00e4ty\u00f6paikat.\" \/>\n<meta property=\"og:url\" content=\"https:\/\/laura.fi\/rekrytointi\/kesatyopaikat\/\" \/>\n<meta property=\"og:site_name\" content=\"Laura.fi\" \/>\n<meta property=\"article:publisher\" content=\"https:\/\/fi-fi.facebook.com\/pages\/Uranusfi\/125289617532043\" \/>\n<meta property=\"article:modified_time\" content=\"2025-11-28T08:45:20+00:00\" \/>\n<meta property=\"og:image\" content=\"https:\/\/laura.fi\/rekrytointi\/wp-content\/uploads\/2025\/11\/Avoimet-Kesatyopaikat-FI1200-x-628-px.png\" \/>\n\t<meta property=\"og:image:width\" content=\"1200\" \/>\n\t<meta property=\"og:image:height\" content=\"628\" \/>\n\t<meta property=\"og:image:type\" content=\"image\/png\" \/>\n<meta name=\"twitter:card\" content=\"summary_large_image\" \/>\n<meta name=\"twitter:title\" content=\"Kes\u00e4ty\u00f6nhakuopas: Avoimet kes\u00e4ty\u00f6paikat 2023 ja vinkit ty\u00f6nhakuun\" \/>\n<meta name=\"twitter:description\" content=\"Klikkaa ja l\u00f6yd\u00e4 avoimet kes\u00e4ty\u00f6paikat! Katso parhaat vinkit kes\u00e4ty\u00f6nhakuun ja kes\u00e4n 2023 avoimet kes\u00e4ty\u00f6paikat.\" \/>\n<meta name=\"twitter:site\" content=\"@UranusOy\" \/>\n<meta name=\"twitter:label1\" content=\"Est. reading time\" \/>\n\t<meta name=\"twitter:data1\" content=\"3 minuuttia\" \/>\n<script type=\"application\/ld+json\" class=\"yoast-schema-graph\">{\"@context\":\"https:\/\/schema.org\",\"@graph\":[{\"@type\":\"WebPage\",\"@id\":\"https:\/\/laura.fi\/rekrytointi\/kesatyopaikat\/\",\"url\":\"https:\/\/laura.fi\/rekrytointi\/kesatyopaikat\/\",\"name\":\"Avoimet kes\u00e4ty\u00f6paikat ja vinkit ty\u00f6nhakuun - Kes\u00e4ty\u00f6nhakuopas\",\"isPartOf\":{\"@id\":\"https:\/\/laura.fi\/rekrytointi\/#website\"},\"datePublished\":\"2016-12-05T06:18:23+00:00\",\"dateModified\":\"2025-11-28T08:45:20+00:00\",\"description\":\"L\u00f6yd\u00e4 kaikki avoimet kes\u00e4ty\u00f6paikat Laurasta! Katso parhaat vinkit ja ohjeet kes\u00e4ty\u00f6nhakuun sek\u00e4 parhaat kes\u00e4ty\u00f6paikat l\u00e4hell\u00e4si.\",\"breadcrumb\":{\"@id\":\"https:\/\/laura.fi\/rekrytointi\/kesatyopaikat\/#breadcrumb\"},\"inLanguage\":\"fi\",\"potentialAction\":[{\"@type\":\"ReadAction\",\"target\":[\"https:\/\/laura.fi\/rekrytointi\/kesatyopaikat\/\"]}]},{\"@type\":\"BreadcrumbList\",\"@id\":\"https:\/\/laura.fi\/rekrytointi\/kesatyopaikat\/#breadcrumb\",\"itemListElement\":[{\"@type\":\"ListItem\",\"position\":1,\"name\":\"Etusivu\",\"item\":\"laura.fi\"},{\"@type\":\"ListItem\",\"position\":2,\"name\":\"Avoimet kes\u00e4ty\u00f6paikat 2026 &#8211; N\u00e4in l\u00f6yd\u00e4t kes\u00e4ty\u00f6paikan\"}]},{\"@type\":\"WebSite\",\"@id\":\"https:\/\/laura.fi\/rekrytointi\/#website\",\"url\":\"https:\/\/laura.fi\/rekrytointi\/\",\"name\":\"Laura.fi\",\"description\":\"Hyvi\u00e4 t\u00f6it\u00e4 ja rekrytointeja n\u00e4kyviss\u00e4\",\"publisher\":{\"@id\":\"https:\/\/laura.fi\/rekrytointi\/#organization\"},\"potentialAction\":[{\"@type\":\"SearchAction\",\"target\":{\"@type\":\"EntryPoint\",\"urlTemplate\":\"https:\/\/laura.fi\/rekrytointi\/?s={search_term_string}\"},\"query-input\":\"required name=search_term_string\"}],\"inLanguage\":\"fi\"},{\"@type\":\"Organization\",\"@id\":\"https:\/\/laura.fi\/rekrytointi\/#organization\",\"name\":\"LAURA Rekrytointi Oy\",\"url\":\"https:\/\/laura.fi\/rekrytointi\/\",\"logo\":{\"@type\":\"ImageObject\",\"inLanguage\":\"fi\",\"@id\":\"https:\/\/laura.fi\/rekrytointi\/#\/schema\/logo\/image\/\",\"url\":\"https:\/\/laura.fi\/rekrytointi\/wp-content\/uploads\/2017\/11\/REKRYCOM.png\",\"contentUrl\":\"https:\/\/laura.fi\/rekrytointi\/wp-content\/uploads\/2017\/11\/REKRYCOM.png\",\"width\":426,\"height\":142,\"caption\":\"LAURA Rekrytointi Oy\"},\"image\":{\"@id\":\"https:\/\/laura.fi\/rekrytointi\/#\/schema\/logo\/image\/\"},\"sameAs\":[\"https:\/\/fi-fi.facebook.com\/pages\/Uranusfi\/125289617532043\",\"https:\/\/twitter.com\/UranusOy\"]}]}<\/script>\n<!-- \/ Yoast SEO plugin. -->","yoast_head_json":{"title":"Avoimet kes\u00e4ty\u00f6paikat ja vinkit ty\u00f6nhakuun - Kes\u00e4ty\u00f6nhakuopas","description":"L\u00f6yd\u00e4 kaikki avoimet kes\u00e4ty\u00f6paikat Laurasta! Katso parhaat vinkit ja ohjeet kes\u00e4ty\u00f6nhakuun sek\u00e4 parhaat kes\u00e4ty\u00f6paikat l\u00e4hell\u00e4si.","robots":{"index":"index","follow":"follow","max-snippet":"max-snippet:-1","max-image-preview":"max-image-preview:large","max-video-preview":"max-video-preview:-1"},"canonical":"https:\/\/laura.fi\/rekrytointi\/kesatyopaikat\/","og_locale":"fi_FI","og_type":"article","og_title":"Kes\u00e4ty\u00f6nhakuopas: Avoimet kes\u00e4ty\u00f6paikat 2026 ja vinkit ty\u00f6nhakuun","og_description":"L\u00f6yd\u00e4 avoimet kes\u00e4ty\u00f6paikat ymp\u00e4ri suomen! Katso parhaat vinkit kes\u00e4ty\u00f6nhakuun ja kes\u00e4n 2026 avoimet kes\u00e4ty\u00f6paikat.","og_url":"https:\/\/laura.fi\/rekrytointi\/kesatyopaikat\/","og_site_name":"Laura.fi","article_publisher":"https:\/\/fi-fi.facebook.com\/pages\/Uranusfi\/125289617532043","article_modified_time":"2025-11-28T08:45:20+00:00","og_image":[{"width":1200,"height":628,"url":"https:\/\/laura.fi\/rekrytointi\/wp-content\/uploads\/2025\/11\/Avoimet-Kesatyopaikat-FI1200-x-628-px.png","type":"image\/png"}],"twitter_card":"summary_large_image","twitter_title":"Kes\u00e4ty\u00f6nhakuopas: Avoimet kes\u00e4ty\u00f6paikat 2023 ja vinkit ty\u00f6nhakuun","twitter_description":"Klikkaa ja l\u00f6yd\u00e4 avoimet kes\u00e4ty\u00f6paikat! Katso parhaat vinkit kes\u00e4ty\u00f6nhakuun ja kes\u00e4n 2023 avoimet kes\u00e4ty\u00f6paikat.","twitter_site":"@UranusOy","twitter_misc":{"Est. reading time":"3 minuuttia"},"schema":{"@context":"https:\/\/schema.org","@graph":[{"@type":"WebPage","@id":"https:\/\/laura.fi\/rekrytointi\/kesatyopaikat\/","url":"https:\/\/laura.fi\/rekrytointi\/kesatyopaikat\/","name":"Avoimet kes\u00e4ty\u00f6paikat ja vinkit ty\u00f6nhakuun - Kes\u00e4ty\u00f6nhakuopas","isPartOf":{"@id":"https:\/\/laura.fi\/rekrytointi\/#website"},"datePublished":"2016-12-05T06:18:23+00:00","dateModified":"2025-11-28T08:45:20+00:00","description":"L\u00f6yd\u00e4 kaikki avoimet kes\u00e4ty\u00f6paikat Laurasta! Katso parhaat vinkit ja ohjeet kes\u00e4ty\u00f6nhakuun sek\u00e4 parhaat kes\u00e4ty\u00f6paikat l\u00e4hell\u00e4si.","breadcrumb":{"@id":"https:\/\/laura.fi\/rekrytointi\/kesatyopaikat\/#breadcrumb"},"inLanguage":"fi","potentialAction":[{"@type":"ReadAction","target":["https:\/\/laura.fi\/rekrytointi\/kesatyopaikat\/"]}]},{"@type":"BreadcrumbList","@id":"https:\/\/laura.fi\/rekrytointi\/kesatyopaikat\/#breadcrumb","itemListElement":[{"@type":"ListItem","position":1,"name":"Etusivu","item":"laura.fi"},{"@type":"ListItem","position":2,"name":"Avoimet kes\u00e4ty\u00f6paikat 2026 &#8211; N\u00e4in l\u00f6yd\u00e4t kes\u00e4ty\u00f6paikan"}]},{"@type":"WebSite","@id":"https:\/\/laura.fi\/rekrytointi\/#website","url":"https:\/\/laura.fi\/rekrytointi\/","name":"Laura.fi","description":"Hyvi\u00e4 t\u00f6it\u00e4 ja rekrytointeja n\u00e4kyviss\u00e4","publisher":{"@id":"https:\/\/laura.fi\/rekrytointi\/#organization"},"potentialAction":[{"@type":"SearchAction","target":{"@type":"EntryPoint","urlTemplate":"https:\/\/laura.fi\/rekrytointi\/?s={search_term_string}"},"query-input":"required name=search_term_string"}],"inLanguage":"fi"},{"@type":"Organization","@id":"https:\/\/laura.fi\/rekrytointi\/#organization","name":"LAURA Rekrytointi Oy","url":"https:\/\/laura.fi\/rekrytointi\/","logo":{"@type":"ImageObject","inLanguage":"fi","@id":"https:\/\/laura.fi\/rekrytointi\/#\/schema\/logo\/image\/","url":"https:\/\/laura.fi\/rekrytointi\/wp-content\/uploads\/2017\/11\/REKRYCOM.png","contentUrl":"https:\/\/laura.fi\/rekrytointi\/wp-content\/uploads\/2017\/11\/REKRYCOM.png","width":426,"height":142,"caption":"LAURA Rekrytointi Oy"},"image":{"@id":"https:\/\/laura.fi\/rekrytointi\/#\/schema\/logo\/image\/"},"sameAs":["https:\/\/fi-fi.facebook.com\/pages\/Uranusfi\/125289617532043","https:\/\/twitter.com\/UranusOy"]}]}},"_links":{"self":[{"href":"https:\/\/laura.fi\/rekrytointi\/wp-json\/wp\/v2\/pages\/6508","targetHints":{"allow":["GET"]}}],"collection":[{"href":"https:\/\/laura.fi\/rekrytointi\/wp-json\/wp\/v2\/pages"}],"about":[{"href":"https:\/\/laura.fi\/rekrytointi\/wp-json\/wp\/v2\/types\/page"}],"author":[{"embeddable":true,"href":"https:\/\/laura.fi\/rekrytointi\/wp-json\/wp\/v2\/users\/1"}],"replies":[{"embeddable":true,"href":"https:\/\/laura.fi\/rekrytointi\/wp-json\/wp\/v2\/comments?post=6508"}],"version-history":[{"count":118,"href":"https:\/\/laura.fi\/rekrytointi\/wp-json\/wp\/v2\/pages\/6508\/revisions"}],"predecessor-version":[{"id":42293,"href":"https:\/\/laura.fi\/rekrytointi\/wp-json\/wp\/v2\/pages\/6508\/revisions\/42293"}],"wp:featuredmedia":[{"embeddable":true,"href":"https:\/\/laura.fi\/rekrytointi\/wp-json\/wp\/v2\/media\/37869"}],"wp:attachment":[{"href":"https:\/\/laura.fi\/rekrytointi\/wp-json\/wp\/v2\/media?parent=6508"}],"curies":[{"name":"wp","href":"https:\/\/api.w.org\/{rel}","templated":true}]}}