{"id":42854,"date":"2026-05-07T10:31:22","date_gmt":"2026-05-07T07:31:22","guid":{"rendered":"https:\/\/laura.fi\/rekrytointi\/?page_id=42854"},"modified":"2026-05-07T10:33:38","modified_gmt":"2026-05-07T07:33:38","slug":"suorahaku","status":"publish","type":"page","link":"https:\/\/laura.fi\/rekrytointi\/ratkaisut\/henkilostopalvelut\/suorahaku\/","title":{"rendered":"Suorahaku"},"content":{"rendered":"<div id=\"cs-content\" class=\"cs-content\"><\/div>\n","protected":false},"excerpt":{"rendered":"<p>SUORAHAKURekrytointi maaliin varmemminKun sopivaa osaajaa ei l\u00f6ydy ja rekrytointi venyy, vaikutukset n\u00e4kyv\u00e4t nopeasti arjessa. Aika kuluu hakemusten l\u00e4pik\u00e4yntiin, tiimin kuormitus kasvaa ja liiketoiminnan kasvu hidastuu. Lauran suorahaku tuo rekrytointiin enemm\u00e4n varmuutta ja auttaa houkuttelemaan tavoittelemasi osaajat tehokkaasti ja hallitusti. Yhdist\u00e4mme kohdistetun osaajahaun, n\u00e4kyvyyden, viestinn\u00e4n ja hakijoiden huolellisen seulonnan ty\u00f6nantajakuvaasi unohtamatta. Saat kokeneiden rekrytointiasiantuntijoidemme tuen, jotka viev\u00e4t rekrytoinnin maaliin m\u00e4\u00e4r\u00e4tietoisesti, ja &#8230; <\/p>\n<div><a href=\"https:\/\/laura.fi\/rekrytointi\/ratkaisut\/henkilostopalvelut\/suorahaku\/\" class=\"more-link\">Lue lis\u00e4\u00e4<\/a><\/div>\n","protected":false},"author":25,"featured_media":0,"parent":42525,"menu_order":0,"comment_status":"closed","ping_status":"closed","template":"template-layout-full-width.php","meta":{"footnotes":""},"class_list":["post-42854","page","type-page","status-publish","hentry","no-post-thumbnail"],"yoast_head":"<!-- This site is optimized with the Yoast SEO plugin v20.9 - https:\/\/yoast.com\/wordpress\/plugins\/seo\/ -->\n<title>Suorahaku \u2013 Parhaat osaajat varmemmin<\/title>\n<meta name=\"description\" content=\"Lauran suorahaku tuo osaajat luoksesi helposti, kun tarvitset oikean osaajan etk\u00e4 vain lis\u00e4\u00e4 hakemuksia. Varaa esittely.\" \/>\n<meta name=\"robots\" content=\"index, follow, max-snippet:-1, max-image-preview:large, max-video-preview:-1\" \/>\n<link rel=\"canonical\" href=\"https:\/\/laura.fi\/rekrytointi\/ratkaisut\/henkilostopalvelut\/suorahaku\/\" \/>\n<meta property=\"og:locale\" content=\"fi_FI\" \/>\n<meta property=\"og:type\" content=\"article\" \/>\n<meta property=\"og:title\" content=\"Suorahaku \u2013 Parhaat osaajat varmemmin\" \/>\n<meta property=\"og:description\" content=\"Lauran suorahaku tuo osaajat luoksesi helposti, kun tarvitset oikean osaajan etk\u00e4 vain lis\u00e4\u00e4 hakemuksia. Varaa esittely.\" \/>\n<meta property=\"og:url\" content=\"https:\/\/laura.fi\/rekrytointi\/ratkaisut\/henkilostopalvelut\/suorahaku\/\" \/>\n<meta property=\"og:site_name\" content=\"Laura.fi\" \/>\n<meta property=\"article:publisher\" content=\"https:\/\/fi-fi.facebook.com\/pages\/Uranusfi\/125289617532043\" \/>\n<meta property=\"article:modified_time\" content=\"2026-05-07T07:33:38+00:00\" \/>\n<meta property=\"og:image\" content=\"https:\/\/laura.fi\/rekrytointi\/wp-content\/uploads\/2017\/10\/huomiokuva_omat-haut-1.png\" \/>\n\t<meta property=\"og:image:width\" content=\"400\" \/>\n\t<meta property=\"og:image:height\" content=\"400\" \/>\n\t<meta property=\"og:image:type\" content=\"image\/png\" \/>\n<meta name=\"twitter:card\" content=\"summary_large_image\" \/>\n<meta name=\"twitter:site\" content=\"@UranusOy\" \/>\n<script type=\"application\/ld+json\" class=\"yoast-schema-graph\">{\"@context\":\"https:\/\/schema.org\",\"@graph\":[{\"@type\":\"WebPage\",\"@id\":\"https:\/\/laura.fi\/rekrytointi\/ratkaisut\/henkilostopalvelut\/suorahaku\/\",\"url\":\"https:\/\/laura.fi\/rekrytointi\/ratkaisut\/henkilostopalvelut\/suorahaku\/\",\"name\":\"Suorahaku \u2013 Parhaat osaajat varmemmin\",\"isPartOf\":{\"@id\":\"https:\/\/laura.fi\/rekrytointi\/#website\"},\"datePublished\":\"2026-05-07T07:31:22+00:00\",\"dateModified\":\"2026-05-07T07:33:38+00:00\",\"description\":\"Lauran suorahaku tuo osaajat luoksesi helposti, kun tarvitset oikean osaajan etk\u00e4 vain lis\u00e4\u00e4 hakemuksia. Varaa esittely.\",\"breadcrumb\":{\"@id\":\"https:\/\/laura.fi\/rekrytointi\/ratkaisut\/henkilostopalvelut\/suorahaku\/#breadcrumb\"},\"inLanguage\":\"fi\",\"potentialAction\":[{\"@type\":\"ReadAction\",\"target\":[\"https:\/\/laura.fi\/rekrytointi\/ratkaisut\/henkilostopalvelut\/suorahaku\/\"]}]},{\"@type\":\"BreadcrumbList\",\"@id\":\"https:\/\/laura.fi\/rekrytointi\/ratkaisut\/henkilostopalvelut\/suorahaku\/#breadcrumb\",\"itemListElement\":[{\"@type\":\"ListItem\",\"position\":1,\"name\":\"Etusivu\",\"item\":\"laura.fi\"},{\"@type\":\"ListItem\",\"position\":2,\"name\":\"Ratkaisut\",\"item\":\"https:\/\/laura.fi\/rekrytointi\/ratkaisut\/\"},{\"@type\":\"ListItem\",\"position\":3,\"name\":\"Henkil\u00f6st\u00f6palvelut\",\"item\":\"https:\/\/laura.fi\/rekrytointi\/ratkaisut\/henkilostopalvelut\/\"},{\"@type\":\"ListItem\",\"position\":4,\"name\":\"Suorahaku\"}]},{\"@type\":\"WebSite\",\"@id\":\"https:\/\/laura.fi\/rekrytointi\/#website\",\"url\":\"https:\/\/laura.fi\/rekrytointi\/\",\"name\":\"Laura.fi\",\"description\":\"Hyvi\u00e4 t\u00f6it\u00e4 ja rekrytointeja n\u00e4kyviss\u00e4\",\"publisher\":{\"@id\":\"https:\/\/laura.fi\/rekrytointi\/#organization\"},\"potentialAction\":[{\"@type\":\"SearchAction\",\"target\":{\"@type\":\"EntryPoint\",\"urlTemplate\":\"https:\/\/laura.fi\/rekrytointi\/?s={search_term_string}\"},\"query-input\":\"required name=search_term_string\"}],\"inLanguage\":\"fi\"},{\"@type\":\"Organization\",\"@id\":\"https:\/\/laura.fi\/rekrytointi\/#organization\",\"name\":\"LAURA Rekrytointi Oy\",\"url\":\"https:\/\/laura.fi\/rekrytointi\/\",\"logo\":{\"@type\":\"ImageObject\",\"inLanguage\":\"fi\",\"@id\":\"https:\/\/laura.fi\/rekrytointi\/#\/schema\/logo\/image\/\",\"url\":\"https:\/\/laura.fi\/rekrytointi\/wp-content\/uploads\/2017\/11\/REKRYCOM.png\",\"contentUrl\":\"https:\/\/laura.fi\/rekrytointi\/wp-content\/uploads\/2017\/11\/REKRYCOM.png\",\"width\":426,\"height\":142,\"caption\":\"LAURA Rekrytointi Oy\"},\"image\":{\"@id\":\"https:\/\/laura.fi\/rekrytointi\/#\/schema\/logo\/image\/\"},\"sameAs\":[\"https:\/\/fi-fi.facebook.com\/pages\/Uranusfi\/125289617532043\",\"https:\/\/twitter.com\/UranusOy\"]}]}<\/script>\n<!-- \/ Yoast SEO plugin. -->","yoast_head_json":{"title":"Suorahaku \u2013 Parhaat osaajat varmemmin","description":"Lauran suorahaku tuo osaajat luoksesi helposti, kun tarvitset oikean osaajan etk\u00e4 vain lis\u00e4\u00e4 hakemuksia. Varaa esittely.","robots":{"index":"index","follow":"follow","max-snippet":"max-snippet:-1","max-image-preview":"max-image-preview:large","max-video-preview":"max-video-preview:-1"},"canonical":"https:\/\/laura.fi\/rekrytointi\/ratkaisut\/henkilostopalvelut\/suorahaku\/","og_locale":"fi_FI","og_type":"article","og_title":"Suorahaku \u2013 Parhaat osaajat varmemmin","og_description":"Lauran suorahaku tuo osaajat luoksesi helposti, kun tarvitset oikean osaajan etk\u00e4 vain lis\u00e4\u00e4 hakemuksia. Varaa esittely.","og_url":"https:\/\/laura.fi\/rekrytointi\/ratkaisut\/henkilostopalvelut\/suorahaku\/","og_site_name":"Laura.fi","article_publisher":"https:\/\/fi-fi.facebook.com\/pages\/Uranusfi\/125289617532043","article_modified_time":"2026-05-07T07:33:38+00:00","og_image":[{"width":400,"height":400,"url":"https:\/\/laura.fi\/rekrytointi\/wp-content\/uploads\/2017\/10\/huomiokuva_omat-haut-1.png","type":"image\/png"}],"twitter_card":"summary_large_image","twitter_site":"@UranusOy","schema":{"@context":"https:\/\/schema.org","@graph":[{"@type":"WebPage","@id":"https:\/\/laura.fi\/rekrytointi\/ratkaisut\/henkilostopalvelut\/suorahaku\/","url":"https:\/\/laura.fi\/rekrytointi\/ratkaisut\/henkilostopalvelut\/suorahaku\/","name":"Suorahaku \u2013 Parhaat osaajat varmemmin","isPartOf":{"@id":"https:\/\/laura.fi\/rekrytointi\/#website"},"datePublished":"2026-05-07T07:31:22+00:00","dateModified":"2026-05-07T07:33:38+00:00","description":"Lauran suorahaku tuo osaajat luoksesi helposti, kun tarvitset oikean osaajan etk\u00e4 vain lis\u00e4\u00e4 hakemuksia. Varaa esittely.","breadcrumb":{"@id":"https:\/\/laura.fi\/rekrytointi\/ratkaisut\/henkilostopalvelut\/suorahaku\/#breadcrumb"},"inLanguage":"fi","potentialAction":[{"@type":"ReadAction","target":["https:\/\/laura.fi\/rekrytointi\/ratkaisut\/henkilostopalvelut\/suorahaku\/"]}]},{"@type":"BreadcrumbList","@id":"https:\/\/laura.fi\/rekrytointi\/ratkaisut\/henkilostopalvelut\/suorahaku\/#breadcrumb","itemListElement":[{"@type":"ListItem","position":1,"name":"Etusivu","item":"laura.fi"},{"@type":"ListItem","position":2,"name":"Ratkaisut","item":"https:\/\/laura.fi\/rekrytointi\/ratkaisut\/"},{"@type":"ListItem","position":3,"name":"Henkil\u00f6st\u00f6palvelut","item":"https:\/\/laura.fi\/rekrytointi\/ratkaisut\/henkilostopalvelut\/"},{"@type":"ListItem","position":4,"name":"Suorahaku"}]},{"@type":"WebSite","@id":"https:\/\/laura.fi\/rekrytointi\/#website","url":"https:\/\/laura.fi\/rekrytointi\/","name":"Laura.fi","description":"Hyvi\u00e4 t\u00f6it\u00e4 ja rekrytointeja n\u00e4kyviss\u00e4","publisher":{"@id":"https:\/\/laura.fi\/rekrytointi\/#organization"},"potentialAction":[{"@type":"SearchAction","target":{"@type":"EntryPoint","urlTemplate":"https:\/\/laura.fi\/rekrytointi\/?s={search_term_string}"},"query-input":"required name=search_term_string"}],"inLanguage":"fi"},{"@type":"Organization","@id":"https:\/\/laura.fi\/rekrytointi\/#organization","name":"LAURA Rekrytointi Oy","url":"https:\/\/laura.fi\/rekrytointi\/","logo":{"@type":"ImageObject","inLanguage":"fi","@id":"https:\/\/laura.fi\/rekrytointi\/#\/schema\/logo\/image\/","url":"https:\/\/laura.fi\/rekrytointi\/wp-content\/uploads\/2017\/11\/REKRYCOM.png","contentUrl":"https:\/\/laura.fi\/rekrytointi\/wp-content\/uploads\/2017\/11\/REKRYCOM.png","width":426,"height":142,"caption":"LAURA Rekrytointi Oy"},"image":{"@id":"https:\/\/laura.fi\/rekrytointi\/#\/schema\/logo\/image\/"},"sameAs":["https:\/\/fi-fi.facebook.com\/pages\/Uranusfi\/125289617532043","https:\/\/twitter.com\/UranusOy"]}]}},"_links":{"self":[{"href":"https:\/\/laura.fi\/rekrytointi\/wp-json\/wp\/v2\/pages\/42854","targetHints":{"allow":["GET"]}}],"collection":[{"href":"https:\/\/laura.fi\/rekrytointi\/wp-json\/wp\/v2\/pages"}],"about":[{"href":"https:\/\/laura.fi\/rekrytointi\/wp-json\/wp\/v2\/types\/page"}],"author":[{"embeddable":true,"href":"https:\/\/laura.fi\/rekrytointi\/wp-json\/wp\/v2\/users\/25"}],"replies":[{"embeddable":true,"href":"https:\/\/laura.fi\/rekrytointi\/wp-json\/wp\/v2\/comments?post=42854"}],"version-history":[{"count":2,"href":"https:\/\/laura.fi\/rekrytointi\/wp-json\/wp\/v2\/pages\/42854\/revisions"}],"predecessor-version":[{"id":42861,"href":"https:\/\/laura.fi\/rekrytointi\/wp-json\/wp\/v2\/pages\/42854\/revisions\/42861"}],"up":[{"embeddable":true,"href":"https:\/\/laura.fi\/rekrytointi\/wp-json\/wp\/v2\/pages\/42525"}],"wp:attachment":[{"href":"https:\/\/laura.fi\/rekrytointi\/wp-json\/wp\/v2\/media?parent=42854"}],"curies":[{"name":"wp","href":"https:\/\/api.w.org\/{rel}","templated":true}]}}