{"id":42846,"date":"2026-05-07T10:28:45","date_gmt":"2026-05-07T07:28:45","guid":{"rendered":"https:\/\/laura.fi\/rekrytointi\/?page_id=42846"},"modified":"2026-05-07T10:29:28","modified_gmt":"2026-05-07T07:29:28","slug":"henkilostovuokraus","status":"publish","type":"page","link":"https:\/\/laura.fi\/rekrytointi\/ratkaisut\/henkilostopalvelut\/henkilostovuokraus\/","title":{"rendered":"Henkil\u00f6st\u00f6vuokraus"},"content":{"rendered":"<div id=\"cs-content\" class=\"cs-content\"><\/div>\n","protected":false},"excerpt":{"rendered":"<p>HENKIL\u00d6ST\u00d6VUOKRAUSTekij\u00e4t arkeenvaivattomastiKun ty\u00f6voiman tarve kasvaa yll\u00e4tt\u00e4en, tekij\u00e4 tarvitaan nopeasti tai osaajatarve on kausiluontoinen, ja haluat vapautua hallinnollisesta taakasta, ty\u00f6ntekij\u00e4n vuokraaminen on tehokkain ratkaisu. Lauran henkil\u00f6st\u00f6vuokraus tuo tilanteeseen joustavuutta ja varmistaa, ett\u00e4 saat tarvitsemasi tekij\u00e4t vaivatta. Huolehdimme puolestasi sopivien ty\u00f6ntekij\u00f6iden etsimisest\u00e4 ja ty\u00f6nantajavelvoitteista. Varmistamme motivoituneen ja sitoutuneen osaajan arkeen tehokkaasti, jotta voit keskitty\u00e4 liiketoimintasi kasvattamiseen.Miksi Lauran henkil\u00f6st\u00f6vuokraus kannattaaOikeat tekij\u00e4t nopeamminKun tarve &#8230; <\/p>\n<div><a href=\"https:\/\/laura.fi\/rekrytointi\/ratkaisut\/henkilostopalvelut\/henkilostovuokraus\/\" class=\"more-link\">Lue lis\u00e4\u00e4<\/a><\/div>\n","protected":false},"author":25,"featured_media":0,"parent":42525,"menu_order":0,"comment_status":"closed","ping_status":"closed","template":"template-layout-full-width.php","meta":{"footnotes":""},"class_list":["post-42846","page","type-page","status-publish","hentry","no-post-thumbnail"],"yoast_head":"<!-- This site is optimized with the Yoast SEO plugin v20.9 - https:\/\/yoast.com\/wordpress\/plugins\/seo\/ -->\n<title>Henkil\u00f6st\u00f6vuokraus \u2013 Parhaat osaajat joustavammin<\/title>\n<meta name=\"description\" content=\"Lauran henkil\u00f6st\u00f6vuokraus on joustava ja riskit\u00f6n tapa varmistaa, ett\u00e4 arkea py\u00f6ritt\u00e4\u00e4 juuri oikeat tekij\u00e4t oikeaan aikaan. Varaa esittely.\" \/>\n<meta name=\"robots\" content=\"index, follow, max-snippet:-1, max-image-preview:large, max-video-preview:-1\" \/>\n<link rel=\"canonical\" href=\"https:\/\/laura.fi\/rekrytointi\/ratkaisut\/henkilostopalvelut\/henkilostovuokraus\/\" \/>\n<meta property=\"og:locale\" content=\"fi_FI\" \/>\n<meta property=\"og:type\" content=\"article\" \/>\n<meta property=\"og:title\" content=\"Henkil\u00f6st\u00f6vuokraus \u2013 Parhaat osaajat joustavammin\" \/>\n<meta property=\"og:description\" content=\"Lauran henkil\u00f6st\u00f6vuokraus on joustava ja riskit\u00f6n tapa varmistaa, ett\u00e4 arkea py\u00f6ritt\u00e4\u00e4 juuri oikeat tekij\u00e4t oikeaan aikaan. Varaa esittely.\" \/>\n<meta property=\"og:url\" content=\"https:\/\/laura.fi\/rekrytointi\/ratkaisut\/henkilostopalvelut\/henkilostovuokraus\/\" \/>\n<meta property=\"og:site_name\" content=\"Laura.fi\" \/>\n<meta property=\"article:publisher\" content=\"https:\/\/fi-fi.facebook.com\/pages\/Uranusfi\/125289617532043\" \/>\n<meta property=\"article:modified_time\" content=\"2026-05-07T07:29:28+00:00\" \/>\n<meta property=\"og:image\" content=\"https:\/\/laura.fi\/rekrytointi\/wp-content\/uploads\/2017\/10\/huomiokuva_omat-haut-1.png\" \/>\n\t<meta property=\"og:image:width\" content=\"400\" \/>\n\t<meta property=\"og:image:height\" content=\"400\" \/>\n\t<meta property=\"og:image:type\" content=\"image\/png\" \/>\n<meta name=\"twitter:card\" content=\"summary_large_image\" \/>\n<meta name=\"twitter:site\" content=\"@UranusOy\" \/>\n<script type=\"application\/ld+json\" class=\"yoast-schema-graph\">{\"@context\":\"https:\/\/schema.org\",\"@graph\":[{\"@type\":\"WebPage\",\"@id\":\"https:\/\/laura.fi\/rekrytointi\/ratkaisut\/henkilostopalvelut\/henkilostovuokraus\/\",\"url\":\"https:\/\/laura.fi\/rekrytointi\/ratkaisut\/henkilostopalvelut\/henkilostovuokraus\/\",\"name\":\"Henkil\u00f6st\u00f6vuokraus \u2013 Parhaat osaajat joustavammin\",\"isPartOf\":{\"@id\":\"https:\/\/laura.fi\/rekrytointi\/#website\"},\"datePublished\":\"2026-05-07T07:28:45+00:00\",\"dateModified\":\"2026-05-07T07:29:28+00:00\",\"description\":\"Lauran henkil\u00f6st\u00f6vuokraus on joustava ja riskit\u00f6n tapa varmistaa, ett\u00e4 arkea py\u00f6ritt\u00e4\u00e4 juuri oikeat tekij\u00e4t oikeaan aikaan. Varaa esittely.\",\"breadcrumb\":{\"@id\":\"https:\/\/laura.fi\/rekrytointi\/ratkaisut\/henkilostopalvelut\/henkilostovuokraus\/#breadcrumb\"},\"inLanguage\":\"fi\",\"potentialAction\":[{\"@type\":\"ReadAction\",\"target\":[\"https:\/\/laura.fi\/rekrytointi\/ratkaisut\/henkilostopalvelut\/henkilostovuokraus\/\"]}]},{\"@type\":\"BreadcrumbList\",\"@id\":\"https:\/\/laura.fi\/rekrytointi\/ratkaisut\/henkilostopalvelut\/henkilostovuokraus\/#breadcrumb\",\"itemListElement\":[{\"@type\":\"ListItem\",\"position\":1,\"name\":\"Etusivu\",\"item\":\"laura.fi\"},{\"@type\":\"ListItem\",\"position\":2,\"name\":\"Ratkaisut\",\"item\":\"https:\/\/laura.fi\/rekrytointi\/ratkaisut\/\"},{\"@type\":\"ListItem\",\"position\":3,\"name\":\"Henkil\u00f6st\u00f6palvelut\",\"item\":\"https:\/\/laura.fi\/rekrytointi\/ratkaisut\/henkilostopalvelut\/\"},{\"@type\":\"ListItem\",\"position\":4,\"name\":\"Henkil\u00f6st\u00f6vuokraus\"}]},{\"@type\":\"WebSite\",\"@id\":\"https:\/\/laura.fi\/rekrytointi\/#website\",\"url\":\"https:\/\/laura.fi\/rekrytointi\/\",\"name\":\"Laura.fi\",\"description\":\"Hyvi\u00e4 t\u00f6it\u00e4 ja rekrytointeja n\u00e4kyviss\u00e4\",\"publisher\":{\"@id\":\"https:\/\/laura.fi\/rekrytointi\/#organization\"},\"potentialAction\":[{\"@type\":\"SearchAction\",\"target\":{\"@type\":\"EntryPoint\",\"urlTemplate\":\"https:\/\/laura.fi\/rekrytointi\/?s={search_term_string}\"},\"query-input\":\"required name=search_term_string\"}],\"inLanguage\":\"fi\"},{\"@type\":\"Organization\",\"@id\":\"https:\/\/laura.fi\/rekrytointi\/#organization\",\"name\":\"LAURA Rekrytointi Oy\",\"url\":\"https:\/\/laura.fi\/rekrytointi\/\",\"logo\":{\"@type\":\"ImageObject\",\"inLanguage\":\"fi\",\"@id\":\"https:\/\/laura.fi\/rekrytointi\/#\/schema\/logo\/image\/\",\"url\":\"https:\/\/laura.fi\/rekrytointi\/wp-content\/uploads\/2017\/11\/REKRYCOM.png\",\"contentUrl\":\"https:\/\/laura.fi\/rekrytointi\/wp-content\/uploads\/2017\/11\/REKRYCOM.png\",\"width\":426,\"height\":142,\"caption\":\"LAURA Rekrytointi Oy\"},\"image\":{\"@id\":\"https:\/\/laura.fi\/rekrytointi\/#\/schema\/logo\/image\/\"},\"sameAs\":[\"https:\/\/fi-fi.facebook.com\/pages\/Uranusfi\/125289617532043\",\"https:\/\/twitter.com\/UranusOy\"]}]}<\/script>\n<!-- \/ Yoast SEO plugin. -->","yoast_head_json":{"title":"Henkil\u00f6st\u00f6vuokraus \u2013 Parhaat osaajat joustavammin","description":"Lauran henkil\u00f6st\u00f6vuokraus on joustava ja riskit\u00f6n tapa varmistaa, ett\u00e4 arkea py\u00f6ritt\u00e4\u00e4 juuri oikeat tekij\u00e4t oikeaan aikaan. Varaa esittely.","robots":{"index":"index","follow":"follow","max-snippet":"max-snippet:-1","max-image-preview":"max-image-preview:large","max-video-preview":"max-video-preview:-1"},"canonical":"https:\/\/laura.fi\/rekrytointi\/ratkaisut\/henkilostopalvelut\/henkilostovuokraus\/","og_locale":"fi_FI","og_type":"article","og_title":"Henkil\u00f6st\u00f6vuokraus \u2013 Parhaat osaajat joustavammin","og_description":"Lauran henkil\u00f6st\u00f6vuokraus on joustava ja riskit\u00f6n tapa varmistaa, ett\u00e4 arkea py\u00f6ritt\u00e4\u00e4 juuri oikeat tekij\u00e4t oikeaan aikaan. Varaa esittely.","og_url":"https:\/\/laura.fi\/rekrytointi\/ratkaisut\/henkilostopalvelut\/henkilostovuokraus\/","og_site_name":"Laura.fi","article_publisher":"https:\/\/fi-fi.facebook.com\/pages\/Uranusfi\/125289617532043","article_modified_time":"2026-05-07T07:29:28+00:00","og_image":[{"width":400,"height":400,"url":"https:\/\/laura.fi\/rekrytointi\/wp-content\/uploads\/2017\/10\/huomiokuva_omat-haut-1.png","type":"image\/png"}],"twitter_card":"summary_large_image","twitter_site":"@UranusOy","schema":{"@context":"https:\/\/schema.org","@graph":[{"@type":"WebPage","@id":"https:\/\/laura.fi\/rekrytointi\/ratkaisut\/henkilostopalvelut\/henkilostovuokraus\/","url":"https:\/\/laura.fi\/rekrytointi\/ratkaisut\/henkilostopalvelut\/henkilostovuokraus\/","name":"Henkil\u00f6st\u00f6vuokraus \u2013 Parhaat osaajat joustavammin","isPartOf":{"@id":"https:\/\/laura.fi\/rekrytointi\/#website"},"datePublished":"2026-05-07T07:28:45+00:00","dateModified":"2026-05-07T07:29:28+00:00","description":"Lauran henkil\u00f6st\u00f6vuokraus on joustava ja riskit\u00f6n tapa varmistaa, ett\u00e4 arkea py\u00f6ritt\u00e4\u00e4 juuri oikeat tekij\u00e4t oikeaan aikaan. Varaa esittely.","breadcrumb":{"@id":"https:\/\/laura.fi\/rekrytointi\/ratkaisut\/henkilostopalvelut\/henkilostovuokraus\/#breadcrumb"},"inLanguage":"fi","potentialAction":[{"@type":"ReadAction","target":["https:\/\/laura.fi\/rekrytointi\/ratkaisut\/henkilostopalvelut\/henkilostovuokraus\/"]}]},{"@type":"BreadcrumbList","@id":"https:\/\/laura.fi\/rekrytointi\/ratkaisut\/henkilostopalvelut\/henkilostovuokraus\/#breadcrumb","itemListElement":[{"@type":"ListItem","position":1,"name":"Etusivu","item":"laura.fi"},{"@type":"ListItem","position":2,"name":"Ratkaisut","item":"https:\/\/laura.fi\/rekrytointi\/ratkaisut\/"},{"@type":"ListItem","position":3,"name":"Henkil\u00f6st\u00f6palvelut","item":"https:\/\/laura.fi\/rekrytointi\/ratkaisut\/henkilostopalvelut\/"},{"@type":"ListItem","position":4,"name":"Henkil\u00f6st\u00f6vuokraus"}]},{"@type":"WebSite","@id":"https:\/\/laura.fi\/rekrytointi\/#website","url":"https:\/\/laura.fi\/rekrytointi\/","name":"Laura.fi","description":"Hyvi\u00e4 t\u00f6it\u00e4 ja rekrytointeja n\u00e4kyviss\u00e4","publisher":{"@id":"https:\/\/laura.fi\/rekrytointi\/#organization"},"potentialAction":[{"@type":"SearchAction","target":{"@type":"EntryPoint","urlTemplate":"https:\/\/laura.fi\/rekrytointi\/?s={search_term_string}"},"query-input":"required name=search_term_string"}],"inLanguage":"fi"},{"@type":"Organization","@id":"https:\/\/laura.fi\/rekrytointi\/#organization","name":"LAURA Rekrytointi Oy","url":"https:\/\/laura.fi\/rekrytointi\/","logo":{"@type":"ImageObject","inLanguage":"fi","@id":"https:\/\/laura.fi\/rekrytointi\/#\/schema\/logo\/image\/","url":"https:\/\/laura.fi\/rekrytointi\/wp-content\/uploads\/2017\/11\/REKRYCOM.png","contentUrl":"https:\/\/laura.fi\/rekrytointi\/wp-content\/uploads\/2017\/11\/REKRYCOM.png","width":426,"height":142,"caption":"LAURA Rekrytointi Oy"},"image":{"@id":"https:\/\/laura.fi\/rekrytointi\/#\/schema\/logo\/image\/"},"sameAs":["https:\/\/fi-fi.facebook.com\/pages\/Uranusfi\/125289617532043","https:\/\/twitter.com\/UranusOy"]}]}},"_links":{"self":[{"href":"https:\/\/laura.fi\/rekrytointi\/wp-json\/wp\/v2\/pages\/42846","targetHints":{"allow":["GET"]}}],"collection":[{"href":"https:\/\/laura.fi\/rekrytointi\/wp-json\/wp\/v2\/pages"}],"about":[{"href":"https:\/\/laura.fi\/rekrytointi\/wp-json\/wp\/v2\/types\/page"}],"author":[{"embeddable":true,"href":"https:\/\/laura.fi\/rekrytointi\/wp-json\/wp\/v2\/users\/25"}],"replies":[{"embeddable":true,"href":"https:\/\/laura.fi\/rekrytointi\/wp-json\/wp\/v2\/comments?post=42846"}],"version-history":[{"count":2,"href":"https:\/\/laura.fi\/rekrytointi\/wp-json\/wp\/v2\/pages\/42846\/revisions"}],"predecessor-version":[{"id":42853,"href":"https:\/\/laura.fi\/rekrytointi\/wp-json\/wp\/v2\/pages\/42846\/revisions\/42853"}],"up":[{"embeddable":true,"href":"https:\/\/laura.fi\/rekrytointi\/wp-json\/wp\/v2\/pages\/42525"}],"wp:attachment":[{"href":"https:\/\/laura.fi\/rekrytointi\/wp-json\/wp\/v2\/media?parent=42846"}],"curies":[{"name":"wp","href":"https:\/\/api.w.org\/{rel}","templated":true}]}}