{"id":42679,"date":"2026-04-13T08:27:26","date_gmt":"2026-04-13T05:27:26","guid":{"rendered":"https:\/\/laura.fi\/rekrytointi\/?page_id=42679"},"modified":"2026-04-13T13:24:14","modified_gmt":"2026-04-13T10:24:14","slug":"teollisuus","status":"publish","type":"page","link":"https:\/\/laura.fi\/rekrytointi\/ratkaisut\/teollisuus\/","title":{"rendered":"Teollisuuden rekrytointiratkaisut"},"content":{"rendered":"<div id=\"cs-content\" class=\"cs-content\"><\/div>\n","protected":false},"excerpt":{"rendered":"<p>TEOLLISUUDEN REKRYTOINTIKokonaisratkaisu teollisuuden rekrytoinnin tarpeisiinKuvittele hetki valmistavan teollisuuden sykett\u00e4. Merkitt\u00e4v\u00e4 tilaus tulee sis\u00e4\u00e4n. Sesonki iskee, ja kokenut ty\u00f6ntekij\u00e4 siirtyy pian viett\u00e4m\u00e4\u00e4n hyvin ansaittuja el\u00e4kep\u00e4ivi\u00e4\u00e4n. Yht\u00e4kki\u00e4 huomaat tarvitsevasi tekij\u00f6it\u00e4, mutta valmiita osaajia on haastava l\u00f6yt\u00e4\u00e4 ja oma ydinosaamisesi on tuotannon sujuvuuden varmistamisessa. Unohda perinteiset ja hajanaiset rekrytointiratkaisut. Lauran rekrytoinnin kokonaispalvelu on juuri teollisuuden pk-yritysten tarpeisiin rakennettu tapa rekrytoida sujuvammin ilman, ett\u00e4 &#8230; <\/p>\n<div><a href=\"https:\/\/laura.fi\/rekrytointi\/ratkaisut\/teollisuus\/\" class=\"more-link\">Lue lis\u00e4\u00e4<\/a><\/div>\n","protected":false},"author":25,"featured_media":0,"parent":34649,"menu_order":0,"comment_status":"closed","ping_status":"closed","template":"template-layout-full-width.php","meta":{"footnotes":""},"class_list":["post-42679","page","type-page","status-publish","hentry","no-post-thumbnail"],"yoast_head":"<!-- This site is optimized with the Yoast SEO plugin v20.9 - https:\/\/yoast.com\/wordpress\/plugins\/seo\/ -->\n<title>Teollisuuden rekrytointi pk-yrityksille | Rekrytoinnin kokonaispalvelu<\/title>\n<meta name=\"description\" content=\"Teollisuuden rekrytointi ilman ett\u00e4 tuotanto pys\u00e4htyy. Yksi kumppani, yksi malli: rekrytointi, vuokraus, suorahaku ja rekrytointij\u00e4rjestelm\u00e4. Varaa esittely.\" \/>\n<meta name=\"robots\" content=\"index, follow, max-snippet:-1, max-image-preview:large, max-video-preview:-1\" \/>\n<link rel=\"canonical\" href=\"https:\/\/laura.fi\/rekrytointi\/ratkaisut\/teollisuus\/\" \/>\n<meta property=\"og:locale\" content=\"fi_FI\" \/>\n<meta property=\"og:type\" content=\"article\" \/>\n<meta property=\"og:title\" content=\"Teollisuuden rekrytointi pk-yrityksille | Rekrytoinnin kokonaispalvelu\" \/>\n<meta property=\"og:description\" content=\"Teollisuuden rekrytointi ilman ett\u00e4 tuotanto pys\u00e4htyy. Yksi kumppani, yksi malli: rekrytointi, vuokraus, suorahaku ja rekrytointij\u00e4rjestelm\u00e4. Varaa esittely.\" \/>\n<meta property=\"og:url\" content=\"https:\/\/laura.fi\/rekrytointi\/ratkaisut\/teollisuus\/\" \/>\n<meta property=\"og:site_name\" content=\"Laura.fi\" \/>\n<meta property=\"article:publisher\" content=\"https:\/\/fi-fi.facebook.com\/pages\/Uranusfi\/125289617532043\" \/>\n<meta property=\"article:modified_time\" content=\"2026-04-13T10:24:14+00:00\" \/>\n<meta property=\"og:image\" content=\"https:\/\/laura.fi\/rekrytointi\/wp-content\/uploads\/2017\/10\/huomiokuva_omat-haut-1.png\" \/>\n\t<meta property=\"og:image:width\" content=\"400\" \/>\n\t<meta property=\"og:image:height\" content=\"400\" \/>\n\t<meta property=\"og:image:type\" content=\"image\/png\" \/>\n<meta name=\"twitter:card\" content=\"summary_large_image\" \/>\n<meta name=\"twitter:site\" content=\"@UranusOy\" \/>\n<script type=\"application\/ld+json\" class=\"yoast-schema-graph\">{\"@context\":\"https:\/\/schema.org\",\"@graph\":[{\"@type\":\"WebPage\",\"@id\":\"https:\/\/laura.fi\/rekrytointi\/ratkaisut\/teollisuus\/\",\"url\":\"https:\/\/laura.fi\/rekrytointi\/ratkaisut\/teollisuus\/\",\"name\":\"Teollisuuden rekrytointi pk-yrityksille | Rekrytoinnin kokonaispalvelu\",\"isPartOf\":{\"@id\":\"https:\/\/laura.fi\/rekrytointi\/#website\"},\"datePublished\":\"2026-04-13T05:27:26+00:00\",\"dateModified\":\"2026-04-13T10:24:14+00:00\",\"description\":\"Teollisuuden rekrytointi ilman ett\u00e4 tuotanto pys\u00e4htyy. Yksi kumppani, yksi malli: rekrytointi, vuokraus, suorahaku ja rekrytointij\u00e4rjestelm\u00e4. Varaa esittely.\",\"breadcrumb\":{\"@id\":\"https:\/\/laura.fi\/rekrytointi\/ratkaisut\/teollisuus\/#breadcrumb\"},\"inLanguage\":\"fi\",\"potentialAction\":[{\"@type\":\"ReadAction\",\"target\":[\"https:\/\/laura.fi\/rekrytointi\/ratkaisut\/teollisuus\/\"]}]},{\"@type\":\"BreadcrumbList\",\"@id\":\"https:\/\/laura.fi\/rekrytointi\/ratkaisut\/teollisuus\/#breadcrumb\",\"itemListElement\":[{\"@type\":\"ListItem\",\"position\":1,\"name\":\"Etusivu\",\"item\":\"laura.fi\"},{\"@type\":\"ListItem\",\"position\":2,\"name\":\"Ratkaisut\",\"item\":\"https:\/\/laura.fi\/rekrytointi\/ratkaisut\/\"},{\"@type\":\"ListItem\",\"position\":3,\"name\":\"Teollisuuden rekrytointiratkaisut\"}]},{\"@type\":\"WebSite\",\"@id\":\"https:\/\/laura.fi\/rekrytointi\/#website\",\"url\":\"https:\/\/laura.fi\/rekrytointi\/\",\"name\":\"Laura.fi\",\"description\":\"Hyvi\u00e4 t\u00f6it\u00e4 ja rekrytointeja n\u00e4kyviss\u00e4\",\"publisher\":{\"@id\":\"https:\/\/laura.fi\/rekrytointi\/#organization\"},\"potentialAction\":[{\"@type\":\"SearchAction\",\"target\":{\"@type\":\"EntryPoint\",\"urlTemplate\":\"https:\/\/laura.fi\/rekrytointi\/?s={search_term_string}\"},\"query-input\":\"required name=search_term_string\"}],\"inLanguage\":\"fi\"},{\"@type\":\"Organization\",\"@id\":\"https:\/\/laura.fi\/rekrytointi\/#organization\",\"name\":\"LAURA Rekrytointi Oy\",\"url\":\"https:\/\/laura.fi\/rekrytointi\/\",\"logo\":{\"@type\":\"ImageObject\",\"inLanguage\":\"fi\",\"@id\":\"https:\/\/laura.fi\/rekrytointi\/#\/schema\/logo\/image\/\",\"url\":\"https:\/\/laura.fi\/rekrytointi\/wp-content\/uploads\/2017\/11\/REKRYCOM.png\",\"contentUrl\":\"https:\/\/laura.fi\/rekrytointi\/wp-content\/uploads\/2017\/11\/REKRYCOM.png\",\"width\":426,\"height\":142,\"caption\":\"LAURA Rekrytointi Oy\"},\"image\":{\"@id\":\"https:\/\/laura.fi\/rekrytointi\/#\/schema\/logo\/image\/\"},\"sameAs\":[\"https:\/\/fi-fi.facebook.com\/pages\/Uranusfi\/125289617532043\",\"https:\/\/twitter.com\/UranusOy\"]}]}<\/script>\n<!-- \/ Yoast SEO plugin. -->","yoast_head_json":{"title":"Teollisuuden rekrytointi pk-yrityksille | Rekrytoinnin kokonaispalvelu","description":"Teollisuuden rekrytointi ilman ett\u00e4 tuotanto pys\u00e4htyy. Yksi kumppani, yksi malli: rekrytointi, vuokraus, suorahaku ja rekrytointij\u00e4rjestelm\u00e4. Varaa esittely.","robots":{"index":"index","follow":"follow","max-snippet":"max-snippet:-1","max-image-preview":"max-image-preview:large","max-video-preview":"max-video-preview:-1"},"canonical":"https:\/\/laura.fi\/rekrytointi\/ratkaisut\/teollisuus\/","og_locale":"fi_FI","og_type":"article","og_title":"Teollisuuden rekrytointi pk-yrityksille | Rekrytoinnin kokonaispalvelu","og_description":"Teollisuuden rekrytointi ilman ett\u00e4 tuotanto pys\u00e4htyy. Yksi kumppani, yksi malli: rekrytointi, vuokraus, suorahaku ja rekrytointij\u00e4rjestelm\u00e4. Varaa esittely.","og_url":"https:\/\/laura.fi\/rekrytointi\/ratkaisut\/teollisuus\/","og_site_name":"Laura.fi","article_publisher":"https:\/\/fi-fi.facebook.com\/pages\/Uranusfi\/125289617532043","article_modified_time":"2026-04-13T10:24:14+00:00","og_image":[{"width":400,"height":400,"url":"https:\/\/laura.fi\/rekrytointi\/wp-content\/uploads\/2017\/10\/huomiokuva_omat-haut-1.png","type":"image\/png"}],"twitter_card":"summary_large_image","twitter_site":"@UranusOy","schema":{"@context":"https:\/\/schema.org","@graph":[{"@type":"WebPage","@id":"https:\/\/laura.fi\/rekrytointi\/ratkaisut\/teollisuus\/","url":"https:\/\/laura.fi\/rekrytointi\/ratkaisut\/teollisuus\/","name":"Teollisuuden rekrytointi pk-yrityksille | Rekrytoinnin kokonaispalvelu","isPartOf":{"@id":"https:\/\/laura.fi\/rekrytointi\/#website"},"datePublished":"2026-04-13T05:27:26+00:00","dateModified":"2026-04-13T10:24:14+00:00","description":"Teollisuuden rekrytointi ilman ett\u00e4 tuotanto pys\u00e4htyy. Yksi kumppani, yksi malli: rekrytointi, vuokraus, suorahaku ja rekrytointij\u00e4rjestelm\u00e4. Varaa esittely.","breadcrumb":{"@id":"https:\/\/laura.fi\/rekrytointi\/ratkaisut\/teollisuus\/#breadcrumb"},"inLanguage":"fi","potentialAction":[{"@type":"ReadAction","target":["https:\/\/laura.fi\/rekrytointi\/ratkaisut\/teollisuus\/"]}]},{"@type":"BreadcrumbList","@id":"https:\/\/laura.fi\/rekrytointi\/ratkaisut\/teollisuus\/#breadcrumb","itemListElement":[{"@type":"ListItem","position":1,"name":"Etusivu","item":"laura.fi"},{"@type":"ListItem","position":2,"name":"Ratkaisut","item":"https:\/\/laura.fi\/rekrytointi\/ratkaisut\/"},{"@type":"ListItem","position":3,"name":"Teollisuuden rekrytointiratkaisut"}]},{"@type":"WebSite","@id":"https:\/\/laura.fi\/rekrytointi\/#website","url":"https:\/\/laura.fi\/rekrytointi\/","name":"Laura.fi","description":"Hyvi\u00e4 t\u00f6it\u00e4 ja rekrytointeja n\u00e4kyviss\u00e4","publisher":{"@id":"https:\/\/laura.fi\/rekrytointi\/#organization"},"potentialAction":[{"@type":"SearchAction","target":{"@type":"EntryPoint","urlTemplate":"https:\/\/laura.fi\/rekrytointi\/?s={search_term_string}"},"query-input":"required name=search_term_string"}],"inLanguage":"fi"},{"@type":"Organization","@id":"https:\/\/laura.fi\/rekrytointi\/#organization","name":"LAURA Rekrytointi Oy","url":"https:\/\/laura.fi\/rekrytointi\/","logo":{"@type":"ImageObject","inLanguage":"fi","@id":"https:\/\/laura.fi\/rekrytointi\/#\/schema\/logo\/image\/","url":"https:\/\/laura.fi\/rekrytointi\/wp-content\/uploads\/2017\/11\/REKRYCOM.png","contentUrl":"https:\/\/laura.fi\/rekrytointi\/wp-content\/uploads\/2017\/11\/REKRYCOM.png","width":426,"height":142,"caption":"LAURA Rekrytointi Oy"},"image":{"@id":"https:\/\/laura.fi\/rekrytointi\/#\/schema\/logo\/image\/"},"sameAs":["https:\/\/fi-fi.facebook.com\/pages\/Uranusfi\/125289617532043","https:\/\/twitter.com\/UranusOy"]}]}},"_links":{"self":[{"href":"https:\/\/laura.fi\/rekrytointi\/wp-json\/wp\/v2\/pages\/42679","targetHints":{"allow":["GET"]}}],"collection":[{"href":"https:\/\/laura.fi\/rekrytointi\/wp-json\/wp\/v2\/pages"}],"about":[{"href":"https:\/\/laura.fi\/rekrytointi\/wp-json\/wp\/v2\/types\/page"}],"author":[{"embeddable":true,"href":"https:\/\/laura.fi\/rekrytointi\/wp-json\/wp\/v2\/users\/25"}],"replies":[{"embeddable":true,"href":"https:\/\/laura.fi\/rekrytointi\/wp-json\/wp\/v2\/comments?post=42679"}],"version-history":[{"count":5,"href":"https:\/\/laura.fi\/rekrytointi\/wp-json\/wp\/v2\/pages\/42679\/revisions"}],"predecessor-version":[{"id":42696,"href":"https:\/\/laura.fi\/rekrytointi\/wp-json\/wp\/v2\/pages\/42679\/revisions\/42696"}],"up":[{"embeddable":true,"href":"https:\/\/laura.fi\/rekrytointi\/wp-json\/wp\/v2\/pages\/34649"}],"wp:attachment":[{"href":"https:\/\/laura.fi\/rekrytointi\/wp-json\/wp\/v2\/media?parent=42679"}],"curies":[{"name":"wp","href":"https:\/\/api.w.org\/{rel}","templated":true}]}}