{"id":42525,"date":"2026-02-20T15:04:15","date_gmt":"2026-02-20T13:04:15","guid":{"rendered":"https:\/\/laura.fi\/rekrytointi\/?page_id=42525"},"modified":"2026-03-12T15:28:15","modified_gmt":"2026-03-12T13:28:15","slug":"henkilostopalvelut","status":"publish","type":"page","link":"https:\/\/laura.fi\/rekrytointi\/ratkaisut\/henkilostopalvelut\/","title":{"rendered":"Henkil\u00f6st\u00f6palvelut"},"content":{"rendered":"<div id=\"cs-content\" class=\"cs-content\"><\/div>\n","protected":false},"excerpt":{"rendered":"<p>HENKIL\u00d6ST\u00d6PALVELUTRekrytointia, joka ei pys\u00e4yt\u00e4 kasvuaKuvittele tilanne, kun uusi tekij\u00e4 l\u00f6ytyy tiimiin vaivattomasti ilman, ett\u00e4 oma kalenteri venyy eik\u00e4 sopivia hakijoita tarvitse seuloa muun ty\u00f6n ohessa? Rekrytointi etenee selke\u00e4sti, ja uusi ty\u00f6ntekij\u00e4 on kiinni arjessa ennen kuin ehdit huomaamaan. Oli kyse sitten nopeasta tarpeesta, vaihtelevasta sesongista tai haastavamman roolin t\u00e4ytt\u00e4misest\u00e4, Lauran henkil\u00f6st\u00f6palvelut mahdollistavat sujuvan reitin osaajahankintaan eri toimialoille: henkil\u00f6st\u00f6vuokraus tuo osaavat &#8230; <\/p>\n<div><a href=\"https:\/\/laura.fi\/rekrytointi\/ratkaisut\/henkilostopalvelut\/\" class=\"more-link\">Lue lis\u00e4\u00e4<\/a><\/div>\n","protected":false},"author":25,"featured_media":0,"parent":34649,"menu_order":0,"comment_status":"closed","ping_status":"closed","template":"template-layout-full-width.php","meta":{"footnotes":""},"class_list":["post-42525","page","type-page","status-publish","hentry","no-post-thumbnail"],"yoast_head":"<!-- This site is optimized with the Yoast SEO plugin v20.9 - https:\/\/yoast.com\/wordpress\/plugins\/seo\/ -->\n<title>Henkil\u00f6st\u00f6palvelut - Laura.fi<\/title>\n<meta name=\"robots\" content=\"index, follow, max-snippet:-1, max-image-preview:large, max-video-preview:-1\" \/>\n<link rel=\"canonical\" href=\"https:\/\/laura.fi\/rekrytointi\/ratkaisut\/henkilostopalvelut\/\" \/>\n<meta property=\"og:locale\" content=\"fi_FI\" \/>\n<meta property=\"og:type\" content=\"article\" \/>\n<meta property=\"og:title\" content=\"Henkil\u00f6st\u00f6palvelut - Laura.fi\" \/>\n<meta property=\"og:url\" content=\"https:\/\/laura.fi\/rekrytointi\/ratkaisut\/henkilostopalvelut\/\" \/>\n<meta property=\"og:site_name\" content=\"Laura.fi\" \/>\n<meta property=\"article:publisher\" content=\"https:\/\/fi-fi.facebook.com\/pages\/Uranusfi\/125289617532043\" \/>\n<meta property=\"article:modified_time\" content=\"2026-03-12T13:28:15+00:00\" \/>\n<meta property=\"og:image\" content=\"https:\/\/laura.fi\/rekrytointi\/wp-content\/uploads\/2017\/10\/huomiokuva_omat-haut-1.png\" \/>\n\t<meta property=\"og:image:width\" content=\"400\" \/>\n\t<meta property=\"og:image:height\" content=\"400\" \/>\n\t<meta property=\"og:image:type\" content=\"image\/png\" \/>\n<meta name=\"twitter:card\" content=\"summary_large_image\" \/>\n<meta name=\"twitter:site\" content=\"@UranusOy\" \/>\n<script type=\"application\/ld+json\" class=\"yoast-schema-graph\">{\"@context\":\"https:\/\/schema.org\",\"@graph\":[{\"@type\":\"WebPage\",\"@id\":\"https:\/\/laura.fi\/rekrytointi\/ratkaisut\/henkilostopalvelut\/\",\"url\":\"https:\/\/laura.fi\/rekrytointi\/ratkaisut\/henkilostopalvelut\/\",\"name\":\"Henkil\u00f6st\u00f6palvelut - Laura.fi\",\"isPartOf\":{\"@id\":\"https:\/\/laura.fi\/rekrytointi\/#website\"},\"datePublished\":\"2026-02-20T13:04:15+00:00\",\"dateModified\":\"2026-03-12T13:28:15+00:00\",\"breadcrumb\":{\"@id\":\"https:\/\/laura.fi\/rekrytointi\/ratkaisut\/henkilostopalvelut\/#breadcrumb\"},\"inLanguage\":\"fi\",\"potentialAction\":[{\"@type\":\"ReadAction\",\"target\":[\"https:\/\/laura.fi\/rekrytointi\/ratkaisut\/henkilostopalvelut\/\"]}]},{\"@type\":\"BreadcrumbList\",\"@id\":\"https:\/\/laura.fi\/rekrytointi\/ratkaisut\/henkilostopalvelut\/#breadcrumb\",\"itemListElement\":[{\"@type\":\"ListItem\",\"position\":1,\"name\":\"Etusivu\",\"item\":\"laura.fi\"},{\"@type\":\"ListItem\",\"position\":2,\"name\":\"Ratkaisut\",\"item\":\"https:\/\/laura.fi\/rekrytointi\/ratkaisut\/\"},{\"@type\":\"ListItem\",\"position\":3,\"name\":\"Henkil\u00f6st\u00f6palvelut\"}]},{\"@type\":\"WebSite\",\"@id\":\"https:\/\/laura.fi\/rekrytointi\/#website\",\"url\":\"https:\/\/laura.fi\/rekrytointi\/\",\"name\":\"Laura.fi\",\"description\":\"Hyvi\u00e4 t\u00f6it\u00e4 ja rekrytointeja n\u00e4kyviss\u00e4\",\"publisher\":{\"@id\":\"https:\/\/laura.fi\/rekrytointi\/#organization\"},\"potentialAction\":[{\"@type\":\"SearchAction\",\"target\":{\"@type\":\"EntryPoint\",\"urlTemplate\":\"https:\/\/laura.fi\/rekrytointi\/?s={search_term_string}\"},\"query-input\":\"required name=search_term_string\"}],\"inLanguage\":\"fi\"},{\"@type\":\"Organization\",\"@id\":\"https:\/\/laura.fi\/rekrytointi\/#organization\",\"name\":\"LAURA Rekrytointi Oy\",\"url\":\"https:\/\/laura.fi\/rekrytointi\/\",\"logo\":{\"@type\":\"ImageObject\",\"inLanguage\":\"fi\",\"@id\":\"https:\/\/laura.fi\/rekrytointi\/#\/schema\/logo\/image\/\",\"url\":\"https:\/\/laura.fi\/rekrytointi\/wp-content\/uploads\/2017\/11\/REKRYCOM.png\",\"contentUrl\":\"https:\/\/laura.fi\/rekrytointi\/wp-content\/uploads\/2017\/11\/REKRYCOM.png\",\"width\":426,\"height\":142,\"caption\":\"LAURA Rekrytointi Oy\"},\"image\":{\"@id\":\"https:\/\/laura.fi\/rekrytointi\/#\/schema\/logo\/image\/\"},\"sameAs\":[\"https:\/\/fi-fi.facebook.com\/pages\/Uranusfi\/125289617532043\",\"https:\/\/twitter.com\/UranusOy\"]}]}<\/script>\n<!-- \/ Yoast SEO plugin. -->","yoast_head_json":{"title":"Henkil\u00f6st\u00f6palvelut - Laura.fi","robots":{"index":"index","follow":"follow","max-snippet":"max-snippet:-1","max-image-preview":"max-image-preview:large","max-video-preview":"max-video-preview:-1"},"canonical":"https:\/\/laura.fi\/rekrytointi\/ratkaisut\/henkilostopalvelut\/","og_locale":"fi_FI","og_type":"article","og_title":"Henkil\u00f6st\u00f6palvelut - Laura.fi","og_url":"https:\/\/laura.fi\/rekrytointi\/ratkaisut\/henkilostopalvelut\/","og_site_name":"Laura.fi","article_publisher":"https:\/\/fi-fi.facebook.com\/pages\/Uranusfi\/125289617532043","article_modified_time":"2026-03-12T13:28:15+00:00","og_image":[{"width":400,"height":400,"url":"https:\/\/laura.fi\/rekrytointi\/wp-content\/uploads\/2017\/10\/huomiokuva_omat-haut-1.png","type":"image\/png"}],"twitter_card":"summary_large_image","twitter_site":"@UranusOy","schema":{"@context":"https:\/\/schema.org","@graph":[{"@type":"WebPage","@id":"https:\/\/laura.fi\/rekrytointi\/ratkaisut\/henkilostopalvelut\/","url":"https:\/\/laura.fi\/rekrytointi\/ratkaisut\/henkilostopalvelut\/","name":"Henkil\u00f6st\u00f6palvelut - Laura.fi","isPartOf":{"@id":"https:\/\/laura.fi\/rekrytointi\/#website"},"datePublished":"2026-02-20T13:04:15+00:00","dateModified":"2026-03-12T13:28:15+00:00","breadcrumb":{"@id":"https:\/\/laura.fi\/rekrytointi\/ratkaisut\/henkilostopalvelut\/#breadcrumb"},"inLanguage":"fi","potentialAction":[{"@type":"ReadAction","target":["https:\/\/laura.fi\/rekrytointi\/ratkaisut\/henkilostopalvelut\/"]}]},{"@type":"BreadcrumbList","@id":"https:\/\/laura.fi\/rekrytointi\/ratkaisut\/henkilostopalvelut\/#breadcrumb","itemListElement":[{"@type":"ListItem","position":1,"name":"Etusivu","item":"laura.fi"},{"@type":"ListItem","position":2,"name":"Ratkaisut","item":"https:\/\/laura.fi\/rekrytointi\/ratkaisut\/"},{"@type":"ListItem","position":3,"name":"Henkil\u00f6st\u00f6palvelut"}]},{"@type":"WebSite","@id":"https:\/\/laura.fi\/rekrytointi\/#website","url":"https:\/\/laura.fi\/rekrytointi\/","name":"Laura.fi","description":"Hyvi\u00e4 t\u00f6it\u00e4 ja rekrytointeja n\u00e4kyviss\u00e4","publisher":{"@id":"https:\/\/laura.fi\/rekrytointi\/#organization"},"potentialAction":[{"@type":"SearchAction","target":{"@type":"EntryPoint","urlTemplate":"https:\/\/laura.fi\/rekrytointi\/?s={search_term_string}"},"query-input":"required name=search_term_string"}],"inLanguage":"fi"},{"@type":"Organization","@id":"https:\/\/laura.fi\/rekrytointi\/#organization","name":"LAURA Rekrytointi Oy","url":"https:\/\/laura.fi\/rekrytointi\/","logo":{"@type":"ImageObject","inLanguage":"fi","@id":"https:\/\/laura.fi\/rekrytointi\/#\/schema\/logo\/image\/","url":"https:\/\/laura.fi\/rekrytointi\/wp-content\/uploads\/2017\/11\/REKRYCOM.png","contentUrl":"https:\/\/laura.fi\/rekrytointi\/wp-content\/uploads\/2017\/11\/REKRYCOM.png","width":426,"height":142,"caption":"LAURA Rekrytointi Oy"},"image":{"@id":"https:\/\/laura.fi\/rekrytointi\/#\/schema\/logo\/image\/"},"sameAs":["https:\/\/fi-fi.facebook.com\/pages\/Uranusfi\/125289617532043","https:\/\/twitter.com\/UranusOy"]}]}},"_links":{"self":[{"href":"https:\/\/laura.fi\/rekrytointi\/wp-json\/wp\/v2\/pages\/42525","targetHints":{"allow":["GET"]}}],"collection":[{"href":"https:\/\/laura.fi\/rekrytointi\/wp-json\/wp\/v2\/pages"}],"about":[{"href":"https:\/\/laura.fi\/rekrytointi\/wp-json\/wp\/v2\/types\/page"}],"author":[{"embeddable":true,"href":"https:\/\/laura.fi\/rekrytointi\/wp-json\/wp\/v2\/users\/25"}],"replies":[{"embeddable":true,"href":"https:\/\/laura.fi\/rekrytointi\/wp-json\/wp\/v2\/comments?post=42525"}],"version-history":[{"count":7,"href":"https:\/\/laura.fi\/rekrytointi\/wp-json\/wp\/v2\/pages\/42525\/revisions"}],"predecessor-version":[{"id":42604,"href":"https:\/\/laura.fi\/rekrytointi\/wp-json\/wp\/v2\/pages\/42525\/revisions\/42604"}],"up":[{"embeddable":true,"href":"https:\/\/laura.fi\/rekrytointi\/wp-json\/wp\/v2\/pages\/34649"}],"wp:attachment":[{"href":"https:\/\/laura.fi\/rekrytointi\/wp-json\/wp\/v2\/media?parent=42525"}],"curies":[{"name":"wp","href":"https:\/\/api.w.org\/{rel}","templated":true}]}}