{"id":42377,"date":"2026-01-22T10:27:18","date_gmt":"2026-01-22T08:27:18","guid":{"rendered":"https:\/\/laura.fi\/rekrytointi\/?page_id=42377"},"modified":"2026-04-14T12:15:32","modified_gmt":"2026-04-14T09:15:32","slug":"rekrytoinnin-kokonaispalvelu","status":"publish","type":"page","link":"https:\/\/laura.fi\/rekrytointi\/ratkaisut\/rekrytoinnin-kokonaispalvelu\/","title":{"rendered":"Rekrytoinnin kokonaispalvelu"},"content":{"rendered":"<div id=\"cs-content\" class=\"cs-content\"><\/div>\n","protected":false},"excerpt":{"rendered":"<p>REKRYTOINNIN KOKONAISPALVELUKun rekrytointi kuormittaa, on aika ottaa kokonaisuus haltuunKuvittele hetki, kun\u00a0olet onnistunut viem\u00e4\u00e4n rekrytoinnin maaliin vaivatta: tekij\u00e4 on talossa, tarttuu hommiin\u00a0itseohjautuvasti ja tuo arkeen varmuutta ensimm\u00e4isest\u00e4 p\u00e4iv\u00e4st\u00e4 alkaen.\u00a0Mutta mik\u00e4 on todellisuus? Huomaatko usein, ett\u00e4 prosessi venyy, kun tekeminen pirstaloituu eri kumppaneille tai ty\u00f6kaluihin ja sopivat hakijat ovet kiven alla? Lauran rekrytoinnin kokonaispalvelu on rakennettu juuri n\u00e4ihin tilanteisiin. Kun rekrytointi tehd\u00e4\u00e4n &#8230; <\/p>\n<div><a href=\"https:\/\/laura.fi\/rekrytointi\/ratkaisut\/rekrytoinnin-kokonaispalvelu\/\" class=\"more-link\">Lue lis\u00e4\u00e4<\/a><\/div>\n","protected":false},"author":25,"featured_media":0,"parent":34649,"menu_order":0,"comment_status":"closed","ping_status":"closed","template":"template-layout-full-width.php","meta":{"footnotes":""},"class_list":["post-42377","page","type-page","status-publish","hentry","no-post-thumbnail"],"yoast_head":"<!-- This site is optimized with the Yoast SEO plugin v20.9 - https:\/\/yoast.com\/wordpress\/plugins\/seo\/ -->\n<title>Rekrytoinnin kokonaispalvelu\u202f-\u202fYksi kumppani rekrytointiin<\/title>\n<meta name=\"description\" content=\"Katso, miten rekrytoinnin kokonaispalvelu yhdist\u00e4\u00e4 rekryty\u00f6kalun, henkil\u00f6st\u00f6palvelut ja ty\u00f6nantajamielikuvan\u202fselke\u00e4ksi kokonaisuudeksi.\u202f\" \/>\n<meta name=\"robots\" content=\"index, follow, max-snippet:-1, max-image-preview:large, max-video-preview:-1\" \/>\n<link rel=\"canonical\" href=\"https:\/\/laura.fi\/rekrytointi\/ratkaisut\/rekrytoinnin-kokonaispalvelu\/\" \/>\n<meta property=\"og:locale\" content=\"fi_FI\" \/>\n<meta property=\"og:type\" content=\"article\" \/>\n<meta property=\"og:title\" content=\"Rekrytoinnin kokonaispalvelu - Laura.fiRekrytoinnin kokonaispalvelu\u202f-\u202fYksi kumppani rekrytointiin\" \/>\n<meta property=\"og:description\" content=\"Katso, miten rekrytoinnin kokonaispalvelu yhdist\u00e4\u00e4 rekryty\u00f6kalun, henkil\u00f6st\u00f6palvelut ja ty\u00f6nantajamielikuvan\u202fselke\u00e4ksi kokonaisuudeksi.\u202f\" \/>\n<meta property=\"og:url\" content=\"https:\/\/laura.fi\/rekrytointi\/ratkaisut\/rekrytoinnin-kokonaispalvelu\/\" \/>\n<meta property=\"og:site_name\" content=\"Laura.fi\" \/>\n<meta property=\"article:publisher\" content=\"https:\/\/fi-fi.facebook.com\/pages\/Uranusfi\/125289617532043\" \/>\n<meta property=\"article:modified_time\" content=\"2026-04-14T09:15:32+00:00\" \/>\n<meta property=\"og:image\" content=\"https:\/\/laura.fi\/rekrytointi\/wp-content\/uploads\/2026\/04\/Somejakokuva-1200-x-628-px-1.png\" \/>\n\t<meta property=\"og:image:width\" content=\"1200\" \/>\n\t<meta property=\"og:image:height\" content=\"628\" \/>\n\t<meta property=\"og:image:type\" content=\"image\/png\" \/>\n<meta name=\"twitter:card\" content=\"summary_large_image\" \/>\n<meta name=\"twitter:site\" content=\"@UranusOy\" \/>\n<meta name=\"twitter:label1\" content=\"Est. reading time\" \/>\n\t<meta name=\"twitter:data1\" content=\"6 minuuttia\" \/>\n<script type=\"application\/ld+json\" class=\"yoast-schema-graph\">{\"@context\":\"https:\/\/schema.org\",\"@graph\":[{\"@type\":\"WebPage\",\"@id\":\"https:\/\/laura.fi\/rekrytointi\/ratkaisut\/rekrytoinnin-kokonaispalvelu\/\",\"url\":\"https:\/\/laura.fi\/rekrytointi\/ratkaisut\/rekrytoinnin-kokonaispalvelu\/\",\"name\":\"Rekrytoinnin kokonaispalvelu\u202f-\u202fYksi kumppani rekrytointiin\",\"isPartOf\":{\"@id\":\"https:\/\/laura.fi\/rekrytointi\/#website\"},\"datePublished\":\"2026-01-22T08:27:18+00:00\",\"dateModified\":\"2026-04-14T09:15:32+00:00\",\"description\":\"Katso, miten rekrytoinnin kokonaispalvelu yhdist\u00e4\u00e4 rekryty\u00f6kalun, henkil\u00f6st\u00f6palvelut ja ty\u00f6nantajamielikuvan\u202fselke\u00e4ksi kokonaisuudeksi.\u202f\",\"breadcrumb\":{\"@id\":\"https:\/\/laura.fi\/rekrytointi\/ratkaisut\/rekrytoinnin-kokonaispalvelu\/#breadcrumb\"},\"inLanguage\":\"fi\",\"potentialAction\":[{\"@type\":\"ReadAction\",\"target\":[\"https:\/\/laura.fi\/rekrytointi\/ratkaisut\/rekrytoinnin-kokonaispalvelu\/\"]}]},{\"@type\":\"BreadcrumbList\",\"@id\":\"https:\/\/laura.fi\/rekrytointi\/ratkaisut\/rekrytoinnin-kokonaispalvelu\/#breadcrumb\",\"itemListElement\":[{\"@type\":\"ListItem\",\"position\":1,\"name\":\"Etusivu\",\"item\":\"laura.fi\"},{\"@type\":\"ListItem\",\"position\":2,\"name\":\"Ratkaisut\",\"item\":\"https:\/\/laura.fi\/rekrytointi\/ratkaisut\/\"},{\"@type\":\"ListItem\",\"position\":3,\"name\":\"Rekrytoinnin kokonaispalvelu\"}]},{\"@type\":\"WebSite\",\"@id\":\"https:\/\/laura.fi\/rekrytointi\/#website\",\"url\":\"https:\/\/laura.fi\/rekrytointi\/\",\"name\":\"Laura.fi\",\"description\":\"Hyvi\u00e4 t\u00f6it\u00e4 ja rekrytointeja n\u00e4kyviss\u00e4\",\"publisher\":{\"@id\":\"https:\/\/laura.fi\/rekrytointi\/#organization\"},\"potentialAction\":[{\"@type\":\"SearchAction\",\"target\":{\"@type\":\"EntryPoint\",\"urlTemplate\":\"https:\/\/laura.fi\/rekrytointi\/?s={search_term_string}\"},\"query-input\":\"required name=search_term_string\"}],\"inLanguage\":\"fi\"},{\"@type\":\"Organization\",\"@id\":\"https:\/\/laura.fi\/rekrytointi\/#organization\",\"name\":\"LAURA Rekrytointi Oy\",\"url\":\"https:\/\/laura.fi\/rekrytointi\/\",\"logo\":{\"@type\":\"ImageObject\",\"inLanguage\":\"fi\",\"@id\":\"https:\/\/laura.fi\/rekrytointi\/#\/schema\/logo\/image\/\",\"url\":\"https:\/\/laura.fi\/rekrytointi\/wp-content\/uploads\/2017\/11\/REKRYCOM.png\",\"contentUrl\":\"https:\/\/laura.fi\/rekrytointi\/wp-content\/uploads\/2017\/11\/REKRYCOM.png\",\"width\":426,\"height\":142,\"caption\":\"LAURA Rekrytointi Oy\"},\"image\":{\"@id\":\"https:\/\/laura.fi\/rekrytointi\/#\/schema\/logo\/image\/\"},\"sameAs\":[\"https:\/\/fi-fi.facebook.com\/pages\/Uranusfi\/125289617532043\",\"https:\/\/twitter.com\/UranusOy\"]}]}<\/script>\n<!-- \/ Yoast SEO plugin. -->","yoast_head_json":{"title":"Rekrytoinnin kokonaispalvelu\u202f-\u202fYksi kumppani rekrytointiin","description":"Katso, miten rekrytoinnin kokonaispalvelu yhdist\u00e4\u00e4 rekryty\u00f6kalun, henkil\u00f6st\u00f6palvelut ja ty\u00f6nantajamielikuvan\u202fselke\u00e4ksi kokonaisuudeksi.\u202f","robots":{"index":"index","follow":"follow","max-snippet":"max-snippet:-1","max-image-preview":"max-image-preview:large","max-video-preview":"max-video-preview:-1"},"canonical":"https:\/\/laura.fi\/rekrytointi\/ratkaisut\/rekrytoinnin-kokonaispalvelu\/","og_locale":"fi_FI","og_type":"article","og_title":"Rekrytoinnin kokonaispalvelu - Laura.fiRekrytoinnin kokonaispalvelu\u202f-\u202fYksi kumppani rekrytointiin","og_description":"Katso, miten rekrytoinnin kokonaispalvelu yhdist\u00e4\u00e4 rekryty\u00f6kalun, henkil\u00f6st\u00f6palvelut ja ty\u00f6nantajamielikuvan\u202fselke\u00e4ksi kokonaisuudeksi.\u202f","og_url":"https:\/\/laura.fi\/rekrytointi\/ratkaisut\/rekrytoinnin-kokonaispalvelu\/","og_site_name":"Laura.fi","article_publisher":"https:\/\/fi-fi.facebook.com\/pages\/Uranusfi\/125289617532043","article_modified_time":"2026-04-14T09:15:32+00:00","og_image":[{"width":1200,"height":628,"url":"https:\/\/laura.fi\/rekrytointi\/wp-content\/uploads\/2026\/04\/Somejakokuva-1200-x-628-px-1.png","type":"image\/png"}],"twitter_card":"summary_large_image","twitter_site":"@UranusOy","twitter_misc":{"Est. reading time":"6 minuuttia"},"schema":{"@context":"https:\/\/schema.org","@graph":[{"@type":"WebPage","@id":"https:\/\/laura.fi\/rekrytointi\/ratkaisut\/rekrytoinnin-kokonaispalvelu\/","url":"https:\/\/laura.fi\/rekrytointi\/ratkaisut\/rekrytoinnin-kokonaispalvelu\/","name":"Rekrytoinnin kokonaispalvelu\u202f-\u202fYksi kumppani rekrytointiin","isPartOf":{"@id":"https:\/\/laura.fi\/rekrytointi\/#website"},"datePublished":"2026-01-22T08:27:18+00:00","dateModified":"2026-04-14T09:15:32+00:00","description":"Katso, miten rekrytoinnin kokonaispalvelu yhdist\u00e4\u00e4 rekryty\u00f6kalun, henkil\u00f6st\u00f6palvelut ja ty\u00f6nantajamielikuvan\u202fselke\u00e4ksi kokonaisuudeksi.\u202f","breadcrumb":{"@id":"https:\/\/laura.fi\/rekrytointi\/ratkaisut\/rekrytoinnin-kokonaispalvelu\/#breadcrumb"},"inLanguage":"fi","potentialAction":[{"@type":"ReadAction","target":["https:\/\/laura.fi\/rekrytointi\/ratkaisut\/rekrytoinnin-kokonaispalvelu\/"]}]},{"@type":"BreadcrumbList","@id":"https:\/\/laura.fi\/rekrytointi\/ratkaisut\/rekrytoinnin-kokonaispalvelu\/#breadcrumb","itemListElement":[{"@type":"ListItem","position":1,"name":"Etusivu","item":"laura.fi"},{"@type":"ListItem","position":2,"name":"Ratkaisut","item":"https:\/\/laura.fi\/rekrytointi\/ratkaisut\/"},{"@type":"ListItem","position":3,"name":"Rekrytoinnin kokonaispalvelu"}]},{"@type":"WebSite","@id":"https:\/\/laura.fi\/rekrytointi\/#website","url":"https:\/\/laura.fi\/rekrytointi\/","name":"Laura.fi","description":"Hyvi\u00e4 t\u00f6it\u00e4 ja rekrytointeja n\u00e4kyviss\u00e4","publisher":{"@id":"https:\/\/laura.fi\/rekrytointi\/#organization"},"potentialAction":[{"@type":"SearchAction","target":{"@type":"EntryPoint","urlTemplate":"https:\/\/laura.fi\/rekrytointi\/?s={search_term_string}"},"query-input":"required name=search_term_string"}],"inLanguage":"fi"},{"@type":"Organization","@id":"https:\/\/laura.fi\/rekrytointi\/#organization","name":"LAURA Rekrytointi Oy","url":"https:\/\/laura.fi\/rekrytointi\/","logo":{"@type":"ImageObject","inLanguage":"fi","@id":"https:\/\/laura.fi\/rekrytointi\/#\/schema\/logo\/image\/","url":"https:\/\/laura.fi\/rekrytointi\/wp-content\/uploads\/2017\/11\/REKRYCOM.png","contentUrl":"https:\/\/laura.fi\/rekrytointi\/wp-content\/uploads\/2017\/11\/REKRYCOM.png","width":426,"height":142,"caption":"LAURA Rekrytointi Oy"},"image":{"@id":"https:\/\/laura.fi\/rekrytointi\/#\/schema\/logo\/image\/"},"sameAs":["https:\/\/fi-fi.facebook.com\/pages\/Uranusfi\/125289617532043","https:\/\/twitter.com\/UranusOy"]}]}},"_links":{"self":[{"href":"https:\/\/laura.fi\/rekrytointi\/wp-json\/wp\/v2\/pages\/42377","targetHints":{"allow":["GET"]}}],"collection":[{"href":"https:\/\/laura.fi\/rekrytointi\/wp-json\/wp\/v2\/pages"}],"about":[{"href":"https:\/\/laura.fi\/rekrytointi\/wp-json\/wp\/v2\/types\/page"}],"author":[{"embeddable":true,"href":"https:\/\/laura.fi\/rekrytointi\/wp-json\/wp\/v2\/users\/25"}],"replies":[{"embeddable":true,"href":"https:\/\/laura.fi\/rekrytointi\/wp-json\/wp\/v2\/comments?post=42377"}],"version-history":[{"count":16,"href":"https:\/\/laura.fi\/rekrytointi\/wp-json\/wp\/v2\/pages\/42377\/revisions"}],"predecessor-version":[{"id":42701,"href":"https:\/\/laura.fi\/rekrytointi\/wp-json\/wp\/v2\/pages\/42377\/revisions\/42701"}],"up":[{"embeddable":true,"href":"https:\/\/laura.fi\/rekrytointi\/wp-json\/wp\/v2\/pages\/34649"}],"wp:attachment":[{"href":"https:\/\/laura.fi\/rekrytointi\/wp-json\/wp\/v2\/media?parent=42377"}],"curies":[{"name":"wp","href":"https:\/\/api.w.org\/{rel}","templated":true}]}}