{"id":4219,"date":"2014-09-24T08:35:44","date_gmt":"2014-09-24T05:35:44","guid":{"rendered":"http:\/\/www.uranus.fi\/dev-tyonhaku\/?page_id=4219"},"modified":"2024-01-06T13:15:03","modified_gmt":"2024-01-06T11:15:03","slug":"ura-ja-rekrytointi","status":"publish","type":"page","link":"https:\/\/laura.fi\/rekrytointi\/ura-ja-rekrytointi\/","title":{"rendered":"Ura &#038; Rekrytointi"},"content":{"rendered":"<div id=\"cs-content\" class=\"cs-content\"><\/div>\n","protected":false},"excerpt":{"rendered":"<p>L\u00f6yd\u00e4 hyv\u00e4 n\u00e4kym\u00e4 ty\u00f6nhakuun ja rekrytointiinMist\u00e4 l\u00e4hte\u00e4 liikkeelle, kun uran kehitt\u00e4minen on ajankohtaista? Mit\u00e4 ty\u00f6nhakijat arvostavat rekrytoijissa? Mist\u00e4 kanavista osaajia tavoittaa? Miten rekrytointiprosessi hoidetaan tehokkaasti positiivinen hakijakokemus edell\u00e4? N\u00e4ihin ja moniin muihin kysymyksiin l\u00f6yd\u00e4t vastauksen Ura &amp; Rekrytointi -osiostamme!Valitse sinulle mielenkiintoinen aihealue ja l\u00f6yd\u00e4 hyv\u00e4 n\u00e4kym\u00e4 ty\u00f6nhakuun tai rekrytointiinTY\u00d6NHAKUKaipaatko apua ty\u00f6paikan l\u00f6yt\u00e4miseen? Ota haltuun parhaimmat ty\u00f6nhakuvinkit, jotka auttavat sinua saamaan &#8230; <\/p>\n<div><a href=\"https:\/\/laura.fi\/rekrytointi\/ura-ja-rekrytointi\/\" class=\"more-link\">Lue lis\u00e4\u00e4<\/a><\/div>\n","protected":false},"author":2,"featured_media":0,"parent":0,"menu_order":0,"comment_status":"closed","ping_status":"closed","template":"template-layout-content-sidebar.php","meta":{"footnotes":""},"class_list":["post-4219","page","type-page","status-publish","hentry","no-post-thumbnail"],"yoast_head":"<!-- This site is optimized with the Yoast SEO plugin v20.9 - https:\/\/yoast.com\/wordpress\/plugins\/seo\/ -->\n<title>Lauran Ura &amp; Rekrytointi -osiossa hyvi\u00e4 vinkkej\u00e4 n\u00e4kyviss\u00e4<\/title>\n<meta name=\"description\" content=\"Lauran Ura &amp; rekrytointi -osiosta l\u00f6yd\u00e4t hy\u00f6dyllist\u00e4 tietoa, vinkkej\u00e4 ja inspiraatiota ty\u00f6nhakuun ja rekrytointiin. L\u00f6yd\u00e4 hyv\u00e4 n\u00e4kym\u00e4 ja ota vinkit talteen!\" \/>\n<meta name=\"robots\" content=\"index, follow, max-snippet:-1, max-image-preview:large, max-video-preview:-1\" \/>\n<link rel=\"canonical\" href=\"https:\/\/laura.fi\/rekrytointi\/ura-ja-rekrytointi\/\" \/>\n<meta property=\"og:locale\" content=\"fi_FI\" \/>\n<meta property=\"og:type\" content=\"article\" \/>\n<meta property=\"og:title\" content=\"Lauran Ura &amp; Rekrytointi -osiossa hyvi\u00e4 vinkkej\u00e4 n\u00e4kyviss\u00e4\" \/>\n<meta property=\"og:description\" content=\"Lauran Ura &amp; rekrytointi -osiosta l\u00f6yd\u00e4t hy\u00f6dyllist\u00e4 tietoa, vinkkej\u00e4 ja inspiraatiota ty\u00f6nhakuun ja rekrytointiin. L\u00f6yd\u00e4 hyv\u00e4 n\u00e4kym\u00e4 ja ota vinkit talteen!\" \/>\n<meta property=\"og:url\" content=\"https:\/\/laura.fi\/rekrytointi\/ura-ja-rekrytointi\/\" \/>\n<meta property=\"og:site_name\" content=\"Laura.fi\" \/>\n<meta property=\"article:publisher\" content=\"https:\/\/fi-fi.facebook.com\/pages\/Uranusfi\/125289617532043\" \/>\n<meta property=\"article:modified_time\" content=\"2024-01-06T11:15:03+00:00\" \/>\n<meta property=\"og:image\" content=\"https:\/\/laura.fi\/rekrytointi\/wp-content\/uploads\/2024\/01\/Ura-ja-rekrytointi-paakategoria-1200x628-1.jpg\" \/>\n\t<meta property=\"og:image:width\" content=\"1200\" \/>\n\t<meta property=\"og:image:height\" content=\"628\" \/>\n\t<meta property=\"og:image:type\" content=\"image\/jpeg\" \/>\n<meta name=\"twitter:card\" content=\"summary_large_image\" \/>\n<meta name=\"twitter:title\" content=\"Lauran Ura &amp; Rekrytointi -osiossa hyvi\u00e4 vinkkej\u00e4 n\u00e4kyviss\u00e4\" \/>\n<meta name=\"twitter:description\" content=\"Lauran Ura &amp; rekrytointi -osiosta l\u00f6yd\u00e4t hy\u00f6dyllist\u00e4 tietoa, vinkkej\u00e4 ja inspiraatiota ty\u00f6nhakuun ja rekrytointiin. L\u00f6yd\u00e4 hyv\u00e4 n\u00e4kym\u00e4 ja ota vinkit talteen!\" \/>\n<meta name=\"twitter:image\" content=\"https:\/\/laura.fi\/rekrytointi\/wp-content\/uploads\/2024\/01\/Ura-ja-rekrytointi-paakategoria-1200x628-1.jpg\" \/>\n<meta name=\"twitter:site\" content=\"@UranusOy\" \/>\n<meta name=\"twitter:label1\" content=\"Est. reading time\" \/>\n\t<meta name=\"twitter:data1\" content=\"2 minuuttia\" \/>\n<script type=\"application\/ld+json\" class=\"yoast-schema-graph\">{\"@context\":\"https:\/\/schema.org\",\"@graph\":[{\"@type\":\"WebPage\",\"@id\":\"https:\/\/laura.fi\/rekrytointi\/ura-ja-rekrytointi\/\",\"url\":\"https:\/\/laura.fi\/rekrytointi\/ura-ja-rekrytointi\/\",\"name\":\"Lauran Ura & Rekrytointi -osiossa hyvi\u00e4 vinkkej\u00e4 n\u00e4kyviss\u00e4\",\"isPartOf\":{\"@id\":\"https:\/\/laura.fi\/rekrytointi\/#website\"},\"datePublished\":\"2014-09-24T05:35:44+00:00\",\"dateModified\":\"2024-01-06T11:15:03+00:00\",\"description\":\"Lauran Ura & rekrytointi -osiosta l\u00f6yd\u00e4t hy\u00f6dyllist\u00e4 tietoa, vinkkej\u00e4 ja inspiraatiota ty\u00f6nhakuun ja rekrytointiin. L\u00f6yd\u00e4 hyv\u00e4 n\u00e4kym\u00e4 ja ota vinkit talteen!\",\"breadcrumb\":{\"@id\":\"https:\/\/laura.fi\/rekrytointi\/ura-ja-rekrytointi\/#breadcrumb\"},\"inLanguage\":\"fi\",\"potentialAction\":[{\"@type\":\"ReadAction\",\"target\":[\"https:\/\/laura.fi\/rekrytointi\/ura-ja-rekrytointi\/\"]}]},{\"@type\":\"BreadcrumbList\",\"@id\":\"https:\/\/laura.fi\/rekrytointi\/ura-ja-rekrytointi\/#breadcrumb\",\"itemListElement\":[{\"@type\":\"ListItem\",\"position\":1,\"name\":\"Etusivu\",\"item\":\"laura.fi\"},{\"@type\":\"ListItem\",\"position\":2,\"name\":\"Ura &#038; Rekrytointi\"}]},{\"@type\":\"WebSite\",\"@id\":\"https:\/\/laura.fi\/rekrytointi\/#website\",\"url\":\"https:\/\/laura.fi\/rekrytointi\/\",\"name\":\"Laura.fi\",\"description\":\"Hyvi\u00e4 t\u00f6it\u00e4 ja rekrytointeja n\u00e4kyviss\u00e4\",\"publisher\":{\"@id\":\"https:\/\/laura.fi\/rekrytointi\/#organization\"},\"potentialAction\":[{\"@type\":\"SearchAction\",\"target\":{\"@type\":\"EntryPoint\",\"urlTemplate\":\"https:\/\/laura.fi\/rekrytointi\/?s={search_term_string}\"},\"query-input\":\"required name=search_term_string\"}],\"inLanguage\":\"fi\"},{\"@type\":\"Organization\",\"@id\":\"https:\/\/laura.fi\/rekrytointi\/#organization\",\"name\":\"LAURA Rekrytointi Oy\",\"url\":\"https:\/\/laura.fi\/rekrytointi\/\",\"logo\":{\"@type\":\"ImageObject\",\"inLanguage\":\"fi\",\"@id\":\"https:\/\/laura.fi\/rekrytointi\/#\/schema\/logo\/image\/\",\"url\":\"https:\/\/laura.fi\/rekrytointi\/wp-content\/uploads\/2017\/11\/REKRYCOM.png\",\"contentUrl\":\"https:\/\/laura.fi\/rekrytointi\/wp-content\/uploads\/2017\/11\/REKRYCOM.png\",\"width\":426,\"height\":142,\"caption\":\"LAURA Rekrytointi Oy\"},\"image\":{\"@id\":\"https:\/\/laura.fi\/rekrytointi\/#\/schema\/logo\/image\/\"},\"sameAs\":[\"https:\/\/fi-fi.facebook.com\/pages\/Uranusfi\/125289617532043\",\"https:\/\/twitter.com\/UranusOy\"]}]}<\/script>\n<!-- \/ Yoast SEO plugin. -->","yoast_head_json":{"title":"Lauran Ura & Rekrytointi -osiossa hyvi\u00e4 vinkkej\u00e4 n\u00e4kyviss\u00e4","description":"Lauran Ura & rekrytointi -osiosta l\u00f6yd\u00e4t hy\u00f6dyllist\u00e4 tietoa, vinkkej\u00e4 ja inspiraatiota ty\u00f6nhakuun ja rekrytointiin. L\u00f6yd\u00e4 hyv\u00e4 n\u00e4kym\u00e4 ja ota vinkit talteen!","robots":{"index":"index","follow":"follow","max-snippet":"max-snippet:-1","max-image-preview":"max-image-preview:large","max-video-preview":"max-video-preview:-1"},"canonical":"https:\/\/laura.fi\/rekrytointi\/ura-ja-rekrytointi\/","og_locale":"fi_FI","og_type":"article","og_title":"Lauran Ura & Rekrytointi -osiossa hyvi\u00e4 vinkkej\u00e4 n\u00e4kyviss\u00e4","og_description":"Lauran Ura & rekrytointi -osiosta l\u00f6yd\u00e4t hy\u00f6dyllist\u00e4 tietoa, vinkkej\u00e4 ja inspiraatiota ty\u00f6nhakuun ja rekrytointiin. L\u00f6yd\u00e4 hyv\u00e4 n\u00e4kym\u00e4 ja ota vinkit talteen!","og_url":"https:\/\/laura.fi\/rekrytointi\/ura-ja-rekrytointi\/","og_site_name":"Laura.fi","article_publisher":"https:\/\/fi-fi.facebook.com\/pages\/Uranusfi\/125289617532043","article_modified_time":"2024-01-06T11:15:03+00:00","og_image":[{"width":1200,"height":628,"url":"https:\/\/laura.fi\/rekrytointi\/wp-content\/uploads\/2024\/01\/Ura-ja-rekrytointi-paakategoria-1200x628-1.jpg","type":"image\/jpeg"}],"twitter_card":"summary_large_image","twitter_title":"Lauran Ura & Rekrytointi -osiossa hyvi\u00e4 vinkkej\u00e4 n\u00e4kyviss\u00e4","twitter_description":"Lauran Ura & rekrytointi -osiosta l\u00f6yd\u00e4t hy\u00f6dyllist\u00e4 tietoa, vinkkej\u00e4 ja inspiraatiota ty\u00f6nhakuun ja rekrytointiin. L\u00f6yd\u00e4 hyv\u00e4 n\u00e4kym\u00e4 ja ota vinkit talteen!","twitter_image":"https:\/\/laura.fi\/rekrytointi\/wp-content\/uploads\/2024\/01\/Ura-ja-rekrytointi-paakategoria-1200x628-1.jpg","twitter_site":"@UranusOy","twitter_misc":{"Est. reading time":"2 minuuttia"},"schema":{"@context":"https:\/\/schema.org","@graph":[{"@type":"WebPage","@id":"https:\/\/laura.fi\/rekrytointi\/ura-ja-rekrytointi\/","url":"https:\/\/laura.fi\/rekrytointi\/ura-ja-rekrytointi\/","name":"Lauran Ura & Rekrytointi -osiossa hyvi\u00e4 vinkkej\u00e4 n\u00e4kyviss\u00e4","isPartOf":{"@id":"https:\/\/laura.fi\/rekrytointi\/#website"},"datePublished":"2014-09-24T05:35:44+00:00","dateModified":"2024-01-06T11:15:03+00:00","description":"Lauran Ura & rekrytointi -osiosta l\u00f6yd\u00e4t hy\u00f6dyllist\u00e4 tietoa, vinkkej\u00e4 ja inspiraatiota ty\u00f6nhakuun ja rekrytointiin. L\u00f6yd\u00e4 hyv\u00e4 n\u00e4kym\u00e4 ja ota vinkit talteen!","breadcrumb":{"@id":"https:\/\/laura.fi\/rekrytointi\/ura-ja-rekrytointi\/#breadcrumb"},"inLanguage":"fi","potentialAction":[{"@type":"ReadAction","target":["https:\/\/laura.fi\/rekrytointi\/ura-ja-rekrytointi\/"]}]},{"@type":"BreadcrumbList","@id":"https:\/\/laura.fi\/rekrytointi\/ura-ja-rekrytointi\/#breadcrumb","itemListElement":[{"@type":"ListItem","position":1,"name":"Etusivu","item":"laura.fi"},{"@type":"ListItem","position":2,"name":"Ura &#038; Rekrytointi"}]},{"@type":"WebSite","@id":"https:\/\/laura.fi\/rekrytointi\/#website","url":"https:\/\/laura.fi\/rekrytointi\/","name":"Laura.fi","description":"Hyvi\u00e4 t\u00f6it\u00e4 ja rekrytointeja n\u00e4kyviss\u00e4","publisher":{"@id":"https:\/\/laura.fi\/rekrytointi\/#organization"},"potentialAction":[{"@type":"SearchAction","target":{"@type":"EntryPoint","urlTemplate":"https:\/\/laura.fi\/rekrytointi\/?s={search_term_string}"},"query-input":"required name=search_term_string"}],"inLanguage":"fi"},{"@type":"Organization","@id":"https:\/\/laura.fi\/rekrytointi\/#organization","name":"LAURA Rekrytointi Oy","url":"https:\/\/laura.fi\/rekrytointi\/","logo":{"@type":"ImageObject","inLanguage":"fi","@id":"https:\/\/laura.fi\/rekrytointi\/#\/schema\/logo\/image\/","url":"https:\/\/laura.fi\/rekrytointi\/wp-content\/uploads\/2017\/11\/REKRYCOM.png","contentUrl":"https:\/\/laura.fi\/rekrytointi\/wp-content\/uploads\/2017\/11\/REKRYCOM.png","width":426,"height":142,"caption":"LAURA Rekrytointi Oy"},"image":{"@id":"https:\/\/laura.fi\/rekrytointi\/#\/schema\/logo\/image\/"},"sameAs":["https:\/\/fi-fi.facebook.com\/pages\/Uranusfi\/125289617532043","https:\/\/twitter.com\/UranusOy"]}]}},"_links":{"self":[{"href":"https:\/\/laura.fi\/rekrytointi\/wp-json\/wp\/v2\/pages\/4219","targetHints":{"allow":["GET"]}}],"collection":[{"href":"https:\/\/laura.fi\/rekrytointi\/wp-json\/wp\/v2\/pages"}],"about":[{"href":"https:\/\/laura.fi\/rekrytointi\/wp-json\/wp\/v2\/types\/page"}],"author":[{"embeddable":true,"href":"https:\/\/laura.fi\/rekrytointi\/wp-json\/wp\/v2\/users\/2"}],"replies":[{"embeddable":true,"href":"https:\/\/laura.fi\/rekrytointi\/wp-json\/wp\/v2\/comments?post=4219"}],"version-history":[{"count":65,"href":"https:\/\/laura.fi\/rekrytointi\/wp-json\/wp\/v2\/pages\/4219\/revisions"}],"predecessor-version":[{"id":38602,"href":"https:\/\/laura.fi\/rekrytointi\/wp-json\/wp\/v2\/pages\/4219\/revisions\/38602"}],"wp:attachment":[{"href":"https:\/\/laura.fi\/rekrytointi\/wp-json\/wp\/v2\/media?parent=4219"}],"curies":[{"name":"wp","href":"https:\/\/api.w.org\/{rel}","templated":true}]}}