{"id":35452,"date":"2023-12-05T11:33:41","date_gmt":"2023-12-05T09:33:41","guid":{"rendered":"https:\/\/laura.fi\/rekrytointi\/?page_id=35452"},"modified":"2024-04-25T13:26:54","modified_gmt":"2024-04-25T10:26:54","slug":"decoding-global-talent-tyovoiman-liikkuvuus","status":"publish","type":"page","link":"https:\/\/laura.fi\/rekrytointi\/tutkimukset\/decoding-global-talent-tyovoiman-liikkuvuus\/","title":{"rendered":"Decoding Global Talent &#8211; Ty\u00f6voiman liikkuvuus"},"content":{"rendered":"<div id=\"cs-content\" class=\"cs-content\"><\/div>\n","protected":false},"excerpt":{"rendered":"<p>Decoding Global Talent \u2013 Ty\u00f6voiman liikkuvuusDecoding Global Talent \u2013 Ty\u00f6voiman liikkuvuus on maailman suurin ty\u00f6voiman liikkuvuutta ja ty\u00f6mieltymyksi\u00e4 mittaava tutkimus, jota on toteutettu vuodesta 2014 l\u00e4htien. Tutkimus selvitt\u00e4\u00e4 ty\u00f6voiman valmiutta ja halukkuutta muuttaa ty\u00f6n per\u00e4ss\u00e4 ulkomaille, ty\u00f6n motivaatiotekij\u00f6it\u00e4 sek\u00e4 globaalien trendien vaikutusta ty\u00f6voiman liikkuvuuteen.Ty\u00f6nantajille Decoding Global Talent on ainutlaatuinen tilaisuus ymm\u00e4rt\u00e4\u00e4: Miten globaalit osaajat liikkuvat? Miten parhaiten rekrytoida ja houkutella &#8230; <\/p>\n<div><a href=\"https:\/\/laura.fi\/rekrytointi\/tutkimukset\/decoding-global-talent-tyovoiman-liikkuvuus\/\" class=\"more-link\">Lue lis\u00e4\u00e4<\/a><\/div>\n","protected":false},"author":25,"featured_media":0,"parent":35416,"menu_order":0,"comment_status":"closed","ping_status":"closed","template":"template-layout-full-width.php","meta":{"footnotes":""},"class_list":["post-35452","page","type-page","status-publish","hentry","no-post-thumbnail"],"yoast_head":"<!-- This site is optimized with the Yoast SEO plugin v20.9 - https:\/\/yoast.com\/wordpress\/plugins\/seo\/ -->\n<title>Decoding Global Talent - Ty\u00f6voiman liikkuvuus - Laura.fi<\/title>\n<meta name=\"description\" content=\"Decoding Global Talent \u2013 Ty\u00f6voiman liikkuvuus on maailman suurin ty\u00f6voiman liikkuvuutta ja ty\u00f6mieltymyksi\u00e4 selvitt\u00e4v\u00e4 tutkimus. Tutustu ja lataa raportit!\" \/>\n<meta name=\"robots\" content=\"index, follow, max-snippet:-1, max-image-preview:large, max-video-preview:-1\" \/>\n<link rel=\"canonical\" href=\"https:\/\/laura.fi\/rekrytointi\/tutkimukset\/decoding-global-talent-tyovoiman-liikkuvuus\/\" \/>\n<meta property=\"og:locale\" content=\"fi_FI\" \/>\n<meta property=\"og:type\" content=\"article\" \/>\n<meta property=\"og:title\" content=\"Decoding Global Talent - Ty\u00f6voiman liikkuvuus\" \/>\n<meta property=\"og:description\" content=\"Decoding Global Talent \u2013 Ty\u00f6voiman liikkuvuus on maailman suurin ty\u00f6voiman liikkuvuutta ja ty\u00f6mieltymyksi\u00e4 selvitt\u00e4v\u00e4 tutkimus. Tutustu ja lataa raportit!\" \/>\n<meta property=\"og:url\" content=\"https:\/\/laura.fi\/rekrytointi\/tutkimukset\/decoding-global-talent-tyovoiman-liikkuvuus\/\" \/>\n<meta property=\"og:site_name\" content=\"Laura.fi\" \/>\n<meta property=\"article:publisher\" content=\"https:\/\/fi-fi.facebook.com\/pages\/Uranusfi\/125289617532043\" \/>\n<meta property=\"article:modified_time\" content=\"2024-04-25T10:26:54+00:00\" \/>\n<meta property=\"og:image\" content=\"https:\/\/laura.fi\/rekrytointi\/wp-content\/uploads\/2024\/04\/Tyovoiman-liikkuvuus-2024_1200-x-628.png\" \/>\n\t<meta property=\"og:image:width\" content=\"1200\" \/>\n\t<meta property=\"og:image:height\" content=\"628\" \/>\n\t<meta property=\"og:image:type\" content=\"image\/png\" \/>\n<meta name=\"twitter:card\" content=\"summary_large_image\" \/>\n<meta name=\"twitter:title\" content=\"Decoding Global Talent - Ty\u00f6voiman liikkuvuus\" \/>\n<meta name=\"twitter:description\" content=\"Decoding Global Talent \u2013 Ty\u00f6voiman liikkuvuus on maailman suurin ty\u00f6voiman liikkuvuutta ja ty\u00f6mieltymyksi\u00e4 selvitt\u00e4v\u00e4 tutkimus. Tutustu ja lataa raportit!\" \/>\n<meta name=\"twitter:image\" content=\"https:\/\/laura.fi\/rekrytointi\/wp-content\/uploads\/2024\/04\/Tyovoiman-liikkuvuus-2024_1200-x-628.png\" \/>\n<meta name=\"twitter:site\" content=\"@UranusOy\" \/>\n<meta name=\"twitter:label1\" content=\"Est. reading time\" \/>\n\t<meta name=\"twitter:data1\" content=\"5 minuuttia\" \/>\n<script type=\"application\/ld+json\" class=\"yoast-schema-graph\">{\"@context\":\"https:\/\/schema.org\",\"@graph\":[{\"@type\":\"WebPage\",\"@id\":\"https:\/\/laura.fi\/rekrytointi\/tutkimukset\/decoding-global-talent-tyovoiman-liikkuvuus\/\",\"url\":\"https:\/\/laura.fi\/rekrytointi\/tutkimukset\/decoding-global-talent-tyovoiman-liikkuvuus\/\",\"name\":\"Decoding Global Talent - Ty\u00f6voiman liikkuvuus - Laura.fi\",\"isPartOf\":{\"@id\":\"https:\/\/laura.fi\/rekrytointi\/#website\"},\"datePublished\":\"2023-12-05T09:33:41+00:00\",\"dateModified\":\"2024-04-25T10:26:54+00:00\",\"description\":\"Decoding Global Talent \u2013 Ty\u00f6voiman liikkuvuus on maailman suurin ty\u00f6voiman liikkuvuutta ja ty\u00f6mieltymyksi\u00e4 selvitt\u00e4v\u00e4 tutkimus. Tutustu ja lataa raportit!\",\"breadcrumb\":{\"@id\":\"https:\/\/laura.fi\/rekrytointi\/tutkimukset\/decoding-global-talent-tyovoiman-liikkuvuus\/#breadcrumb\"},\"inLanguage\":\"fi\",\"potentialAction\":[{\"@type\":\"ReadAction\",\"target\":[\"https:\/\/laura.fi\/rekrytointi\/tutkimukset\/decoding-global-talent-tyovoiman-liikkuvuus\/\"]}]},{\"@type\":\"BreadcrumbList\",\"@id\":\"https:\/\/laura.fi\/rekrytointi\/tutkimukset\/decoding-global-talent-tyovoiman-liikkuvuus\/#breadcrumb\",\"itemListElement\":[{\"@type\":\"ListItem\",\"position\":1,\"name\":\"Etusivu\",\"item\":\"laura.fi\"},{\"@type\":\"ListItem\",\"position\":2,\"name\":\"Tutkimukset\",\"item\":\"https:\/\/laura.fi\/rekrytointi\/tutkimukset\/\"},{\"@type\":\"ListItem\",\"position\":3,\"name\":\"Decoding Global Talent &#8211; Ty\u00f6voiman liikkuvuus\"}]},{\"@type\":\"WebSite\",\"@id\":\"https:\/\/laura.fi\/rekrytointi\/#website\",\"url\":\"https:\/\/laura.fi\/rekrytointi\/\",\"name\":\"Laura.fi\",\"description\":\"Hyvi\u00e4 t\u00f6it\u00e4 ja rekrytointeja n\u00e4kyviss\u00e4\",\"publisher\":{\"@id\":\"https:\/\/laura.fi\/rekrytointi\/#organization\"},\"potentialAction\":[{\"@type\":\"SearchAction\",\"target\":{\"@type\":\"EntryPoint\",\"urlTemplate\":\"https:\/\/laura.fi\/rekrytointi\/?s={search_term_string}\"},\"query-input\":\"required name=search_term_string\"}],\"inLanguage\":\"fi\"},{\"@type\":\"Organization\",\"@id\":\"https:\/\/laura.fi\/rekrytointi\/#organization\",\"name\":\"LAURA Rekrytointi Oy\",\"url\":\"https:\/\/laura.fi\/rekrytointi\/\",\"logo\":{\"@type\":\"ImageObject\",\"inLanguage\":\"fi\",\"@id\":\"https:\/\/laura.fi\/rekrytointi\/#\/schema\/logo\/image\/\",\"url\":\"https:\/\/laura.fi\/rekrytointi\/wp-content\/uploads\/2017\/11\/REKRYCOM.png\",\"contentUrl\":\"https:\/\/laura.fi\/rekrytointi\/wp-content\/uploads\/2017\/11\/REKRYCOM.png\",\"width\":426,\"height\":142,\"caption\":\"LAURA Rekrytointi Oy\"},\"image\":{\"@id\":\"https:\/\/laura.fi\/rekrytointi\/#\/schema\/logo\/image\/\"},\"sameAs\":[\"https:\/\/fi-fi.facebook.com\/pages\/Uranusfi\/125289617532043\",\"https:\/\/twitter.com\/UranusOy\"]}]}<\/script>\n<!-- \/ Yoast SEO plugin. -->","yoast_head_json":{"title":"Decoding Global Talent - Ty\u00f6voiman liikkuvuus - Laura.fi","description":"Decoding Global Talent \u2013 Ty\u00f6voiman liikkuvuus on maailman suurin ty\u00f6voiman liikkuvuutta ja ty\u00f6mieltymyksi\u00e4 selvitt\u00e4v\u00e4 tutkimus. Tutustu ja lataa raportit!","robots":{"index":"index","follow":"follow","max-snippet":"max-snippet:-1","max-image-preview":"max-image-preview:large","max-video-preview":"max-video-preview:-1"},"canonical":"https:\/\/laura.fi\/rekrytointi\/tutkimukset\/decoding-global-talent-tyovoiman-liikkuvuus\/","og_locale":"fi_FI","og_type":"article","og_title":"Decoding Global Talent - Ty\u00f6voiman liikkuvuus","og_description":"Decoding Global Talent \u2013 Ty\u00f6voiman liikkuvuus on maailman suurin ty\u00f6voiman liikkuvuutta ja ty\u00f6mieltymyksi\u00e4 selvitt\u00e4v\u00e4 tutkimus. Tutustu ja lataa raportit!","og_url":"https:\/\/laura.fi\/rekrytointi\/tutkimukset\/decoding-global-talent-tyovoiman-liikkuvuus\/","og_site_name":"Laura.fi","article_publisher":"https:\/\/fi-fi.facebook.com\/pages\/Uranusfi\/125289617532043","article_modified_time":"2024-04-25T10:26:54+00:00","og_image":[{"width":1200,"height":628,"url":"https:\/\/laura.fi\/rekrytointi\/wp-content\/uploads\/2024\/04\/Tyovoiman-liikkuvuus-2024_1200-x-628.png","type":"image\/png"}],"twitter_card":"summary_large_image","twitter_title":"Decoding Global Talent - Ty\u00f6voiman liikkuvuus","twitter_description":"Decoding Global Talent \u2013 Ty\u00f6voiman liikkuvuus on maailman suurin ty\u00f6voiman liikkuvuutta ja ty\u00f6mieltymyksi\u00e4 selvitt\u00e4v\u00e4 tutkimus. Tutustu ja lataa raportit!","twitter_image":"https:\/\/laura.fi\/rekrytointi\/wp-content\/uploads\/2024\/04\/Tyovoiman-liikkuvuus-2024_1200-x-628.png","twitter_site":"@UranusOy","twitter_misc":{"Est. reading time":"5 minuuttia"},"schema":{"@context":"https:\/\/schema.org","@graph":[{"@type":"WebPage","@id":"https:\/\/laura.fi\/rekrytointi\/tutkimukset\/decoding-global-talent-tyovoiman-liikkuvuus\/","url":"https:\/\/laura.fi\/rekrytointi\/tutkimukset\/decoding-global-talent-tyovoiman-liikkuvuus\/","name":"Decoding Global Talent - Ty\u00f6voiman liikkuvuus - Laura.fi","isPartOf":{"@id":"https:\/\/laura.fi\/rekrytointi\/#website"},"datePublished":"2023-12-05T09:33:41+00:00","dateModified":"2024-04-25T10:26:54+00:00","description":"Decoding Global Talent \u2013 Ty\u00f6voiman liikkuvuus on maailman suurin ty\u00f6voiman liikkuvuutta ja ty\u00f6mieltymyksi\u00e4 selvitt\u00e4v\u00e4 tutkimus. Tutustu ja lataa raportit!","breadcrumb":{"@id":"https:\/\/laura.fi\/rekrytointi\/tutkimukset\/decoding-global-talent-tyovoiman-liikkuvuus\/#breadcrumb"},"inLanguage":"fi","potentialAction":[{"@type":"ReadAction","target":["https:\/\/laura.fi\/rekrytointi\/tutkimukset\/decoding-global-talent-tyovoiman-liikkuvuus\/"]}]},{"@type":"BreadcrumbList","@id":"https:\/\/laura.fi\/rekrytointi\/tutkimukset\/decoding-global-talent-tyovoiman-liikkuvuus\/#breadcrumb","itemListElement":[{"@type":"ListItem","position":1,"name":"Etusivu","item":"laura.fi"},{"@type":"ListItem","position":2,"name":"Tutkimukset","item":"https:\/\/laura.fi\/rekrytointi\/tutkimukset\/"},{"@type":"ListItem","position":3,"name":"Decoding Global Talent &#8211; Ty\u00f6voiman liikkuvuus"}]},{"@type":"WebSite","@id":"https:\/\/laura.fi\/rekrytointi\/#website","url":"https:\/\/laura.fi\/rekrytointi\/","name":"Laura.fi","description":"Hyvi\u00e4 t\u00f6it\u00e4 ja rekrytointeja n\u00e4kyviss\u00e4","publisher":{"@id":"https:\/\/laura.fi\/rekrytointi\/#organization"},"potentialAction":[{"@type":"SearchAction","target":{"@type":"EntryPoint","urlTemplate":"https:\/\/laura.fi\/rekrytointi\/?s={search_term_string}"},"query-input":"required name=search_term_string"}],"inLanguage":"fi"},{"@type":"Organization","@id":"https:\/\/laura.fi\/rekrytointi\/#organization","name":"LAURA Rekrytointi Oy","url":"https:\/\/laura.fi\/rekrytointi\/","logo":{"@type":"ImageObject","inLanguage":"fi","@id":"https:\/\/laura.fi\/rekrytointi\/#\/schema\/logo\/image\/","url":"https:\/\/laura.fi\/rekrytointi\/wp-content\/uploads\/2017\/11\/REKRYCOM.png","contentUrl":"https:\/\/laura.fi\/rekrytointi\/wp-content\/uploads\/2017\/11\/REKRYCOM.png","width":426,"height":142,"caption":"LAURA Rekrytointi Oy"},"image":{"@id":"https:\/\/laura.fi\/rekrytointi\/#\/schema\/logo\/image\/"},"sameAs":["https:\/\/fi-fi.facebook.com\/pages\/Uranusfi\/125289617532043","https:\/\/twitter.com\/UranusOy"]}]}},"_links":{"self":[{"href":"https:\/\/laura.fi\/rekrytointi\/wp-json\/wp\/v2\/pages\/35452","targetHints":{"allow":["GET"]}}],"collection":[{"href":"https:\/\/laura.fi\/rekrytointi\/wp-json\/wp\/v2\/pages"}],"about":[{"href":"https:\/\/laura.fi\/rekrytointi\/wp-json\/wp\/v2\/types\/page"}],"author":[{"embeddable":true,"href":"https:\/\/laura.fi\/rekrytointi\/wp-json\/wp\/v2\/users\/25"}],"replies":[{"embeddable":true,"href":"https:\/\/laura.fi\/rekrytointi\/wp-json\/wp\/v2\/comments?post=35452"}],"version-history":[{"count":28,"href":"https:\/\/laura.fi\/rekrytointi\/wp-json\/wp\/v2\/pages\/35452\/revisions"}],"predecessor-version":[{"id":38923,"href":"https:\/\/laura.fi\/rekrytointi\/wp-json\/wp\/v2\/pages\/35452\/revisions\/38923"}],"up":[{"embeddable":true,"href":"https:\/\/laura.fi\/rekrytointi\/wp-json\/wp\/v2\/pages\/35416"}],"wp:attachment":[{"href":"https:\/\/laura.fi\/rekrytointi\/wp-json\/wp\/v2\/media?parent=35452"}],"curies":[{"name":"wp","href":"https:\/\/api.w.org\/{rel}","templated":true}]}}