{"id":35416,"date":"2023-12-05T08:07:27","date_gmt":"2023-12-05T06:07:27","guid":{"rendered":"https:\/\/laura.fi\/rekrytointi\/?page_id=35416"},"modified":"2024-01-05T12:40:14","modified_gmt":"2024-01-05T10:40:14","slug":"tutkimukset","status":"publish","type":"page","link":"https:\/\/laura.fi\/rekrytointi\/tutkimukset\/","title":{"rendered":"Tutkimukset"},"content":{"rendered":"<div id=\"cs-content\" class=\"cs-content\"><\/div>\n","protected":false},"excerpt":{"rendered":"<p>Ty\u00f6nhaku- ja rekrytointitrendit \u2013 Tutkimustietoa ty\u00f6nhakijoille ja rekrytoijilleIntohimonamme on tarjota sinulle arvokasta tietoa rekrytointialasta, ty\u00f6llisyydest\u00e4 ja ty\u00f6nhausta, jotta voit l\u00f6yt\u00e4\u00e4 juuri oikean osaajan organisaatioonne tai saavuttaa unelmiesi uran. Haluamme koota yhteen parhaat k\u00e4yt\u00e4nn\u00f6t sek\u00e4 ty\u00f6nhaku- ja rekrytointitrendit, jotka auttavat sinua menestym\u00e4\u00e4n ty\u00f6el\u00e4m\u00e4ss\u00e4. Tutustu eri tutkimuksiimme, jotka tarjoavat arvokasta tietoa mm. ty\u00f6nantajien odotuksista, ty\u00f6nhakijoiden haasteista ja parhaista tavoista erottua kilpailijoista. N\u00e4in &#8230; <\/p>\n<div><a href=\"https:\/\/laura.fi\/rekrytointi\/tutkimukset\/\" class=\"more-link\">Lue lis\u00e4\u00e4<\/a><\/div>\n","protected":false},"author":25,"featured_media":0,"parent":0,"menu_order":0,"comment_status":"closed","ping_status":"closed","template":"template-layout-content-sidebar.php","meta":{"footnotes":""},"class_list":["post-35416","page","type-page","status-publish","hentry","no-post-thumbnail"],"yoast_head":"<!-- This site is optimized with the Yoast SEO plugin v20.9 - https:\/\/yoast.com\/wordpress\/plugins\/seo\/ -->\n<title>Ty\u00f6nhaku- ja rekrytointitrendit - Laura.fi<\/title>\n<meta name=\"description\" content=\"Mitk\u00e4 ovat viimeisimm\u00e4t ty\u00f6nhaku- ja rekrytointitrendit? Tutustu Lauran tutkimuksiin ja hy\u00f6dynn\u00e4 tuloksia menestyksellisen ty\u00f6nhaun ja rekrytoinnin tueksi.\" \/>\n<meta name=\"robots\" content=\"index, follow, max-snippet:-1, max-image-preview:large, max-video-preview:-1\" \/>\n<link rel=\"canonical\" href=\"https:\/\/laura.fi\/rekrytointi\/tutkimukset\/\" \/>\n<meta property=\"og:locale\" content=\"fi_FI\" \/>\n<meta property=\"og:type\" content=\"article\" \/>\n<meta property=\"og:title\" content=\"Ty\u00f6nhaku- ja rekrytointitrendit - Laura.fi\" \/>\n<meta property=\"og:description\" content=\"Mitk\u00e4 ovat viimeisimm\u00e4t ty\u00f6nhaku- ja rekrytointitrendit? Tutustu Lauran tutkimuksiin ja hy\u00f6dynn\u00e4 tuloksia menestyksellisen ty\u00f6nhaun ja rekrytoinnin tueksi.\" \/>\n<meta property=\"og:url\" content=\"https:\/\/laura.fi\/rekrytointi\/tutkimukset\/\" \/>\n<meta property=\"og:site_name\" content=\"Laura.fi\" \/>\n<meta property=\"article:publisher\" content=\"https:\/\/fi-fi.facebook.com\/pages\/Uranusfi\/125289617532043\" \/>\n<meta property=\"article:modified_time\" content=\"2024-01-05T10:40:14+00:00\" \/>\n<meta property=\"og:image\" content=\"https:\/\/laura.fi\/rekrytointi\/wp-content\/uploads\/2024\/01\/Tutkimukset-1200x628-1.jpg\" \/>\n\t<meta property=\"og:image:width\" content=\"1200\" \/>\n\t<meta property=\"og:image:height\" content=\"628\" \/>\n\t<meta property=\"og:image:type\" content=\"image\/jpeg\" \/>\n<meta name=\"twitter:card\" content=\"summary_large_image\" \/>\n<meta name=\"twitter:title\" content=\"Ty\u00f6nhaku- ja rekrytointitrendit - Laura.fi\" \/>\n<meta name=\"twitter:description\" content=\"Mitk\u00e4 ovat viimeisimm\u00e4t ty\u00f6nhaku- ja rekrytointitrendit? Tutustu Lauran tutkimuksiin ja hy\u00f6dynn\u00e4 tuloksia menestyksellisen ty\u00f6nhaun ja rekrytoinnin tueksi.\" \/>\n<meta name=\"twitter:image\" content=\"https:\/\/laura.fi\/rekrytointi\/wp-content\/uploads\/2024\/01\/Tutkimukset-1200x628-1.jpg\" \/>\n<meta name=\"twitter:site\" content=\"@UranusOy\" \/>\n<meta name=\"twitter:label1\" content=\"Est. reading time\" \/>\n\t<meta name=\"twitter:data1\" content=\"2 minuuttia\" \/>\n<script type=\"application\/ld+json\" class=\"yoast-schema-graph\">{\"@context\":\"https:\/\/schema.org\",\"@graph\":[{\"@type\":\"WebPage\",\"@id\":\"https:\/\/laura.fi\/rekrytointi\/tutkimukset\/\",\"url\":\"https:\/\/laura.fi\/rekrytointi\/tutkimukset\/\",\"name\":\"Ty\u00f6nhaku- ja rekrytointitrendit - Laura.fi\",\"isPartOf\":{\"@id\":\"https:\/\/laura.fi\/rekrytointi\/#website\"},\"datePublished\":\"2023-12-05T06:07:27+00:00\",\"dateModified\":\"2024-01-05T10:40:14+00:00\",\"description\":\"Mitk\u00e4 ovat viimeisimm\u00e4t ty\u00f6nhaku- ja rekrytointitrendit? Tutustu Lauran tutkimuksiin ja hy\u00f6dynn\u00e4 tuloksia menestyksellisen ty\u00f6nhaun ja rekrytoinnin tueksi.\",\"breadcrumb\":{\"@id\":\"https:\/\/laura.fi\/rekrytointi\/tutkimukset\/#breadcrumb\"},\"inLanguage\":\"fi\",\"potentialAction\":[{\"@type\":\"ReadAction\",\"target\":[\"https:\/\/laura.fi\/rekrytointi\/tutkimukset\/\"]}]},{\"@type\":\"BreadcrumbList\",\"@id\":\"https:\/\/laura.fi\/rekrytointi\/tutkimukset\/#breadcrumb\",\"itemListElement\":[{\"@type\":\"ListItem\",\"position\":1,\"name\":\"Etusivu\",\"item\":\"laura.fi\"},{\"@type\":\"ListItem\",\"position\":2,\"name\":\"Tutkimukset\"}]},{\"@type\":\"WebSite\",\"@id\":\"https:\/\/laura.fi\/rekrytointi\/#website\",\"url\":\"https:\/\/laura.fi\/rekrytointi\/\",\"name\":\"Laura.fi\",\"description\":\"Hyvi\u00e4 t\u00f6it\u00e4 ja rekrytointeja n\u00e4kyviss\u00e4\",\"publisher\":{\"@id\":\"https:\/\/laura.fi\/rekrytointi\/#organization\"},\"potentialAction\":[{\"@type\":\"SearchAction\",\"target\":{\"@type\":\"EntryPoint\",\"urlTemplate\":\"https:\/\/laura.fi\/rekrytointi\/?s={search_term_string}\"},\"query-input\":\"required name=search_term_string\"}],\"inLanguage\":\"fi\"},{\"@type\":\"Organization\",\"@id\":\"https:\/\/laura.fi\/rekrytointi\/#organization\",\"name\":\"LAURA Rekrytointi Oy\",\"url\":\"https:\/\/laura.fi\/rekrytointi\/\",\"logo\":{\"@type\":\"ImageObject\",\"inLanguage\":\"fi\",\"@id\":\"https:\/\/laura.fi\/rekrytointi\/#\/schema\/logo\/image\/\",\"url\":\"https:\/\/laura.fi\/rekrytointi\/wp-content\/uploads\/2017\/11\/REKRYCOM.png\",\"contentUrl\":\"https:\/\/laura.fi\/rekrytointi\/wp-content\/uploads\/2017\/11\/REKRYCOM.png\",\"width\":426,\"height\":142,\"caption\":\"LAURA Rekrytointi Oy\"},\"image\":{\"@id\":\"https:\/\/laura.fi\/rekrytointi\/#\/schema\/logo\/image\/\"},\"sameAs\":[\"https:\/\/fi-fi.facebook.com\/pages\/Uranusfi\/125289617532043\",\"https:\/\/twitter.com\/UranusOy\"]}]}<\/script>\n<!-- \/ Yoast SEO plugin. -->","yoast_head_json":{"title":"Ty\u00f6nhaku- ja rekrytointitrendit - Laura.fi","description":"Mitk\u00e4 ovat viimeisimm\u00e4t ty\u00f6nhaku- ja rekrytointitrendit? Tutustu Lauran tutkimuksiin ja hy\u00f6dynn\u00e4 tuloksia menestyksellisen ty\u00f6nhaun ja rekrytoinnin tueksi.","robots":{"index":"index","follow":"follow","max-snippet":"max-snippet:-1","max-image-preview":"max-image-preview:large","max-video-preview":"max-video-preview:-1"},"canonical":"https:\/\/laura.fi\/rekrytointi\/tutkimukset\/","og_locale":"fi_FI","og_type":"article","og_title":"Ty\u00f6nhaku- ja rekrytointitrendit - Laura.fi","og_description":"Mitk\u00e4 ovat viimeisimm\u00e4t ty\u00f6nhaku- ja rekrytointitrendit? Tutustu Lauran tutkimuksiin ja hy\u00f6dynn\u00e4 tuloksia menestyksellisen ty\u00f6nhaun ja rekrytoinnin tueksi.","og_url":"https:\/\/laura.fi\/rekrytointi\/tutkimukset\/","og_site_name":"Laura.fi","article_publisher":"https:\/\/fi-fi.facebook.com\/pages\/Uranusfi\/125289617532043","article_modified_time":"2024-01-05T10:40:14+00:00","og_image":[{"width":1200,"height":628,"url":"https:\/\/laura.fi\/rekrytointi\/wp-content\/uploads\/2024\/01\/Tutkimukset-1200x628-1.jpg","type":"image\/jpeg"}],"twitter_card":"summary_large_image","twitter_title":"Ty\u00f6nhaku- ja rekrytointitrendit - Laura.fi","twitter_description":"Mitk\u00e4 ovat viimeisimm\u00e4t ty\u00f6nhaku- ja rekrytointitrendit? Tutustu Lauran tutkimuksiin ja hy\u00f6dynn\u00e4 tuloksia menestyksellisen ty\u00f6nhaun ja rekrytoinnin tueksi.","twitter_image":"https:\/\/laura.fi\/rekrytointi\/wp-content\/uploads\/2024\/01\/Tutkimukset-1200x628-1.jpg","twitter_site":"@UranusOy","twitter_misc":{"Est. reading time":"2 minuuttia"},"schema":{"@context":"https:\/\/schema.org","@graph":[{"@type":"WebPage","@id":"https:\/\/laura.fi\/rekrytointi\/tutkimukset\/","url":"https:\/\/laura.fi\/rekrytointi\/tutkimukset\/","name":"Ty\u00f6nhaku- ja rekrytointitrendit - Laura.fi","isPartOf":{"@id":"https:\/\/laura.fi\/rekrytointi\/#website"},"datePublished":"2023-12-05T06:07:27+00:00","dateModified":"2024-01-05T10:40:14+00:00","description":"Mitk\u00e4 ovat viimeisimm\u00e4t ty\u00f6nhaku- ja rekrytointitrendit? Tutustu Lauran tutkimuksiin ja hy\u00f6dynn\u00e4 tuloksia menestyksellisen ty\u00f6nhaun ja rekrytoinnin tueksi.","breadcrumb":{"@id":"https:\/\/laura.fi\/rekrytointi\/tutkimukset\/#breadcrumb"},"inLanguage":"fi","potentialAction":[{"@type":"ReadAction","target":["https:\/\/laura.fi\/rekrytointi\/tutkimukset\/"]}]},{"@type":"BreadcrumbList","@id":"https:\/\/laura.fi\/rekrytointi\/tutkimukset\/#breadcrumb","itemListElement":[{"@type":"ListItem","position":1,"name":"Etusivu","item":"laura.fi"},{"@type":"ListItem","position":2,"name":"Tutkimukset"}]},{"@type":"WebSite","@id":"https:\/\/laura.fi\/rekrytointi\/#website","url":"https:\/\/laura.fi\/rekrytointi\/","name":"Laura.fi","description":"Hyvi\u00e4 t\u00f6it\u00e4 ja rekrytointeja n\u00e4kyviss\u00e4","publisher":{"@id":"https:\/\/laura.fi\/rekrytointi\/#organization"},"potentialAction":[{"@type":"SearchAction","target":{"@type":"EntryPoint","urlTemplate":"https:\/\/laura.fi\/rekrytointi\/?s={search_term_string}"},"query-input":"required name=search_term_string"}],"inLanguage":"fi"},{"@type":"Organization","@id":"https:\/\/laura.fi\/rekrytointi\/#organization","name":"LAURA Rekrytointi Oy","url":"https:\/\/laura.fi\/rekrytointi\/","logo":{"@type":"ImageObject","inLanguage":"fi","@id":"https:\/\/laura.fi\/rekrytointi\/#\/schema\/logo\/image\/","url":"https:\/\/laura.fi\/rekrytointi\/wp-content\/uploads\/2017\/11\/REKRYCOM.png","contentUrl":"https:\/\/laura.fi\/rekrytointi\/wp-content\/uploads\/2017\/11\/REKRYCOM.png","width":426,"height":142,"caption":"LAURA Rekrytointi Oy"},"image":{"@id":"https:\/\/laura.fi\/rekrytointi\/#\/schema\/logo\/image\/"},"sameAs":["https:\/\/fi-fi.facebook.com\/pages\/Uranusfi\/125289617532043","https:\/\/twitter.com\/UranusOy"]}]}},"_links":{"self":[{"href":"https:\/\/laura.fi\/rekrytointi\/wp-json\/wp\/v2\/pages\/35416","targetHints":{"allow":["GET"]}}],"collection":[{"href":"https:\/\/laura.fi\/rekrytointi\/wp-json\/wp\/v2\/pages"}],"about":[{"href":"https:\/\/laura.fi\/rekrytointi\/wp-json\/wp\/v2\/types\/page"}],"author":[{"embeddable":true,"href":"https:\/\/laura.fi\/rekrytointi\/wp-json\/wp\/v2\/users\/25"}],"replies":[{"embeddable":true,"href":"https:\/\/laura.fi\/rekrytointi\/wp-json\/wp\/v2\/comments?post=35416"}],"version-history":[{"count":11,"href":"https:\/\/laura.fi\/rekrytointi\/wp-json\/wp\/v2\/pages\/35416\/revisions"}],"predecessor-version":[{"id":38553,"href":"https:\/\/laura.fi\/rekrytointi\/wp-json\/wp\/v2\/pages\/35416\/revisions\/38553"}],"wp:attachment":[{"href":"https:\/\/laura.fi\/rekrytointi\/wp-json\/wp\/v2\/media?parent=35416"}],"curies":[{"name":"wp","href":"https:\/\/api.w.org\/{rel}","templated":true}]}}