{"id":35102,"date":"2023-11-17T13:07:56","date_gmt":"2023-11-17T11:07:56","guid":{"rendered":"https:\/\/laura.fi\/rekrytointi\/?page_id=35102"},"modified":"2026-03-13T10:00:12","modified_gmt":"2026-03-13T08:00:12","slug":"yhteystiedot-ja-tuki","status":"publish","type":"page","link":"https:\/\/laura.fi\/rekrytointi\/yhteystiedot-ja-tuki\/","title":{"rendered":"Yhteystiedot ja tuki"},"content":{"rendered":"<div id=\"cs-content\" class=\"cs-content\"><\/div>\n","protected":false},"excerpt":{"rendered":"<p>Oletko ty\u00f6nhakija?Mik\u00e4li sinulla on ty\u00f6paikan hakemiseen liittyvi\u00e4 kysymyksi\u00e4, ota yhteytt\u00e4 ty\u00f6nantajaan, jonka paikkaa olet hakemassa. T\u00e4\u00e4lt\u00e4 l\u00f6yd\u00e4t vastauksia ty\u00f6nhakijan usein kysyttyihin kysymyksiin:&#xf061;Katso usein kysytyt kysymyksetAsiakastuki ty\u00f6nhakijoilleinfo(at)laura.fiLaura Rekrytointij\u00e4rjestelm\u00e4n asiakastukiTy\u00f6nantaja, onko sinulla kysymyksi\u00e4 Laura Rekrytointij\u00e4rjestelm\u00e4n k\u00e4yt\u00f6st\u00e4? Katso Lauran k\u00e4ytt\u00f6oppaat tai l\u00e4het\u00e4 tukipyynt\u00f6.&#xf061;Laura Rekrytointij\u00e4rjestelm\u00e4n k\u00e4ytt\u00f6oppaat&#xf061;L\u00e4het\u00e4 tukipyynt\u00f6Asiakastuki ty\u00f6nantajilleAsiakastukemme palvelee arkisin klo 8.30\u201316.30. 046 850 5841 support(at)laura.fiTy\u00f6nantaja, haluatko ottaa askeleen kohti sujuvampaa rekrytointia? Ota yhteytt\u00e4 &#8230; <\/p>\n<div><a href=\"https:\/\/laura.fi\/rekrytointi\/yhteystiedot-ja-tuki\/\" class=\"more-link\">Lue lis\u00e4\u00e4<\/a><\/div>\n","protected":false},"author":25,"featured_media":0,"parent":0,"menu_order":0,"comment_status":"closed","ping_status":"closed","template":"template-layout-full-width.php","meta":{"footnotes":""},"class_list":["post-35102","page","type-page","status-publish","hentry","no-post-thumbnail"],"yoast_head":"<!-- This site is optimized with the Yoast SEO plugin v20.9 - https:\/\/yoast.com\/wordpress\/plugins\/seo\/ -->\n<title>Laura Rekrytointi Oy - Ota yhteytt\u00e4<\/title>\n<meta name=\"description\" content=\"Laura on apunasi kohti sujuvampaa rekrytointia. Katso Laura Rekrytointi Oy:n yhteystiedot ja ota yhteytt\u00e4 tiimiimme!\" \/>\n<meta name=\"robots\" content=\"index, follow, max-snippet:-1, max-image-preview:large, max-video-preview:-1\" \/>\n<link rel=\"canonical\" href=\"https:\/\/laura.fi\/rekrytointi\/yhteystiedot-ja-tuki\/\" \/>\n<meta property=\"og:locale\" content=\"fi_FI\" \/>\n<meta property=\"og:type\" content=\"article\" \/>\n<meta property=\"og:title\" content=\"LAURA Rekrytointi Oy - Ota yhteytt\u00e4\" \/>\n<meta property=\"og:description\" content=\"Laura on apunasi kohti sujuvampaa rekrytointia. Katso LAURA Rekrytointi Oy:n yhteystiedot ja ota yhteytt\u00e4 tiimiimme!\" \/>\n<meta property=\"og:url\" content=\"https:\/\/laura.fi\/rekrytointi\/yhteystiedot-ja-tuki\/\" \/>\n<meta property=\"og:site_name\" content=\"Laura.fi\" \/>\n<meta property=\"article:publisher\" content=\"https:\/\/fi-fi.facebook.com\/pages\/Uranusfi\/125289617532043\" \/>\n<meta property=\"article:modified_time\" content=\"2026-03-13T08:00:12+00:00\" \/>\n<meta property=\"og:image\" content=\"https:\/\/laura.fi\/rekrytointi\/wp-content\/uploads\/2024\/01\/Yhteystiedot-ja-tuki-1200x628-1.png\" \/>\n\t<meta property=\"og:image:width\" content=\"1200\" \/>\n\t<meta property=\"og:image:height\" content=\"628\" \/>\n\t<meta property=\"og:image:type\" content=\"image\/png\" \/>\n<meta name=\"twitter:card\" content=\"summary_large_image\" \/>\n<meta name=\"twitter:title\" content=\"LAURA Rekrytointi Oy - Ota yhteytt\u00e4\" \/>\n<meta name=\"twitter:description\" content=\"Laura on apunasi kohti sujuvampaa rekrytointia. Katso LAURA Rekrytointi Oy:n yhteystiedot ja ota yhteytt\u00e4 tiimiimme!\" \/>\n<meta name=\"twitter:image\" content=\"https:\/\/laura.fi\/rekrytointi\/wp-content\/uploads\/2024\/01\/Yhteystiedot-ja-tuki-1200x628-1.png\" \/>\n<meta name=\"twitter:site\" content=\"@UranusOy\" \/>\n<meta name=\"twitter:label1\" content=\"Est. reading time\" \/>\n\t<meta name=\"twitter:data1\" content=\"6 minuuttia\" \/>\n<script type=\"application\/ld+json\" class=\"yoast-schema-graph\">{\"@context\":\"https:\/\/schema.org\",\"@graph\":[{\"@type\":\"WebPage\",\"@id\":\"https:\/\/laura.fi\/rekrytointi\/yhteystiedot-ja-tuki\/\",\"url\":\"https:\/\/laura.fi\/rekrytointi\/yhteystiedot-ja-tuki\/\",\"name\":\"Laura Rekrytointi Oy - Ota yhteytt\u00e4\",\"isPartOf\":{\"@id\":\"https:\/\/laura.fi\/rekrytointi\/#website\"},\"datePublished\":\"2023-11-17T11:07:56+00:00\",\"dateModified\":\"2026-03-13T08:00:12+00:00\",\"description\":\"Laura on apunasi kohti sujuvampaa rekrytointia. Katso Laura Rekrytointi Oy:n yhteystiedot ja ota yhteytt\u00e4 tiimiimme!\",\"breadcrumb\":{\"@id\":\"https:\/\/laura.fi\/rekrytointi\/yhteystiedot-ja-tuki\/#breadcrumb\"},\"inLanguage\":\"fi\",\"potentialAction\":[{\"@type\":\"ReadAction\",\"target\":[\"https:\/\/laura.fi\/rekrytointi\/yhteystiedot-ja-tuki\/\"]}]},{\"@type\":\"BreadcrumbList\",\"@id\":\"https:\/\/laura.fi\/rekrytointi\/yhteystiedot-ja-tuki\/#breadcrumb\",\"itemListElement\":[{\"@type\":\"ListItem\",\"position\":1,\"name\":\"Etusivu\",\"item\":\"laura.fi\"},{\"@type\":\"ListItem\",\"position\":2,\"name\":\"Yhteystiedot ja tuki\"}]},{\"@type\":\"WebSite\",\"@id\":\"https:\/\/laura.fi\/rekrytointi\/#website\",\"url\":\"https:\/\/laura.fi\/rekrytointi\/\",\"name\":\"Laura.fi\",\"description\":\"Hyvi\u00e4 t\u00f6it\u00e4 ja rekrytointeja n\u00e4kyviss\u00e4\",\"publisher\":{\"@id\":\"https:\/\/laura.fi\/rekrytointi\/#organization\"},\"potentialAction\":[{\"@type\":\"SearchAction\",\"target\":{\"@type\":\"EntryPoint\",\"urlTemplate\":\"https:\/\/laura.fi\/rekrytointi\/?s={search_term_string}\"},\"query-input\":\"required name=search_term_string\"}],\"inLanguage\":\"fi\"},{\"@type\":\"Organization\",\"@id\":\"https:\/\/laura.fi\/rekrytointi\/#organization\",\"name\":\"LAURA Rekrytointi Oy\",\"url\":\"https:\/\/laura.fi\/rekrytointi\/\",\"logo\":{\"@type\":\"ImageObject\",\"inLanguage\":\"fi\",\"@id\":\"https:\/\/laura.fi\/rekrytointi\/#\/schema\/logo\/image\/\",\"url\":\"https:\/\/laura.fi\/rekrytointi\/wp-content\/uploads\/2017\/11\/REKRYCOM.png\",\"contentUrl\":\"https:\/\/laura.fi\/rekrytointi\/wp-content\/uploads\/2017\/11\/REKRYCOM.png\",\"width\":426,\"height\":142,\"caption\":\"LAURA Rekrytointi Oy\"},\"image\":{\"@id\":\"https:\/\/laura.fi\/rekrytointi\/#\/schema\/logo\/image\/\"},\"sameAs\":[\"https:\/\/fi-fi.facebook.com\/pages\/Uranusfi\/125289617532043\",\"https:\/\/twitter.com\/UranusOy\"]}]}<\/script>\n<!-- \/ Yoast SEO plugin. -->","yoast_head_json":{"title":"Laura Rekrytointi Oy - Ota yhteytt\u00e4","description":"Laura on apunasi kohti sujuvampaa rekrytointia. Katso Laura Rekrytointi Oy:n yhteystiedot ja ota yhteytt\u00e4 tiimiimme!","robots":{"index":"index","follow":"follow","max-snippet":"max-snippet:-1","max-image-preview":"max-image-preview:large","max-video-preview":"max-video-preview:-1"},"canonical":"https:\/\/laura.fi\/rekrytointi\/yhteystiedot-ja-tuki\/","og_locale":"fi_FI","og_type":"article","og_title":"LAURA Rekrytointi Oy - Ota yhteytt\u00e4","og_description":"Laura on apunasi kohti sujuvampaa rekrytointia. Katso LAURA Rekrytointi Oy:n yhteystiedot ja ota yhteytt\u00e4 tiimiimme!","og_url":"https:\/\/laura.fi\/rekrytointi\/yhteystiedot-ja-tuki\/","og_site_name":"Laura.fi","article_publisher":"https:\/\/fi-fi.facebook.com\/pages\/Uranusfi\/125289617532043","article_modified_time":"2026-03-13T08:00:12+00:00","og_image":[{"width":1200,"height":628,"url":"https:\/\/laura.fi\/rekrytointi\/wp-content\/uploads\/2024\/01\/Yhteystiedot-ja-tuki-1200x628-1.png","type":"image\/png"}],"twitter_card":"summary_large_image","twitter_title":"LAURA Rekrytointi Oy - Ota yhteytt\u00e4","twitter_description":"Laura on apunasi kohti sujuvampaa rekrytointia. Katso LAURA Rekrytointi Oy:n yhteystiedot ja ota yhteytt\u00e4 tiimiimme!","twitter_image":"https:\/\/laura.fi\/rekrytointi\/wp-content\/uploads\/2024\/01\/Yhteystiedot-ja-tuki-1200x628-1.png","twitter_site":"@UranusOy","twitter_misc":{"Est. reading time":"6 minuuttia"},"schema":{"@context":"https:\/\/schema.org","@graph":[{"@type":"WebPage","@id":"https:\/\/laura.fi\/rekrytointi\/yhteystiedot-ja-tuki\/","url":"https:\/\/laura.fi\/rekrytointi\/yhteystiedot-ja-tuki\/","name":"Laura Rekrytointi Oy - Ota yhteytt\u00e4","isPartOf":{"@id":"https:\/\/laura.fi\/rekrytointi\/#website"},"datePublished":"2023-11-17T11:07:56+00:00","dateModified":"2026-03-13T08:00:12+00:00","description":"Laura on apunasi kohti sujuvampaa rekrytointia. Katso Laura Rekrytointi Oy:n yhteystiedot ja ota yhteytt\u00e4 tiimiimme!","breadcrumb":{"@id":"https:\/\/laura.fi\/rekrytointi\/yhteystiedot-ja-tuki\/#breadcrumb"},"inLanguage":"fi","potentialAction":[{"@type":"ReadAction","target":["https:\/\/laura.fi\/rekrytointi\/yhteystiedot-ja-tuki\/"]}]},{"@type":"BreadcrumbList","@id":"https:\/\/laura.fi\/rekrytointi\/yhteystiedot-ja-tuki\/#breadcrumb","itemListElement":[{"@type":"ListItem","position":1,"name":"Etusivu","item":"laura.fi"},{"@type":"ListItem","position":2,"name":"Yhteystiedot ja tuki"}]},{"@type":"WebSite","@id":"https:\/\/laura.fi\/rekrytointi\/#website","url":"https:\/\/laura.fi\/rekrytointi\/","name":"Laura.fi","description":"Hyvi\u00e4 t\u00f6it\u00e4 ja rekrytointeja n\u00e4kyviss\u00e4","publisher":{"@id":"https:\/\/laura.fi\/rekrytointi\/#organization"},"potentialAction":[{"@type":"SearchAction","target":{"@type":"EntryPoint","urlTemplate":"https:\/\/laura.fi\/rekrytointi\/?s={search_term_string}"},"query-input":"required name=search_term_string"}],"inLanguage":"fi"},{"@type":"Organization","@id":"https:\/\/laura.fi\/rekrytointi\/#organization","name":"LAURA Rekrytointi Oy","url":"https:\/\/laura.fi\/rekrytointi\/","logo":{"@type":"ImageObject","inLanguage":"fi","@id":"https:\/\/laura.fi\/rekrytointi\/#\/schema\/logo\/image\/","url":"https:\/\/laura.fi\/rekrytointi\/wp-content\/uploads\/2017\/11\/REKRYCOM.png","contentUrl":"https:\/\/laura.fi\/rekrytointi\/wp-content\/uploads\/2017\/11\/REKRYCOM.png","width":426,"height":142,"caption":"LAURA Rekrytointi Oy"},"image":{"@id":"https:\/\/laura.fi\/rekrytointi\/#\/schema\/logo\/image\/"},"sameAs":["https:\/\/fi-fi.facebook.com\/pages\/Uranusfi\/125289617532043","https:\/\/twitter.com\/UranusOy"]}]}},"_links":{"self":[{"href":"https:\/\/laura.fi\/rekrytointi\/wp-json\/wp\/v2\/pages\/35102","targetHints":{"allow":["GET"]}}],"collection":[{"href":"https:\/\/laura.fi\/rekrytointi\/wp-json\/wp\/v2\/pages"}],"about":[{"href":"https:\/\/laura.fi\/rekrytointi\/wp-json\/wp\/v2\/types\/page"}],"author":[{"embeddable":true,"href":"https:\/\/laura.fi\/rekrytointi\/wp-json\/wp\/v2\/users\/25"}],"replies":[{"embeddable":true,"href":"https:\/\/laura.fi\/rekrytointi\/wp-json\/wp\/v2\/comments?post=35102"}],"version-history":[{"count":82,"href":"https:\/\/laura.fi\/rekrytointi\/wp-json\/wp\/v2\/pages\/35102\/revisions"}],"predecessor-version":[{"id":42612,"href":"https:\/\/laura.fi\/rekrytointi\/wp-json\/wp\/v2\/pages\/35102\/revisions\/42612"}],"wp:attachment":[{"href":"https:\/\/laura.fi\/rekrytointi\/wp-json\/wp\/v2\/media?parent=35102"}],"curies":[{"name":"wp","href":"https:\/\/api.w.org\/{rel}","templated":true}]}}