{"id":35069,"date":"2023-11-15T09:52:50","date_gmt":"2023-11-15T07:52:50","guid":{"rendered":"https:\/\/laura.fi\/rekrytointi\/?page_id=35069"},"modified":"2025-09-29T14:00:28","modified_gmt":"2025-09-29T11:00:28","slug":"asiakkaat","status":"publish","type":"page","link":"https:\/\/laura.fi\/rekrytointi\/asiakkaat\/","title":{"rendered":"Asiakkaat"},"content":{"rendered":"<div id=\"cs-content\" class=\"cs-content\"><\/div>\n","protected":false},"excerpt":{"rendered":"<p>Ratkaisumme soveltuvat juuri sinulleLauran kattavat ratkaisut taipuvat monenlaisen ty\u00f6nantajan rekrytointitarpeisiin. Lauran asiakkaat ovat henkil\u00f6st\u00f6mme syd\u00e4n ja sielu. Palvelemme asiakkaitamme suurella ylpeydell\u00e4! Laadukas ja asiantunteva asiakaspalvelumme tukee sinua, jotta rekrytointisi olisi sujuvampaa!Miksi l\u00e4hte\u00e4 Lauran mukaan?Lauran kanssa on helppo asioida ja tehd\u00e4 yhteisty\u00f6t\u00e4. Asiakkaamme arvostavat lis\u00e4ksi Lauran inhimillist\u00e4 ja asiantuntevaa l\u00e4hestymistapaa palveluiden k\u00e4ytt\u00f6\u00f6notossa. Kaiken t\u00e4m\u00e4n lis\u00e4ksi kauttamme saat palvelut rekrytointij\u00e4rjestelm\u00e4st\u00e4 aina osaajien &#8230; <\/p>\n<div><a href=\"https:\/\/laura.fi\/rekrytointi\/asiakkaat\/\" class=\"more-link\">Lue lis\u00e4\u00e4<\/a><\/div>\n","protected":false},"author":25,"featured_media":0,"parent":0,"menu_order":0,"comment_status":"closed","ping_status":"closed","template":"template-layout-full-width.php","meta":{"footnotes":""},"class_list":["post-35069","page","type-page","status-publish","hentry","no-post-thumbnail"],"yoast_head":"<!-- This site is optimized with the Yoast SEO plugin v20.9 - https:\/\/yoast.com\/wordpress\/plugins\/seo\/ -->\n<title>Lauran asiakkaat \u2013 liity tyytyv\u00e4isten asiakkaidemme joukkoon<\/title>\n<meta name=\"description\" content=\"Lauran asiakkaat ovat tyytyv\u00e4inen joukko kaikenkokoisia ty\u00f6nantajia useilla toimialoilla. Laura on luottokumppanisi sujuvampaan rekrytointiin.\" \/>\n<meta name=\"robots\" content=\"index, follow, max-snippet:-1, max-image-preview:large, max-video-preview:-1\" \/>\n<link rel=\"canonical\" href=\"https:\/\/laura.fi\/rekrytointi\/asiakkaat\/\" \/>\n<meta property=\"og:locale\" content=\"fi_FI\" \/>\n<meta property=\"og:type\" content=\"article\" \/>\n<meta property=\"og:title\" content=\"Lauran asiakkaat \u2013 liity tyytyv\u00e4isten asiakkaidemme joukkoon\" \/>\n<meta property=\"og:description\" content=\"Lauran asiakkaat ovat tyytyv\u00e4inen joukko kaikenkokoisia ty\u00f6nantajia useilla toimialoilla. Laura on rekrytoijien luottokumppani sujuvammassa rekrytoinnissa.\" \/>\n<meta property=\"og:url\" content=\"https:\/\/laura.fi\/rekrytointi\/asiakkaat\/\" \/>\n<meta property=\"og:site_name\" content=\"Laura.fi\" \/>\n<meta property=\"article:publisher\" content=\"https:\/\/fi-fi.facebook.com\/pages\/Uranusfi\/125289617532043\" \/>\n<meta property=\"article:modified_time\" content=\"2025-09-29T11:00:28+00:00\" \/>\n<meta property=\"og:image\" content=\"https:\/\/laura.fi\/rekrytointi\/wp-content\/uploads\/2024\/01\/Asiakkaat-1200x628-1.jpg\" \/>\n\t<meta property=\"og:image:width\" content=\"1200\" \/>\n\t<meta property=\"og:image:height\" content=\"628\" \/>\n\t<meta property=\"og:image:type\" content=\"image\/jpeg\" \/>\n<meta name=\"twitter:card\" content=\"summary_large_image\" \/>\n<meta name=\"twitter:title\" content=\"Lauran asiakkaat \u2013 liity tyytyv\u00e4isten asiakkaidemme joukkoon\" \/>\n<meta name=\"twitter:description\" content=\"Lauran asiakkaat ovat tyytyv\u00e4inen joukko kaikenkokoisia ty\u00f6nantajia useilla toimialoilla. Laura on rekrytoijien luottokumppani sujuvammassa rekrytoinnissa.\" \/>\n<meta name=\"twitter:image\" content=\"https:\/\/laura.fi\/rekrytointi\/wp-content\/uploads\/2024\/01\/Asiakkaat-1200x628-1.jpg\" \/>\n<meta name=\"twitter:site\" content=\"@UranusOy\" \/>\n<meta name=\"twitter:label1\" content=\"Est. reading time\" \/>\n\t<meta name=\"twitter:data1\" content=\"3 minuuttia\" \/>\n<script type=\"application\/ld+json\" class=\"yoast-schema-graph\">{\"@context\":\"https:\/\/schema.org\",\"@graph\":[{\"@type\":\"WebPage\",\"@id\":\"https:\/\/laura.fi\/rekrytointi\/asiakkaat\/\",\"url\":\"https:\/\/laura.fi\/rekrytointi\/asiakkaat\/\",\"name\":\"Lauran asiakkaat \u2013 liity tyytyv\u00e4isten asiakkaidemme joukkoon\",\"isPartOf\":{\"@id\":\"https:\/\/laura.fi\/rekrytointi\/#website\"},\"datePublished\":\"2023-11-15T07:52:50+00:00\",\"dateModified\":\"2025-09-29T11:00:28+00:00\",\"description\":\"Lauran asiakkaat ovat tyytyv\u00e4inen joukko kaikenkokoisia ty\u00f6nantajia useilla toimialoilla. Laura on luottokumppanisi sujuvampaan rekrytointiin.\",\"breadcrumb\":{\"@id\":\"https:\/\/laura.fi\/rekrytointi\/asiakkaat\/#breadcrumb\"},\"inLanguage\":\"fi\",\"potentialAction\":[{\"@type\":\"ReadAction\",\"target\":[\"https:\/\/laura.fi\/rekrytointi\/asiakkaat\/\"]}]},{\"@type\":\"BreadcrumbList\",\"@id\":\"https:\/\/laura.fi\/rekrytointi\/asiakkaat\/#breadcrumb\",\"itemListElement\":[{\"@type\":\"ListItem\",\"position\":1,\"name\":\"Etusivu\",\"item\":\"laura.fi\"},{\"@type\":\"ListItem\",\"position\":2,\"name\":\"Asiakkaat\"}]},{\"@type\":\"WebSite\",\"@id\":\"https:\/\/laura.fi\/rekrytointi\/#website\",\"url\":\"https:\/\/laura.fi\/rekrytointi\/\",\"name\":\"Laura.fi\",\"description\":\"Hyvi\u00e4 t\u00f6it\u00e4 ja rekrytointeja n\u00e4kyviss\u00e4\",\"publisher\":{\"@id\":\"https:\/\/laura.fi\/rekrytointi\/#organization\"},\"potentialAction\":[{\"@type\":\"SearchAction\",\"target\":{\"@type\":\"EntryPoint\",\"urlTemplate\":\"https:\/\/laura.fi\/rekrytointi\/?s={search_term_string}\"},\"query-input\":\"required name=search_term_string\"}],\"inLanguage\":\"fi\"},{\"@type\":\"Organization\",\"@id\":\"https:\/\/laura.fi\/rekrytointi\/#organization\",\"name\":\"LAURA Rekrytointi Oy\",\"url\":\"https:\/\/laura.fi\/rekrytointi\/\",\"logo\":{\"@type\":\"ImageObject\",\"inLanguage\":\"fi\",\"@id\":\"https:\/\/laura.fi\/rekrytointi\/#\/schema\/logo\/image\/\",\"url\":\"https:\/\/laura.fi\/rekrytointi\/wp-content\/uploads\/2017\/11\/REKRYCOM.png\",\"contentUrl\":\"https:\/\/laura.fi\/rekrytointi\/wp-content\/uploads\/2017\/11\/REKRYCOM.png\",\"width\":426,\"height\":142,\"caption\":\"LAURA Rekrytointi Oy\"},\"image\":{\"@id\":\"https:\/\/laura.fi\/rekrytointi\/#\/schema\/logo\/image\/\"},\"sameAs\":[\"https:\/\/fi-fi.facebook.com\/pages\/Uranusfi\/125289617532043\",\"https:\/\/twitter.com\/UranusOy\"]}]}<\/script>\n<!-- \/ Yoast SEO plugin. -->","yoast_head_json":{"title":"Lauran asiakkaat \u2013 liity tyytyv\u00e4isten asiakkaidemme joukkoon","description":"Lauran asiakkaat ovat tyytyv\u00e4inen joukko kaikenkokoisia ty\u00f6nantajia useilla toimialoilla. Laura on luottokumppanisi sujuvampaan rekrytointiin.","robots":{"index":"index","follow":"follow","max-snippet":"max-snippet:-1","max-image-preview":"max-image-preview:large","max-video-preview":"max-video-preview:-1"},"canonical":"https:\/\/laura.fi\/rekrytointi\/asiakkaat\/","og_locale":"fi_FI","og_type":"article","og_title":"Lauran asiakkaat \u2013 liity tyytyv\u00e4isten asiakkaidemme joukkoon","og_description":"Lauran asiakkaat ovat tyytyv\u00e4inen joukko kaikenkokoisia ty\u00f6nantajia useilla toimialoilla. Laura on rekrytoijien luottokumppani sujuvammassa rekrytoinnissa.","og_url":"https:\/\/laura.fi\/rekrytointi\/asiakkaat\/","og_site_name":"Laura.fi","article_publisher":"https:\/\/fi-fi.facebook.com\/pages\/Uranusfi\/125289617532043","article_modified_time":"2025-09-29T11:00:28+00:00","og_image":[{"width":1200,"height":628,"url":"https:\/\/laura.fi\/rekrytointi\/wp-content\/uploads\/2024\/01\/Asiakkaat-1200x628-1.jpg","type":"image\/jpeg"}],"twitter_card":"summary_large_image","twitter_title":"Lauran asiakkaat \u2013 liity tyytyv\u00e4isten asiakkaidemme joukkoon","twitter_description":"Lauran asiakkaat ovat tyytyv\u00e4inen joukko kaikenkokoisia ty\u00f6nantajia useilla toimialoilla. Laura on rekrytoijien luottokumppani sujuvammassa rekrytoinnissa.","twitter_image":"https:\/\/laura.fi\/rekrytointi\/wp-content\/uploads\/2024\/01\/Asiakkaat-1200x628-1.jpg","twitter_site":"@UranusOy","twitter_misc":{"Est. reading time":"3 minuuttia"},"schema":{"@context":"https:\/\/schema.org","@graph":[{"@type":"WebPage","@id":"https:\/\/laura.fi\/rekrytointi\/asiakkaat\/","url":"https:\/\/laura.fi\/rekrytointi\/asiakkaat\/","name":"Lauran asiakkaat \u2013 liity tyytyv\u00e4isten asiakkaidemme joukkoon","isPartOf":{"@id":"https:\/\/laura.fi\/rekrytointi\/#website"},"datePublished":"2023-11-15T07:52:50+00:00","dateModified":"2025-09-29T11:00:28+00:00","description":"Lauran asiakkaat ovat tyytyv\u00e4inen joukko kaikenkokoisia ty\u00f6nantajia useilla toimialoilla. Laura on luottokumppanisi sujuvampaan rekrytointiin.","breadcrumb":{"@id":"https:\/\/laura.fi\/rekrytointi\/asiakkaat\/#breadcrumb"},"inLanguage":"fi","potentialAction":[{"@type":"ReadAction","target":["https:\/\/laura.fi\/rekrytointi\/asiakkaat\/"]}]},{"@type":"BreadcrumbList","@id":"https:\/\/laura.fi\/rekrytointi\/asiakkaat\/#breadcrumb","itemListElement":[{"@type":"ListItem","position":1,"name":"Etusivu","item":"laura.fi"},{"@type":"ListItem","position":2,"name":"Asiakkaat"}]},{"@type":"WebSite","@id":"https:\/\/laura.fi\/rekrytointi\/#website","url":"https:\/\/laura.fi\/rekrytointi\/","name":"Laura.fi","description":"Hyvi\u00e4 t\u00f6it\u00e4 ja rekrytointeja n\u00e4kyviss\u00e4","publisher":{"@id":"https:\/\/laura.fi\/rekrytointi\/#organization"},"potentialAction":[{"@type":"SearchAction","target":{"@type":"EntryPoint","urlTemplate":"https:\/\/laura.fi\/rekrytointi\/?s={search_term_string}"},"query-input":"required name=search_term_string"}],"inLanguage":"fi"},{"@type":"Organization","@id":"https:\/\/laura.fi\/rekrytointi\/#organization","name":"LAURA Rekrytointi Oy","url":"https:\/\/laura.fi\/rekrytointi\/","logo":{"@type":"ImageObject","inLanguage":"fi","@id":"https:\/\/laura.fi\/rekrytointi\/#\/schema\/logo\/image\/","url":"https:\/\/laura.fi\/rekrytointi\/wp-content\/uploads\/2017\/11\/REKRYCOM.png","contentUrl":"https:\/\/laura.fi\/rekrytointi\/wp-content\/uploads\/2017\/11\/REKRYCOM.png","width":426,"height":142,"caption":"LAURA Rekrytointi Oy"},"image":{"@id":"https:\/\/laura.fi\/rekrytointi\/#\/schema\/logo\/image\/"},"sameAs":["https:\/\/fi-fi.facebook.com\/pages\/Uranusfi\/125289617532043","https:\/\/twitter.com\/UranusOy"]}]}},"_links":{"self":[{"href":"https:\/\/laura.fi\/rekrytointi\/wp-json\/wp\/v2\/pages\/35069","targetHints":{"allow":["GET"]}}],"collection":[{"href":"https:\/\/laura.fi\/rekrytointi\/wp-json\/wp\/v2\/pages"}],"about":[{"href":"https:\/\/laura.fi\/rekrytointi\/wp-json\/wp\/v2\/types\/page"}],"author":[{"embeddable":true,"href":"https:\/\/laura.fi\/rekrytointi\/wp-json\/wp\/v2\/users\/25"}],"replies":[{"embeddable":true,"href":"https:\/\/laura.fi\/rekrytointi\/wp-json\/wp\/v2\/comments?post=35069"}],"version-history":[{"count":12,"href":"https:\/\/laura.fi\/rekrytointi\/wp-json\/wp\/v2\/pages\/35069\/revisions"}],"predecessor-version":[{"id":42010,"href":"https:\/\/laura.fi\/rekrytointi\/wp-json\/wp\/v2\/pages\/35069\/revisions\/42010"}],"wp:attachment":[{"href":"https:\/\/laura.fi\/rekrytointi\/wp-json\/wp\/v2\/media?parent=35069"}],"curies":[{"name":"wp","href":"https:\/\/api.w.org\/{rel}","templated":true}]}}