{"id":35048,"date":"2023-11-13T09:51:16","date_gmt":"2023-11-13T07:51:16","guid":{"rendered":"https:\/\/laura.fi\/rekrytointi\/?page_id=35048"},"modified":"2026-04-06T13:44:54","modified_gmt":"2026-04-06T10:44:54","slug":"toihin-lauralle","status":"publish","type":"page","link":"https:\/\/laura.fi\/rekrytointi\/toihin-lauralle\/","title":{"rendered":"T\u00f6ihin Lauralle"},"content":{"rendered":"<div id=\"cs-content\" class=\"cs-content\"><\/div>\n","protected":false},"excerpt":{"rendered":"<p>Etsitk\u00f6 erityisen hyv\u00e4\u00e4 ty\u00f6paikkaa?Haluaisitko tulla t\u00f6ihin Lauralle ja liitty\u00e4 joukkoomme ty\u00f6yhteis\u00f6\u00f6n, joka auttaa rekrytoijia l\u00f6yt\u00e4m\u00e4\u00e4n osaajia ja tekem\u00e4\u00e4n ty\u00f6ns\u00e4 helpommin? Ty\u00f6ll\u00e4mme on merkitt\u00e4v\u00e4 vaikutus kymmenien tuhansien p\u00e4ivitt\u00e4iseen ty\u00f6h\u00f6n ja satojen tuhansien ihmisten urakehitykseen. Meill\u00e4 p\u00e4\u00e4set suoraan vaikuttamaan, miten osaajat ty\u00f6llistyv\u00e4t Suomen parhaimpiin organisaatioihin. Palvelujemme avulla teemme siis rekrytoinnista ja ty\u00f6nhausta sujuvampaa. Meill\u00e4 voit l\u00f6yt\u00e4\u00e4 urapolkusi niin ohjelmistokehityksen, rekrytoinnin, myynnin, markkinoinnin &#8230; <\/p>\n<div><a href=\"https:\/\/laura.fi\/rekrytointi\/toihin-lauralle\/\" class=\"more-link\">Lue lis\u00e4\u00e4<\/a><\/div>\n","protected":false},"author":25,"featured_media":0,"parent":0,"menu_order":0,"comment_status":"closed","ping_status":"closed","template":"template-layout-full-width.php","meta":{"footnotes":""},"class_list":["post-35048","page","type-page","status-publish","hentry","no-post-thumbnail"],"yoast_head":"<!-- This site is optimized with the Yoast SEO plugin v20.9 - https:\/\/yoast.com\/wordpress\/plugins\/seo\/ -->\n<title>Tule t\u00f6ihin Lauralle \u2013 Tutustu ty\u00f6yhteis\u00f6\u00f6mme ja hae t\u00f6ihin<\/title>\n<meta name=\"description\" content=\"Kurkista, millaista meill\u00e4 on ty\u00f6skennell\u00e4 ja hae t\u00f6ihin Lauralle! Liity mukaan ty\u00f6yhteis\u00f6\u00f6n, joka auttaa yhdist\u00e4m\u00e4\u00e4n parhaat tekij\u00e4t parhaisiin paikkoihin.\" \/>\n<meta name=\"robots\" content=\"index, follow, max-snippet:-1, max-image-preview:large, max-video-preview:-1\" \/>\n<link rel=\"canonical\" href=\"https:\/\/laura.fi\/rekrytointi\/toihin-lauralle\/\" \/>\n<meta property=\"og:locale\" content=\"fi_FI\" \/>\n<meta property=\"og:type\" content=\"article\" \/>\n<meta property=\"og:title\" content=\"Tule t\u00f6ihin Lauralle \u2013 Tutustu ty\u00f6yhteis\u00f6\u00f6mme ja hae t\u00f6ihin\" \/>\n<meta property=\"og:description\" content=\"Kurkista, millaista meill\u00e4 on ty\u00f6skennell\u00e4 ja hae t\u00f6ihin Lauralle! Liity mukaan ty\u00f6yhteis\u00f6\u00f6n, joka auttaa yhdist\u00e4m\u00e4\u00e4n parhaat tekij\u00e4t parhaisiin paikkoihin.\" \/>\n<meta property=\"og:url\" content=\"https:\/\/laura.fi\/rekrytointi\/toihin-lauralle\/\" \/>\n<meta property=\"og:site_name\" content=\"Laura.fi\" \/>\n<meta property=\"article:publisher\" content=\"https:\/\/fi-fi.facebook.com\/pages\/Uranusfi\/125289617532043\" \/>\n<meta property=\"article:modified_time\" content=\"2026-04-06T10:44:54+00:00\" \/>\n<meta property=\"og:image\" content=\"https:\/\/laura.fi\/rekrytointi\/wp-content\/uploads\/2024\/01\/Tule-toihin-Lauralle-1200x628-1.png\" \/>\n\t<meta property=\"og:image:width\" content=\"1200\" \/>\n\t<meta property=\"og:image:height\" content=\"628\" \/>\n\t<meta property=\"og:image:type\" content=\"image\/png\" \/>\n<meta name=\"twitter:card\" content=\"summary_large_image\" \/>\n<meta name=\"twitter:title\" content=\"Tule t\u00f6ihin Lauralle \u2013 Tutustu ty\u00f6yhteis\u00f6\u00f6mme ja hae t\u00f6ihin\" \/>\n<meta name=\"twitter:description\" content=\"Kurkista, millaista meill\u00e4 on ty\u00f6skennell\u00e4 ja hae t\u00f6ihin Lauralle! Liity mukaan ty\u00f6yhteis\u00f6\u00f6n, joka auttaa yhdist\u00e4m\u00e4\u00e4n parhaat tekij\u00e4t parhaisiin paikkoihin.\" \/>\n<meta name=\"twitter:image\" content=\"https:\/\/laura.fi\/rekrytointi\/wp-content\/uploads\/2024\/01\/Tule-toihin-Lauralle-1200x628-1.png\" \/>\n<meta name=\"twitter:site\" content=\"@UranusOy\" \/>\n<meta name=\"twitter:label1\" content=\"Est. reading time\" \/>\n\t<meta name=\"twitter:data1\" content=\"6 minuuttia\" \/>\n<script type=\"application\/ld+json\" class=\"yoast-schema-graph\">{\"@context\":\"https:\/\/schema.org\",\"@graph\":[{\"@type\":\"WebPage\",\"@id\":\"https:\/\/laura.fi\/rekrytointi\/toihin-lauralle\/\",\"url\":\"https:\/\/laura.fi\/rekrytointi\/toihin-lauralle\/\",\"name\":\"Tule t\u00f6ihin Lauralle \u2013 Tutustu ty\u00f6yhteis\u00f6\u00f6mme ja hae t\u00f6ihin\",\"isPartOf\":{\"@id\":\"https:\/\/laura.fi\/rekrytointi\/#website\"},\"datePublished\":\"2023-11-13T07:51:16+00:00\",\"dateModified\":\"2026-04-06T10:44:54+00:00\",\"description\":\"Kurkista, millaista meill\u00e4 on ty\u00f6skennell\u00e4 ja hae t\u00f6ihin Lauralle! Liity mukaan ty\u00f6yhteis\u00f6\u00f6n, joka auttaa yhdist\u00e4m\u00e4\u00e4n parhaat tekij\u00e4t parhaisiin paikkoihin.\",\"breadcrumb\":{\"@id\":\"https:\/\/laura.fi\/rekrytointi\/toihin-lauralle\/#breadcrumb\"},\"inLanguage\":\"fi\",\"potentialAction\":[{\"@type\":\"ReadAction\",\"target\":[\"https:\/\/laura.fi\/rekrytointi\/toihin-lauralle\/\"]}]},{\"@type\":\"BreadcrumbList\",\"@id\":\"https:\/\/laura.fi\/rekrytointi\/toihin-lauralle\/#breadcrumb\",\"itemListElement\":[{\"@type\":\"ListItem\",\"position\":1,\"name\":\"Etusivu\",\"item\":\"laura.fi\"},{\"@type\":\"ListItem\",\"position\":2,\"name\":\"T\u00f6ihin Lauralle\"}]},{\"@type\":\"WebSite\",\"@id\":\"https:\/\/laura.fi\/rekrytointi\/#website\",\"url\":\"https:\/\/laura.fi\/rekrytointi\/\",\"name\":\"Laura.fi\",\"description\":\"Hyvi\u00e4 t\u00f6it\u00e4 ja rekrytointeja n\u00e4kyviss\u00e4\",\"publisher\":{\"@id\":\"https:\/\/laura.fi\/rekrytointi\/#organization\"},\"potentialAction\":[{\"@type\":\"SearchAction\",\"target\":{\"@type\":\"EntryPoint\",\"urlTemplate\":\"https:\/\/laura.fi\/rekrytointi\/?s={search_term_string}\"},\"query-input\":\"required name=search_term_string\"}],\"inLanguage\":\"fi\"},{\"@type\":\"Organization\",\"@id\":\"https:\/\/laura.fi\/rekrytointi\/#organization\",\"name\":\"LAURA Rekrytointi Oy\",\"url\":\"https:\/\/laura.fi\/rekrytointi\/\",\"logo\":{\"@type\":\"ImageObject\",\"inLanguage\":\"fi\",\"@id\":\"https:\/\/laura.fi\/rekrytointi\/#\/schema\/logo\/image\/\",\"url\":\"https:\/\/laura.fi\/rekrytointi\/wp-content\/uploads\/2017\/11\/REKRYCOM.png\",\"contentUrl\":\"https:\/\/laura.fi\/rekrytointi\/wp-content\/uploads\/2017\/11\/REKRYCOM.png\",\"width\":426,\"height\":142,\"caption\":\"LAURA Rekrytointi Oy\"},\"image\":{\"@id\":\"https:\/\/laura.fi\/rekrytointi\/#\/schema\/logo\/image\/\"},\"sameAs\":[\"https:\/\/fi-fi.facebook.com\/pages\/Uranusfi\/125289617532043\",\"https:\/\/twitter.com\/UranusOy\"]}]}<\/script>\n<!-- \/ Yoast SEO plugin. -->","yoast_head_json":{"title":"Tule t\u00f6ihin Lauralle \u2013 Tutustu ty\u00f6yhteis\u00f6\u00f6mme ja hae t\u00f6ihin","description":"Kurkista, millaista meill\u00e4 on ty\u00f6skennell\u00e4 ja hae t\u00f6ihin Lauralle! Liity mukaan ty\u00f6yhteis\u00f6\u00f6n, joka auttaa yhdist\u00e4m\u00e4\u00e4n parhaat tekij\u00e4t parhaisiin paikkoihin.","robots":{"index":"index","follow":"follow","max-snippet":"max-snippet:-1","max-image-preview":"max-image-preview:large","max-video-preview":"max-video-preview:-1"},"canonical":"https:\/\/laura.fi\/rekrytointi\/toihin-lauralle\/","og_locale":"fi_FI","og_type":"article","og_title":"Tule t\u00f6ihin Lauralle \u2013 Tutustu ty\u00f6yhteis\u00f6\u00f6mme ja hae t\u00f6ihin","og_description":"Kurkista, millaista meill\u00e4 on ty\u00f6skennell\u00e4 ja hae t\u00f6ihin Lauralle! Liity mukaan ty\u00f6yhteis\u00f6\u00f6n, joka auttaa yhdist\u00e4m\u00e4\u00e4n parhaat tekij\u00e4t parhaisiin paikkoihin.","og_url":"https:\/\/laura.fi\/rekrytointi\/toihin-lauralle\/","og_site_name":"Laura.fi","article_publisher":"https:\/\/fi-fi.facebook.com\/pages\/Uranusfi\/125289617532043","article_modified_time":"2026-04-06T10:44:54+00:00","og_image":[{"width":1200,"height":628,"url":"https:\/\/laura.fi\/rekrytointi\/wp-content\/uploads\/2024\/01\/Tule-toihin-Lauralle-1200x628-1.png","type":"image\/png"}],"twitter_card":"summary_large_image","twitter_title":"Tule t\u00f6ihin Lauralle \u2013 Tutustu ty\u00f6yhteis\u00f6\u00f6mme ja hae t\u00f6ihin","twitter_description":"Kurkista, millaista meill\u00e4 on ty\u00f6skennell\u00e4 ja hae t\u00f6ihin Lauralle! Liity mukaan ty\u00f6yhteis\u00f6\u00f6n, joka auttaa yhdist\u00e4m\u00e4\u00e4n parhaat tekij\u00e4t parhaisiin paikkoihin.","twitter_image":"https:\/\/laura.fi\/rekrytointi\/wp-content\/uploads\/2024\/01\/Tule-toihin-Lauralle-1200x628-1.png","twitter_site":"@UranusOy","twitter_misc":{"Est. reading time":"6 minuuttia"},"schema":{"@context":"https:\/\/schema.org","@graph":[{"@type":"WebPage","@id":"https:\/\/laura.fi\/rekrytointi\/toihin-lauralle\/","url":"https:\/\/laura.fi\/rekrytointi\/toihin-lauralle\/","name":"Tule t\u00f6ihin Lauralle \u2013 Tutustu ty\u00f6yhteis\u00f6\u00f6mme ja hae t\u00f6ihin","isPartOf":{"@id":"https:\/\/laura.fi\/rekrytointi\/#website"},"datePublished":"2023-11-13T07:51:16+00:00","dateModified":"2026-04-06T10:44:54+00:00","description":"Kurkista, millaista meill\u00e4 on ty\u00f6skennell\u00e4 ja hae t\u00f6ihin Lauralle! Liity mukaan ty\u00f6yhteis\u00f6\u00f6n, joka auttaa yhdist\u00e4m\u00e4\u00e4n parhaat tekij\u00e4t parhaisiin paikkoihin.","breadcrumb":{"@id":"https:\/\/laura.fi\/rekrytointi\/toihin-lauralle\/#breadcrumb"},"inLanguage":"fi","potentialAction":[{"@type":"ReadAction","target":["https:\/\/laura.fi\/rekrytointi\/toihin-lauralle\/"]}]},{"@type":"BreadcrumbList","@id":"https:\/\/laura.fi\/rekrytointi\/toihin-lauralle\/#breadcrumb","itemListElement":[{"@type":"ListItem","position":1,"name":"Etusivu","item":"laura.fi"},{"@type":"ListItem","position":2,"name":"T\u00f6ihin Lauralle"}]},{"@type":"WebSite","@id":"https:\/\/laura.fi\/rekrytointi\/#website","url":"https:\/\/laura.fi\/rekrytointi\/","name":"Laura.fi","description":"Hyvi\u00e4 t\u00f6it\u00e4 ja rekrytointeja n\u00e4kyviss\u00e4","publisher":{"@id":"https:\/\/laura.fi\/rekrytointi\/#organization"},"potentialAction":[{"@type":"SearchAction","target":{"@type":"EntryPoint","urlTemplate":"https:\/\/laura.fi\/rekrytointi\/?s={search_term_string}"},"query-input":"required name=search_term_string"}],"inLanguage":"fi"},{"@type":"Organization","@id":"https:\/\/laura.fi\/rekrytointi\/#organization","name":"LAURA Rekrytointi Oy","url":"https:\/\/laura.fi\/rekrytointi\/","logo":{"@type":"ImageObject","inLanguage":"fi","@id":"https:\/\/laura.fi\/rekrytointi\/#\/schema\/logo\/image\/","url":"https:\/\/laura.fi\/rekrytointi\/wp-content\/uploads\/2017\/11\/REKRYCOM.png","contentUrl":"https:\/\/laura.fi\/rekrytointi\/wp-content\/uploads\/2017\/11\/REKRYCOM.png","width":426,"height":142,"caption":"LAURA Rekrytointi Oy"},"image":{"@id":"https:\/\/laura.fi\/rekrytointi\/#\/schema\/logo\/image\/"},"sameAs":["https:\/\/fi-fi.facebook.com\/pages\/Uranusfi\/125289617532043","https:\/\/twitter.com\/UranusOy"]}]}},"_links":{"self":[{"href":"https:\/\/laura.fi\/rekrytointi\/wp-json\/wp\/v2\/pages\/35048","targetHints":{"allow":["GET"]}}],"collection":[{"href":"https:\/\/laura.fi\/rekrytointi\/wp-json\/wp\/v2\/pages"}],"about":[{"href":"https:\/\/laura.fi\/rekrytointi\/wp-json\/wp\/v2\/types\/page"}],"author":[{"embeddable":true,"href":"https:\/\/laura.fi\/rekrytointi\/wp-json\/wp\/v2\/users\/25"}],"replies":[{"embeddable":true,"href":"https:\/\/laura.fi\/rekrytointi\/wp-json\/wp\/v2\/comments?post=35048"}],"version-history":[{"count":13,"href":"https:\/\/laura.fi\/rekrytointi\/wp-json\/wp\/v2\/pages\/35048\/revisions"}],"predecessor-version":[{"id":42659,"href":"https:\/\/laura.fi\/rekrytointi\/wp-json\/wp\/v2\/pages\/35048\/revisions\/42659"}],"wp:attachment":[{"href":"https:\/\/laura.fi\/rekrytointi\/wp-json\/wp\/v2\/media?parent=35048"}],"curies":[{"name":"wp","href":"https:\/\/api.w.org\/{rel}","templated":true}]}}