{"id":35028,"date":"2023-11-13T09:28:00","date_gmt":"2023-11-13T07:28:00","guid":{"rendered":"https:\/\/laura.fi\/rekrytointi\/?page_id=35028"},"modified":"2026-04-06T13:48:07","modified_gmt":"2026-04-06T10:48:07","slug":"lauran-tarina","status":"publish","type":"page","link":"https:\/\/laura.fi\/rekrytointi\/lauran-tarina\/","title":{"rendered":"Lauran tarina"},"content":{"rendered":"<div id=\"cs-content\" class=\"cs-content\"><\/div>\n","protected":false},"excerpt":{"rendered":"<p>Kirkas polku sujuvampaan rekrytointiin &#038; ty\u00f6nhakuunLaura n\u00e4ytt\u00e4\u00e4 sinulle tulevan unelmaty\u00f6si \u2013 tai uuden t\u00e4htity\u00f6ntekij\u00e4si. Ainutlaatuisen palvelukokonaisuutemme avulla autamme yhdist\u00e4m\u00e4\u00e4n parhaat tekij\u00e4t parhaisiin ty\u00f6mahdollisuuksiin. Laaja ty\u00f6paikkatarjonta yhdistettyn\u00e4 kattavaan verkostoon, henkil\u00f6st\u00f6palveluihin ja k\u00e4tev\u00e4\u00e4n Osaajapankkiimme tuo sek\u00e4 osaamisen ett\u00e4 tarjonnan n\u00e4kyv\u00e4sti esille. Eik\u00e4 unohdeta monipuolista Laura Rekrytointij\u00e4rjestelm\u00e4\u00e4mme, joka t\u00e4ytt\u00e4\u00e4 rekrytoijan kokonaisvaltaiset tarpeet. Vuosittain olemme mukana yli 50\u202f000 rekrytoinnissa ja yli puolen miljoonan ty\u00f6nhakijan &#8230; <\/p>\n<div><a href=\"https:\/\/laura.fi\/rekrytointi\/lauran-tarina\/\" class=\"more-link\">Lue lis\u00e4\u00e4<\/a><\/div>\n","protected":false},"author":25,"featured_media":0,"parent":0,"menu_order":0,"comment_status":"closed","ping_status":"closed","template":"template-layout-full-width.php","meta":{"footnotes":""},"class_list":["post-35028","page","type-page","status-publish","hentry","no-post-thumbnail"],"yoast_head":"<!-- This site is optimized with the Yoast SEO plugin v20.9 - https:\/\/yoast.com\/wordpress\/plugins\/seo\/ -->\n<title>Lauran tarina \u2013 Ty\u00f6nhaku- ja rekrytointimarkkinoilla n\u00e4ytt\u00e4\u00e4 hyv\u00e4lt\u00e4<\/title>\n<meta name=\"description\" content=\"Laura tekee hyv\u00e4\u00e4 ty\u00f6nhaku- ja rekrytointimarkkinoilla yhdist\u00e4m\u00e4ll\u00e4 parhaat tekij\u00e4t ty\u00f6mahdollisuuksiin. Lue Lauran tarina ja ihastu!\" \/>\n<meta name=\"robots\" content=\"index, follow, max-snippet:-1, max-image-preview:large, max-video-preview:-1\" \/>\n<link rel=\"canonical\" href=\"https:\/\/laura.fi\/rekrytointi\/lauran-tarina\/\" \/>\n<meta property=\"og:locale\" content=\"fi_FI\" \/>\n<meta property=\"og:type\" content=\"article\" \/>\n<meta property=\"og:title\" content=\"Lauran tarina \u2013 Ty\u00f6nhaku- ja rekrytointimarkkinoilla n\u00e4ytt\u00e4\u00e4 hyv\u00e4lt\u00e4\" \/>\n<meta property=\"og:description\" content=\"Laura tekee hyv\u00e4\u00e4 ty\u00f6nhaku- ja rekrytointimarkkinoilla yhdist\u00e4m\u00e4ll\u00e4 parhaat tekij\u00e4t parhaisiin ty\u00f6mahdollisuuksiin. Lue Lauran tarina ja ihastu!\" \/>\n<meta property=\"og:url\" content=\"https:\/\/laura.fi\/rekrytointi\/lauran-tarina\/\" \/>\n<meta property=\"og:site_name\" content=\"Laura.fi\" \/>\n<meta property=\"article:publisher\" content=\"https:\/\/fi-fi.facebook.com\/pages\/Uranusfi\/125289617532043\" \/>\n<meta property=\"article:modified_time\" content=\"2026-04-06T10:48:07+00:00\" \/>\n<meta property=\"og:image\" content=\"https:\/\/laura.fi\/rekrytointi\/wp-content\/uploads\/2024\/01\/Lauran-tarina-1200-x-628.png\" \/>\n\t<meta property=\"og:image:width\" content=\"1200\" \/>\n\t<meta property=\"og:image:height\" content=\"628\" \/>\n\t<meta property=\"og:image:type\" content=\"image\/png\" \/>\n<meta name=\"twitter:card\" content=\"summary_large_image\" \/>\n<meta name=\"twitter:title\" content=\"Lauran tarina \u2013 Ty\u00f6nhaku- ja rekrytointimarkkinoilla n\u00e4ytt\u00e4\u00e4 hyv\u00e4lt\u00e4\" \/>\n<meta name=\"twitter:description\" content=\"Laura tekee hyv\u00e4\u00e4 ty\u00f6nhaku- ja rekrytointimarkkinoilla yhdist\u00e4m\u00e4ll\u00e4 parhaat tekij\u00e4t parhaisiin ty\u00f6mahdollisuuksiin. Lue Lauran tarina ja ihastu!\" \/>\n<meta name=\"twitter:image\" content=\"https:\/\/laura.fi\/rekrytointi\/wp-content\/uploads\/2024\/01\/Lauran-tarina-1200-x-628.png\" \/>\n<meta name=\"twitter:site\" content=\"@UranusOy\" \/>\n<meta name=\"twitter:label1\" content=\"Est. reading time\" \/>\n\t<meta name=\"twitter:data1\" content=\"7 minuuttia\" \/>\n<script type=\"application\/ld+json\" class=\"yoast-schema-graph\">{\"@context\":\"https:\/\/schema.org\",\"@graph\":[{\"@type\":\"WebPage\",\"@id\":\"https:\/\/laura.fi\/rekrytointi\/lauran-tarina\/\",\"url\":\"https:\/\/laura.fi\/rekrytointi\/lauran-tarina\/\",\"name\":\"Lauran tarina \u2013 Ty\u00f6nhaku- ja rekrytointimarkkinoilla n\u00e4ytt\u00e4\u00e4 hyv\u00e4lt\u00e4\",\"isPartOf\":{\"@id\":\"https:\/\/laura.fi\/rekrytointi\/#website\"},\"datePublished\":\"2023-11-13T07:28:00+00:00\",\"dateModified\":\"2026-04-06T10:48:07+00:00\",\"description\":\"Laura tekee hyv\u00e4\u00e4 ty\u00f6nhaku- ja rekrytointimarkkinoilla yhdist\u00e4m\u00e4ll\u00e4 parhaat tekij\u00e4t ty\u00f6mahdollisuuksiin. Lue Lauran tarina ja ihastu!\",\"breadcrumb\":{\"@id\":\"https:\/\/laura.fi\/rekrytointi\/lauran-tarina\/#breadcrumb\"},\"inLanguage\":\"fi\",\"potentialAction\":[{\"@type\":\"ReadAction\",\"target\":[\"https:\/\/laura.fi\/rekrytointi\/lauran-tarina\/\"]}]},{\"@type\":\"BreadcrumbList\",\"@id\":\"https:\/\/laura.fi\/rekrytointi\/lauran-tarina\/#breadcrumb\",\"itemListElement\":[{\"@type\":\"ListItem\",\"position\":1,\"name\":\"Etusivu\",\"item\":\"laura.fi\"},{\"@type\":\"ListItem\",\"position\":2,\"name\":\"Lauran tarina\"}]},{\"@type\":\"WebSite\",\"@id\":\"https:\/\/laura.fi\/rekrytointi\/#website\",\"url\":\"https:\/\/laura.fi\/rekrytointi\/\",\"name\":\"Laura.fi\",\"description\":\"Hyvi\u00e4 t\u00f6it\u00e4 ja rekrytointeja n\u00e4kyviss\u00e4\",\"publisher\":{\"@id\":\"https:\/\/laura.fi\/rekrytointi\/#organization\"},\"potentialAction\":[{\"@type\":\"SearchAction\",\"target\":{\"@type\":\"EntryPoint\",\"urlTemplate\":\"https:\/\/laura.fi\/rekrytointi\/?s={search_term_string}\"},\"query-input\":\"required name=search_term_string\"}],\"inLanguage\":\"fi\"},{\"@type\":\"Organization\",\"@id\":\"https:\/\/laura.fi\/rekrytointi\/#organization\",\"name\":\"LAURA Rekrytointi Oy\",\"url\":\"https:\/\/laura.fi\/rekrytointi\/\",\"logo\":{\"@type\":\"ImageObject\",\"inLanguage\":\"fi\",\"@id\":\"https:\/\/laura.fi\/rekrytointi\/#\/schema\/logo\/image\/\",\"url\":\"https:\/\/laura.fi\/rekrytointi\/wp-content\/uploads\/2017\/11\/REKRYCOM.png\",\"contentUrl\":\"https:\/\/laura.fi\/rekrytointi\/wp-content\/uploads\/2017\/11\/REKRYCOM.png\",\"width\":426,\"height\":142,\"caption\":\"LAURA Rekrytointi Oy\"},\"image\":{\"@id\":\"https:\/\/laura.fi\/rekrytointi\/#\/schema\/logo\/image\/\"},\"sameAs\":[\"https:\/\/fi-fi.facebook.com\/pages\/Uranusfi\/125289617532043\",\"https:\/\/twitter.com\/UranusOy\"]}]}<\/script>\n<!-- \/ Yoast SEO plugin. -->","yoast_head_json":{"title":"Lauran tarina \u2013 Ty\u00f6nhaku- ja rekrytointimarkkinoilla n\u00e4ytt\u00e4\u00e4 hyv\u00e4lt\u00e4","description":"Laura tekee hyv\u00e4\u00e4 ty\u00f6nhaku- ja rekrytointimarkkinoilla yhdist\u00e4m\u00e4ll\u00e4 parhaat tekij\u00e4t ty\u00f6mahdollisuuksiin. Lue Lauran tarina ja ihastu!","robots":{"index":"index","follow":"follow","max-snippet":"max-snippet:-1","max-image-preview":"max-image-preview:large","max-video-preview":"max-video-preview:-1"},"canonical":"https:\/\/laura.fi\/rekrytointi\/lauran-tarina\/","og_locale":"fi_FI","og_type":"article","og_title":"Lauran tarina \u2013 Ty\u00f6nhaku- ja rekrytointimarkkinoilla n\u00e4ytt\u00e4\u00e4 hyv\u00e4lt\u00e4","og_description":"Laura tekee hyv\u00e4\u00e4 ty\u00f6nhaku- ja rekrytointimarkkinoilla yhdist\u00e4m\u00e4ll\u00e4 parhaat tekij\u00e4t parhaisiin ty\u00f6mahdollisuuksiin. Lue Lauran tarina ja ihastu!","og_url":"https:\/\/laura.fi\/rekrytointi\/lauran-tarina\/","og_site_name":"Laura.fi","article_publisher":"https:\/\/fi-fi.facebook.com\/pages\/Uranusfi\/125289617532043","article_modified_time":"2026-04-06T10:48:07+00:00","og_image":[{"width":1200,"height":628,"url":"https:\/\/laura.fi\/rekrytointi\/wp-content\/uploads\/2024\/01\/Lauran-tarina-1200-x-628.png","type":"image\/png"}],"twitter_card":"summary_large_image","twitter_title":"Lauran tarina \u2013 Ty\u00f6nhaku- ja rekrytointimarkkinoilla n\u00e4ytt\u00e4\u00e4 hyv\u00e4lt\u00e4","twitter_description":"Laura tekee hyv\u00e4\u00e4 ty\u00f6nhaku- ja rekrytointimarkkinoilla yhdist\u00e4m\u00e4ll\u00e4 parhaat tekij\u00e4t parhaisiin ty\u00f6mahdollisuuksiin. Lue Lauran tarina ja ihastu!","twitter_image":"https:\/\/laura.fi\/rekrytointi\/wp-content\/uploads\/2024\/01\/Lauran-tarina-1200-x-628.png","twitter_site":"@UranusOy","twitter_misc":{"Est. reading time":"7 minuuttia"},"schema":{"@context":"https:\/\/schema.org","@graph":[{"@type":"WebPage","@id":"https:\/\/laura.fi\/rekrytointi\/lauran-tarina\/","url":"https:\/\/laura.fi\/rekrytointi\/lauran-tarina\/","name":"Lauran tarina \u2013 Ty\u00f6nhaku- ja rekrytointimarkkinoilla n\u00e4ytt\u00e4\u00e4 hyv\u00e4lt\u00e4","isPartOf":{"@id":"https:\/\/laura.fi\/rekrytointi\/#website"},"datePublished":"2023-11-13T07:28:00+00:00","dateModified":"2026-04-06T10:48:07+00:00","description":"Laura tekee hyv\u00e4\u00e4 ty\u00f6nhaku- ja rekrytointimarkkinoilla yhdist\u00e4m\u00e4ll\u00e4 parhaat tekij\u00e4t ty\u00f6mahdollisuuksiin. Lue Lauran tarina ja ihastu!","breadcrumb":{"@id":"https:\/\/laura.fi\/rekrytointi\/lauran-tarina\/#breadcrumb"},"inLanguage":"fi","potentialAction":[{"@type":"ReadAction","target":["https:\/\/laura.fi\/rekrytointi\/lauran-tarina\/"]}]},{"@type":"BreadcrumbList","@id":"https:\/\/laura.fi\/rekrytointi\/lauran-tarina\/#breadcrumb","itemListElement":[{"@type":"ListItem","position":1,"name":"Etusivu","item":"laura.fi"},{"@type":"ListItem","position":2,"name":"Lauran tarina"}]},{"@type":"WebSite","@id":"https:\/\/laura.fi\/rekrytointi\/#website","url":"https:\/\/laura.fi\/rekrytointi\/","name":"Laura.fi","description":"Hyvi\u00e4 t\u00f6it\u00e4 ja rekrytointeja n\u00e4kyviss\u00e4","publisher":{"@id":"https:\/\/laura.fi\/rekrytointi\/#organization"},"potentialAction":[{"@type":"SearchAction","target":{"@type":"EntryPoint","urlTemplate":"https:\/\/laura.fi\/rekrytointi\/?s={search_term_string}"},"query-input":"required name=search_term_string"}],"inLanguage":"fi"},{"@type":"Organization","@id":"https:\/\/laura.fi\/rekrytointi\/#organization","name":"LAURA Rekrytointi Oy","url":"https:\/\/laura.fi\/rekrytointi\/","logo":{"@type":"ImageObject","inLanguage":"fi","@id":"https:\/\/laura.fi\/rekrytointi\/#\/schema\/logo\/image\/","url":"https:\/\/laura.fi\/rekrytointi\/wp-content\/uploads\/2017\/11\/REKRYCOM.png","contentUrl":"https:\/\/laura.fi\/rekrytointi\/wp-content\/uploads\/2017\/11\/REKRYCOM.png","width":426,"height":142,"caption":"LAURA Rekrytointi Oy"},"image":{"@id":"https:\/\/laura.fi\/rekrytointi\/#\/schema\/logo\/image\/"},"sameAs":["https:\/\/fi-fi.facebook.com\/pages\/Uranusfi\/125289617532043","https:\/\/twitter.com\/UranusOy"]}]}},"_links":{"self":[{"href":"https:\/\/laura.fi\/rekrytointi\/wp-json\/wp\/v2\/pages\/35028","targetHints":{"allow":["GET"]}}],"collection":[{"href":"https:\/\/laura.fi\/rekrytointi\/wp-json\/wp\/v2\/pages"}],"about":[{"href":"https:\/\/laura.fi\/rekrytointi\/wp-json\/wp\/v2\/types\/page"}],"author":[{"embeddable":true,"href":"https:\/\/laura.fi\/rekrytointi\/wp-json\/wp\/v2\/users\/25"}],"replies":[{"embeddable":true,"href":"https:\/\/laura.fi\/rekrytointi\/wp-json\/wp\/v2\/comments?post=35028"}],"version-history":[{"count":20,"href":"https:\/\/laura.fi\/rekrytointi\/wp-json\/wp\/v2\/pages\/35028\/revisions"}],"predecessor-version":[{"id":42660,"href":"https:\/\/laura.fi\/rekrytointi\/wp-json\/wp\/v2\/pages\/35028\/revisions\/42660"}],"wp:attachment":[{"href":"https:\/\/laura.fi\/rekrytointi\/wp-json\/wp\/v2\/media?parent=35028"}],"curies":[{"name":"wp","href":"https:\/\/api.w.org\/{rel}","templated":true}]}}