{"id":34890,"date":"2023-11-06T09:20:07","date_gmt":"2023-11-06T07:20:07","guid":{"rendered":"https:\/\/laura.fi\/rekrytointi\/?page_id=34890"},"modified":"2025-05-06T13:36:00","modified_gmt":"2025-05-06T10:36:00","slug":"osaajapankki","status":"publish","type":"page","link":"https:\/\/laura.fi\/rekrytointi\/ratkaisut\/osaajapankki\/","title":{"rendered":"Osaajapankki"},"content":{"rendered":"<div id=\"cs-content\" class=\"cs-content\"><\/div>\n","protected":false},"excerpt":{"rendered":"<p>OSAAJAPANKKILaura Osaajapankki auttaa l\u00f6yt\u00e4m\u00e4\u00e4n osaajat nopeastiOletko kokenut rekrytoinnin, joka on tavoittanut liian v\u00e4h\u00e4n hakijoita? Eik\u00f6 olisikin hienoa, jos osaajat l\u00f6ytyisiv\u00e4t yhdest\u00e4 paikasta juuri nyt ilman massiivisia ponnisteluita? V\u00e4henn\u00e4 rekrytointeihin k\u00e4ytett\u00e4vi\u00e4 kustannuksia ja etsi osaajia Osaajapankista ennen varsinaisen rekrytointiprosessin k\u00e4ynnist\u00e4mist\u00e4. Laura Osaajapankki on Suomen nopeimmin kasvava osaajapankki, palvelussa on t\u00e4ll\u00e4 hetkell\u00e4 jo yli 250 000 osaajaprofiilia! L\u00f6yd\u00e4 Osaajapankista hyv\u00e4 tekij\u00e4 itsellesi.Osaajapankin &#8230; <\/p>\n<div><a href=\"https:\/\/laura.fi\/rekrytointi\/ratkaisut\/osaajapankki\/\" class=\"more-link\">Lue lis\u00e4\u00e4<\/a><\/div>\n","protected":false},"author":25,"featured_media":0,"parent":34649,"menu_order":0,"comment_status":"closed","ping_status":"closed","template":"template-layout-full-width.php","meta":{"footnotes":""},"class_list":["post-34890","page","type-page","status-publish","hentry","no-post-thumbnail"],"yoast_head":"<!-- This site is optimized with the Yoast SEO plugin v20.9 - https:\/\/yoast.com\/wordpress\/plugins\/seo\/ -->\n<title>Laura Osaajapankki - L\u00f6yd\u00e4 tekij\u00e4t entist\u00e4 tehokkaammin<\/title>\n<meta name=\"description\" content=\"Kurkista rekrytoinnin tulevaisuuteen ja l\u00f6yd\u00e4 sopivat tekij\u00e4t entist\u00e4 tehokkaammin. Laura Osaajapankki tuo osaajat ja osaamisen n\u00e4kyv\u00e4sti esille.\" \/>\n<meta name=\"robots\" content=\"index, follow, max-snippet:-1, max-image-preview:large, max-video-preview:-1\" \/>\n<link rel=\"canonical\" href=\"https:\/\/laura.fi\/rekrytointi\/ratkaisut\/osaajapankki\/\" \/>\n<meta property=\"og:locale\" content=\"fi_FI\" \/>\n<meta property=\"og:type\" content=\"article\" \/>\n<meta property=\"og:title\" content=\"Laura Osaajapankki - L\u00f6yd\u00e4 tekij\u00e4t entist\u00e4 tehokkaammin\" \/>\n<meta property=\"og:description\" content=\"Kurkista rekrytoinnin tulevaisuuteen ja l\u00f6yd\u00e4 sopivat tekij\u00e4t entist\u00e4 tehokkaammin. Laura Osaajapankki tuo osaajat ja osaamisen n\u00e4kyv\u00e4sti esille.\" \/>\n<meta property=\"og:url\" content=\"https:\/\/laura.fi\/rekrytointi\/ratkaisut\/osaajapankki\/\" \/>\n<meta property=\"og:site_name\" content=\"Laura.fi\" \/>\n<meta property=\"article:publisher\" content=\"https:\/\/fi-fi.facebook.com\/pages\/Uranusfi\/125289617532043\" \/>\n<meta property=\"article:modified_time\" content=\"2025-05-06T10:36:00+00:00\" \/>\n<meta property=\"og:image\" content=\"https:\/\/laura.fi\/rekrytointi\/wp-content\/uploads\/2024\/01\/Laura-Osaajapankki-1200x628-1.jpg\" \/>\n\t<meta property=\"og:image:width\" content=\"1200\" \/>\n\t<meta property=\"og:image:height\" content=\"628\" \/>\n\t<meta property=\"og:image:type\" content=\"image\/jpeg\" \/>\n<meta name=\"twitter:card\" content=\"summary_large_image\" \/>\n<meta name=\"twitter:title\" content=\"Laura Osaajapankki - L\u00f6yd\u00e4 tekij\u00e4t entist\u00e4 tehokkaammin\" \/>\n<meta name=\"twitter:description\" content=\"Kurkista rekrytoinnin tulevaisuuteen ja l\u00f6yd\u00e4 sopivat tekij\u00e4t entist\u00e4 tehokkaammin. Laura Osaajapankki tuo osaajat ja osaamisen n\u00e4kyv\u00e4sti esille.\" \/>\n<meta name=\"twitter:image\" content=\"https:\/\/laura.fi\/rekrytointi\/wp-content\/uploads\/2024\/01\/Laura-Osaajapankki-1200x628-1.jpg\" \/>\n<meta name=\"twitter:site\" content=\"@UranusOy\" \/>\n<meta name=\"twitter:label1\" content=\"Est. reading time\" \/>\n\t<meta name=\"twitter:data1\" content=\"4 minuuttia\" \/>\n<script type=\"application\/ld+json\" class=\"yoast-schema-graph\">{\"@context\":\"https:\/\/schema.org\",\"@graph\":[{\"@type\":\"WebPage\",\"@id\":\"https:\/\/laura.fi\/rekrytointi\/ratkaisut\/osaajapankki\/\",\"url\":\"https:\/\/laura.fi\/rekrytointi\/ratkaisut\/osaajapankki\/\",\"name\":\"Laura Osaajapankki - L\u00f6yd\u00e4 tekij\u00e4t entist\u00e4 tehokkaammin\",\"isPartOf\":{\"@id\":\"https:\/\/laura.fi\/rekrytointi\/#website\"},\"datePublished\":\"2023-11-06T07:20:07+00:00\",\"dateModified\":\"2025-05-06T10:36:00+00:00\",\"description\":\"Kurkista rekrytoinnin tulevaisuuteen ja l\u00f6yd\u00e4 sopivat tekij\u00e4t entist\u00e4 tehokkaammin. Laura Osaajapankki tuo osaajat ja osaamisen n\u00e4kyv\u00e4sti esille.\",\"breadcrumb\":{\"@id\":\"https:\/\/laura.fi\/rekrytointi\/ratkaisut\/osaajapankki\/#breadcrumb\"},\"inLanguage\":\"fi\",\"potentialAction\":[{\"@type\":\"ReadAction\",\"target\":[\"https:\/\/laura.fi\/rekrytointi\/ratkaisut\/osaajapankki\/\"]}]},{\"@type\":\"BreadcrumbList\",\"@id\":\"https:\/\/laura.fi\/rekrytointi\/ratkaisut\/osaajapankki\/#breadcrumb\",\"itemListElement\":[{\"@type\":\"ListItem\",\"position\":1,\"name\":\"Etusivu\",\"item\":\"laura.fi\"},{\"@type\":\"ListItem\",\"position\":2,\"name\":\"Ratkaisut\",\"item\":\"https:\/\/laura.fi\/rekrytointi\/ratkaisut\/\"},{\"@type\":\"ListItem\",\"position\":3,\"name\":\"Osaajapankki\"}]},{\"@type\":\"WebSite\",\"@id\":\"https:\/\/laura.fi\/rekrytointi\/#website\",\"url\":\"https:\/\/laura.fi\/rekrytointi\/\",\"name\":\"Laura.fi\",\"description\":\"Hyvi\u00e4 t\u00f6it\u00e4 ja rekrytointeja n\u00e4kyviss\u00e4\",\"publisher\":{\"@id\":\"https:\/\/laura.fi\/rekrytointi\/#organization\"},\"potentialAction\":[{\"@type\":\"SearchAction\",\"target\":{\"@type\":\"EntryPoint\",\"urlTemplate\":\"https:\/\/laura.fi\/rekrytointi\/?s={search_term_string}\"},\"query-input\":\"required name=search_term_string\"}],\"inLanguage\":\"fi\"},{\"@type\":\"Organization\",\"@id\":\"https:\/\/laura.fi\/rekrytointi\/#organization\",\"name\":\"LAURA Rekrytointi Oy\",\"url\":\"https:\/\/laura.fi\/rekrytointi\/\",\"logo\":{\"@type\":\"ImageObject\",\"inLanguage\":\"fi\",\"@id\":\"https:\/\/laura.fi\/rekrytointi\/#\/schema\/logo\/image\/\",\"url\":\"https:\/\/laura.fi\/rekrytointi\/wp-content\/uploads\/2017\/11\/REKRYCOM.png\",\"contentUrl\":\"https:\/\/laura.fi\/rekrytointi\/wp-content\/uploads\/2017\/11\/REKRYCOM.png\",\"width\":426,\"height\":142,\"caption\":\"LAURA Rekrytointi Oy\"},\"image\":{\"@id\":\"https:\/\/laura.fi\/rekrytointi\/#\/schema\/logo\/image\/\"},\"sameAs\":[\"https:\/\/fi-fi.facebook.com\/pages\/Uranusfi\/125289617532043\",\"https:\/\/twitter.com\/UranusOy\"]}]}<\/script>\n<!-- \/ Yoast SEO plugin. -->","yoast_head_json":{"title":"Laura Osaajapankki - L\u00f6yd\u00e4 tekij\u00e4t entist\u00e4 tehokkaammin","description":"Kurkista rekrytoinnin tulevaisuuteen ja l\u00f6yd\u00e4 sopivat tekij\u00e4t entist\u00e4 tehokkaammin. Laura Osaajapankki tuo osaajat ja osaamisen n\u00e4kyv\u00e4sti esille.","robots":{"index":"index","follow":"follow","max-snippet":"max-snippet:-1","max-image-preview":"max-image-preview:large","max-video-preview":"max-video-preview:-1"},"canonical":"https:\/\/laura.fi\/rekrytointi\/ratkaisut\/osaajapankki\/","og_locale":"fi_FI","og_type":"article","og_title":"Laura Osaajapankki - L\u00f6yd\u00e4 tekij\u00e4t entist\u00e4 tehokkaammin","og_description":"Kurkista rekrytoinnin tulevaisuuteen ja l\u00f6yd\u00e4 sopivat tekij\u00e4t entist\u00e4 tehokkaammin. Laura Osaajapankki tuo osaajat ja osaamisen n\u00e4kyv\u00e4sti esille.","og_url":"https:\/\/laura.fi\/rekrytointi\/ratkaisut\/osaajapankki\/","og_site_name":"Laura.fi","article_publisher":"https:\/\/fi-fi.facebook.com\/pages\/Uranusfi\/125289617532043","article_modified_time":"2025-05-06T10:36:00+00:00","og_image":[{"width":1200,"height":628,"url":"https:\/\/laura.fi\/rekrytointi\/wp-content\/uploads\/2024\/01\/Laura-Osaajapankki-1200x628-1.jpg","type":"image\/jpeg"}],"twitter_card":"summary_large_image","twitter_title":"Laura Osaajapankki - L\u00f6yd\u00e4 tekij\u00e4t entist\u00e4 tehokkaammin","twitter_description":"Kurkista rekrytoinnin tulevaisuuteen ja l\u00f6yd\u00e4 sopivat tekij\u00e4t entist\u00e4 tehokkaammin. Laura Osaajapankki tuo osaajat ja osaamisen n\u00e4kyv\u00e4sti esille.","twitter_image":"https:\/\/laura.fi\/rekrytointi\/wp-content\/uploads\/2024\/01\/Laura-Osaajapankki-1200x628-1.jpg","twitter_site":"@UranusOy","twitter_misc":{"Est. reading time":"4 minuuttia"},"schema":{"@context":"https:\/\/schema.org","@graph":[{"@type":"WebPage","@id":"https:\/\/laura.fi\/rekrytointi\/ratkaisut\/osaajapankki\/","url":"https:\/\/laura.fi\/rekrytointi\/ratkaisut\/osaajapankki\/","name":"Laura Osaajapankki - L\u00f6yd\u00e4 tekij\u00e4t entist\u00e4 tehokkaammin","isPartOf":{"@id":"https:\/\/laura.fi\/rekrytointi\/#website"},"datePublished":"2023-11-06T07:20:07+00:00","dateModified":"2025-05-06T10:36:00+00:00","description":"Kurkista rekrytoinnin tulevaisuuteen ja l\u00f6yd\u00e4 sopivat tekij\u00e4t entist\u00e4 tehokkaammin. Laura Osaajapankki tuo osaajat ja osaamisen n\u00e4kyv\u00e4sti esille.","breadcrumb":{"@id":"https:\/\/laura.fi\/rekrytointi\/ratkaisut\/osaajapankki\/#breadcrumb"},"inLanguage":"fi","potentialAction":[{"@type":"ReadAction","target":["https:\/\/laura.fi\/rekrytointi\/ratkaisut\/osaajapankki\/"]}]},{"@type":"BreadcrumbList","@id":"https:\/\/laura.fi\/rekrytointi\/ratkaisut\/osaajapankki\/#breadcrumb","itemListElement":[{"@type":"ListItem","position":1,"name":"Etusivu","item":"laura.fi"},{"@type":"ListItem","position":2,"name":"Ratkaisut","item":"https:\/\/laura.fi\/rekrytointi\/ratkaisut\/"},{"@type":"ListItem","position":3,"name":"Osaajapankki"}]},{"@type":"WebSite","@id":"https:\/\/laura.fi\/rekrytointi\/#website","url":"https:\/\/laura.fi\/rekrytointi\/","name":"Laura.fi","description":"Hyvi\u00e4 t\u00f6it\u00e4 ja rekrytointeja n\u00e4kyviss\u00e4","publisher":{"@id":"https:\/\/laura.fi\/rekrytointi\/#organization"},"potentialAction":[{"@type":"SearchAction","target":{"@type":"EntryPoint","urlTemplate":"https:\/\/laura.fi\/rekrytointi\/?s={search_term_string}"},"query-input":"required name=search_term_string"}],"inLanguage":"fi"},{"@type":"Organization","@id":"https:\/\/laura.fi\/rekrytointi\/#organization","name":"LAURA Rekrytointi Oy","url":"https:\/\/laura.fi\/rekrytointi\/","logo":{"@type":"ImageObject","inLanguage":"fi","@id":"https:\/\/laura.fi\/rekrytointi\/#\/schema\/logo\/image\/","url":"https:\/\/laura.fi\/rekrytointi\/wp-content\/uploads\/2017\/11\/REKRYCOM.png","contentUrl":"https:\/\/laura.fi\/rekrytointi\/wp-content\/uploads\/2017\/11\/REKRYCOM.png","width":426,"height":142,"caption":"LAURA Rekrytointi Oy"},"image":{"@id":"https:\/\/laura.fi\/rekrytointi\/#\/schema\/logo\/image\/"},"sameAs":["https:\/\/fi-fi.facebook.com\/pages\/Uranusfi\/125289617532043","https:\/\/twitter.com\/UranusOy"]}]}},"_links":{"self":[{"href":"https:\/\/laura.fi\/rekrytointi\/wp-json\/wp\/v2\/pages\/34890","targetHints":{"allow":["GET"]}}],"collection":[{"href":"https:\/\/laura.fi\/rekrytointi\/wp-json\/wp\/v2\/pages"}],"about":[{"href":"https:\/\/laura.fi\/rekrytointi\/wp-json\/wp\/v2\/types\/page"}],"author":[{"embeddable":true,"href":"https:\/\/laura.fi\/rekrytointi\/wp-json\/wp\/v2\/users\/25"}],"replies":[{"embeddable":true,"href":"https:\/\/laura.fi\/rekrytointi\/wp-json\/wp\/v2\/comments?post=34890"}],"version-history":[{"count":18,"href":"https:\/\/laura.fi\/rekrytointi\/wp-json\/wp\/v2\/pages\/34890\/revisions"}],"predecessor-version":[{"id":41234,"href":"https:\/\/laura.fi\/rekrytointi\/wp-json\/wp\/v2\/pages\/34890\/revisions\/41234"}],"up":[{"embeddable":true,"href":"https:\/\/laura.fi\/rekrytointi\/wp-json\/wp\/v2\/pages\/34649"}],"wp:attachment":[{"href":"https:\/\/laura.fi\/rekrytointi\/wp-json\/wp\/v2\/media?parent=34890"}],"curies":[{"name":"wp","href":"https:\/\/api.w.org\/{rel}","templated":true}]}}