{"id":34701,"date":"2023-10-26T14:34:03","date_gmt":"2023-10-26T11:34:03","guid":{"rendered":"https:\/\/laura.fi\/rekrytointi\/?page_id=34701"},"modified":"2026-02-05T14:39:06","modified_gmt":"2026-02-05T12:39:06","slug":"rekrytointikampanjat","status":"publish","type":"page","link":"https:\/\/laura.fi\/rekrytointi\/ratkaisut\/rekrytointikampanjat\/","title":{"rendered":"Rekrytointikampanjat"},"content":{"rendered":"<div id=\"cs-content\" class=\"cs-content\"><\/div>\n","protected":false},"excerpt":{"rendered":"<p>REKRYTOINTIKAMPANJATKohdistettu rekrytointikampanja tavoittaa ihannehakijatKohdistettu rekrytointikampanja auttaa tavoittamaan ty\u00f6paikkaasi parhaiten soveltuvat hakijat. Ty\u00f6paikkailmoitustasi mainostetaan sosiaalisessa mediassa (Facebook &#038; Instagram) ja Googlessa. Mainokset ker\u00e4\u00e4v\u00e4t kymmeni\u00e4tuhansia n\u00e4ytt\u00f6kertoja, joka takaa sen, ett\u00e4 j\u00e4\u00e4t ty\u00f6nhakijoiden mieleen ja tavoitat my\u00f6s passiiviset ty\u00f6nhakijat. Kampanjoiden avulla saat rekrytointiisi runsaasti hyvi\u00e4 hakijoita.Valitse haluamasi kampanjatasoKohdistettu rekrytointi\u00adkampanja1 490 \u20ac+ alvSuosituin ratkaisu rekrytointimarkkinointiin!Kampanja sis\u00e4lt\u00e4\u00e4&#xf00c;kohdistetun markkinoinnin useassa mediassa teille relevantissa kohderyhm\u00e4ss\u00e4 &#xf00c;kaiken asiantuntijoidemme &#8230; <\/p>\n<div><a href=\"https:\/\/laura.fi\/rekrytointi\/ratkaisut\/rekrytointikampanjat\/\" class=\"more-link\">Lue lis\u00e4\u00e4<\/a><\/div>\n","protected":false},"author":25,"featured_media":0,"parent":34649,"menu_order":0,"comment_status":"closed","ping_status":"closed","template":"template-layout-full-width.php","meta":{"footnotes":""},"class_list":["post-34701","page","type-page","status-publish","hentry","no-post-thumbnail"],"yoast_head":"<!-- This site is optimized with the Yoast SEO plugin v20.9 - https:\/\/yoast.com\/wordpress\/plugins\/seo\/ -->\n<title>Lauran Kohdistettu rekrytointikampanja \u2013 Rekrytoi n\u00e4kyv\u00e4sti<\/title>\n<meta name=\"description\" content=\"Lauran Kohdistettu rekrytointikampanja auttaa sinua rekrytoimaan n\u00e4kyv\u00e4sti somessa ja ty\u00f6paikkasi tavoittaa n\u00e4in juuri oikeat osaajat.\" \/>\n<meta name=\"robots\" content=\"index, follow, max-snippet:-1, max-image-preview:large, max-video-preview:-1\" \/>\n<link rel=\"canonical\" href=\"https:\/\/laura.fi\/rekrytointi\/ratkaisut\/rekrytointikampanjat\/\" \/>\n<meta property=\"og:locale\" content=\"fi_FI\" \/>\n<meta property=\"og:type\" content=\"article\" \/>\n<meta property=\"og:title\" content=\"Lauran Kohdistettu rekrytointikampanja \u2013 Rekrytoi n\u00e4kyv\u00e4sti\" \/>\n<meta property=\"og:description\" content=\"Lauran Kohdistettu rekrytointikampanja auttaa sinua rekrytoimaan n\u00e4kyv\u00e4sti somessa ja Googlessa. Ty\u00f6paikkasi tavoittaa n\u00e4in juuri oikeat osaajat.\" \/>\n<meta property=\"og:url\" content=\"https:\/\/laura.fi\/rekrytointi\/ratkaisut\/rekrytointikampanjat\/\" \/>\n<meta property=\"og:site_name\" content=\"Laura.fi\" \/>\n<meta property=\"article:publisher\" content=\"https:\/\/fi-fi.facebook.com\/pages\/Uranusfi\/125289617532043\" \/>\n<meta property=\"article:modified_time\" content=\"2026-02-05T12:39:06+00:00\" \/>\n<meta property=\"og:image\" content=\"https:\/\/laura.fi\/rekrytointi\/wp-content\/uploads\/2024\/01\/Kohdistettu-rekrytointikampanja-1200x628-1.jpg\" \/>\n\t<meta property=\"og:image:width\" content=\"1200\" \/>\n\t<meta property=\"og:image:height\" content=\"628\" \/>\n\t<meta property=\"og:image:type\" content=\"image\/jpeg\" \/>\n<meta name=\"twitter:card\" content=\"summary_large_image\" \/>\n<meta name=\"twitter:title\" content=\"Lauran Kohdistettu rekrytointikampanja \u2013 Rekrytoi n\u00e4kyv\u00e4sti\" \/>\n<meta name=\"twitter:description\" content=\"Lauran Kohdistettu rekrytointikampanja auttaa sinua rekrytoimaan n\u00e4kyv\u00e4sti somessa ja Googlessa. Ty\u00f6paikkasi tavoittaa n\u00e4in juuri oikeat osaajat.\" \/>\n<meta name=\"twitter:image\" content=\"https:\/\/laura.fi\/rekrytointi\/wp-content\/uploads\/2024\/01\/Kohdistettu-rekrytointikampanja-1200x628-1.jpg\" \/>\n<meta name=\"twitter:site\" content=\"@UranusOy\" \/>\n<meta name=\"twitter:label1\" content=\"Est. reading time\" \/>\n\t<meta name=\"twitter:data1\" content=\"7 minuuttia\" \/>\n<script type=\"application\/ld+json\" class=\"yoast-schema-graph\">{\"@context\":\"https:\/\/schema.org\",\"@graph\":[{\"@type\":\"WebPage\",\"@id\":\"https:\/\/laura.fi\/rekrytointi\/ratkaisut\/rekrytointikampanjat\/\",\"url\":\"https:\/\/laura.fi\/rekrytointi\/ratkaisut\/rekrytointikampanjat\/\",\"name\":\"Lauran Kohdistettu rekrytointikampanja \u2013 Rekrytoi n\u00e4kyv\u00e4sti\",\"isPartOf\":{\"@id\":\"https:\/\/laura.fi\/rekrytointi\/#website\"},\"datePublished\":\"2023-10-26T11:34:03+00:00\",\"dateModified\":\"2026-02-05T12:39:06+00:00\",\"description\":\"Lauran Kohdistettu rekrytointikampanja auttaa sinua rekrytoimaan n\u00e4kyv\u00e4sti somessa ja ty\u00f6paikkasi tavoittaa n\u00e4in juuri oikeat osaajat.\",\"breadcrumb\":{\"@id\":\"https:\/\/laura.fi\/rekrytointi\/ratkaisut\/rekrytointikampanjat\/#breadcrumb\"},\"inLanguage\":\"fi\",\"potentialAction\":[{\"@type\":\"ReadAction\",\"target\":[\"https:\/\/laura.fi\/rekrytointi\/ratkaisut\/rekrytointikampanjat\/\"]}]},{\"@type\":\"BreadcrumbList\",\"@id\":\"https:\/\/laura.fi\/rekrytointi\/ratkaisut\/rekrytointikampanjat\/#breadcrumb\",\"itemListElement\":[{\"@type\":\"ListItem\",\"position\":1,\"name\":\"Etusivu\",\"item\":\"laura.fi\"},{\"@type\":\"ListItem\",\"position\":2,\"name\":\"Ratkaisut\",\"item\":\"https:\/\/laura.fi\/rekrytointi\/ratkaisut\/\"},{\"@type\":\"ListItem\",\"position\":3,\"name\":\"Rekrytointikampanjat\"}]},{\"@type\":\"WebSite\",\"@id\":\"https:\/\/laura.fi\/rekrytointi\/#website\",\"url\":\"https:\/\/laura.fi\/rekrytointi\/\",\"name\":\"Laura.fi\",\"description\":\"Hyvi\u00e4 t\u00f6it\u00e4 ja rekrytointeja n\u00e4kyviss\u00e4\",\"publisher\":{\"@id\":\"https:\/\/laura.fi\/rekrytointi\/#organization\"},\"potentialAction\":[{\"@type\":\"SearchAction\",\"target\":{\"@type\":\"EntryPoint\",\"urlTemplate\":\"https:\/\/laura.fi\/rekrytointi\/?s={search_term_string}\"},\"query-input\":\"required name=search_term_string\"}],\"inLanguage\":\"fi\"},{\"@type\":\"Organization\",\"@id\":\"https:\/\/laura.fi\/rekrytointi\/#organization\",\"name\":\"LAURA Rekrytointi Oy\",\"url\":\"https:\/\/laura.fi\/rekrytointi\/\",\"logo\":{\"@type\":\"ImageObject\",\"inLanguage\":\"fi\",\"@id\":\"https:\/\/laura.fi\/rekrytointi\/#\/schema\/logo\/image\/\",\"url\":\"https:\/\/laura.fi\/rekrytointi\/wp-content\/uploads\/2017\/11\/REKRYCOM.png\",\"contentUrl\":\"https:\/\/laura.fi\/rekrytointi\/wp-content\/uploads\/2017\/11\/REKRYCOM.png\",\"width\":426,\"height\":142,\"caption\":\"LAURA Rekrytointi Oy\"},\"image\":{\"@id\":\"https:\/\/laura.fi\/rekrytointi\/#\/schema\/logo\/image\/\"},\"sameAs\":[\"https:\/\/fi-fi.facebook.com\/pages\/Uranusfi\/125289617532043\",\"https:\/\/twitter.com\/UranusOy\"]}]}<\/script>\n<!-- \/ Yoast SEO plugin. -->","yoast_head_json":{"title":"Lauran Kohdistettu rekrytointikampanja \u2013 Rekrytoi n\u00e4kyv\u00e4sti","description":"Lauran Kohdistettu rekrytointikampanja auttaa sinua rekrytoimaan n\u00e4kyv\u00e4sti somessa ja ty\u00f6paikkasi tavoittaa n\u00e4in juuri oikeat osaajat.","robots":{"index":"index","follow":"follow","max-snippet":"max-snippet:-1","max-image-preview":"max-image-preview:large","max-video-preview":"max-video-preview:-1"},"canonical":"https:\/\/laura.fi\/rekrytointi\/ratkaisut\/rekrytointikampanjat\/","og_locale":"fi_FI","og_type":"article","og_title":"Lauran Kohdistettu rekrytointikampanja \u2013 Rekrytoi n\u00e4kyv\u00e4sti","og_description":"Lauran Kohdistettu rekrytointikampanja auttaa sinua rekrytoimaan n\u00e4kyv\u00e4sti somessa ja Googlessa. Ty\u00f6paikkasi tavoittaa n\u00e4in juuri oikeat osaajat.","og_url":"https:\/\/laura.fi\/rekrytointi\/ratkaisut\/rekrytointikampanjat\/","og_site_name":"Laura.fi","article_publisher":"https:\/\/fi-fi.facebook.com\/pages\/Uranusfi\/125289617532043","article_modified_time":"2026-02-05T12:39:06+00:00","og_image":[{"width":1200,"height":628,"url":"https:\/\/laura.fi\/rekrytointi\/wp-content\/uploads\/2024\/01\/Kohdistettu-rekrytointikampanja-1200x628-1.jpg","type":"image\/jpeg"}],"twitter_card":"summary_large_image","twitter_title":"Lauran Kohdistettu rekrytointikampanja \u2013 Rekrytoi n\u00e4kyv\u00e4sti","twitter_description":"Lauran Kohdistettu rekrytointikampanja auttaa sinua rekrytoimaan n\u00e4kyv\u00e4sti somessa ja Googlessa. Ty\u00f6paikkasi tavoittaa n\u00e4in juuri oikeat osaajat.","twitter_image":"https:\/\/laura.fi\/rekrytointi\/wp-content\/uploads\/2024\/01\/Kohdistettu-rekrytointikampanja-1200x628-1.jpg","twitter_site":"@UranusOy","twitter_misc":{"Est. reading time":"7 minuuttia"},"schema":{"@context":"https:\/\/schema.org","@graph":[{"@type":"WebPage","@id":"https:\/\/laura.fi\/rekrytointi\/ratkaisut\/rekrytointikampanjat\/","url":"https:\/\/laura.fi\/rekrytointi\/ratkaisut\/rekrytointikampanjat\/","name":"Lauran Kohdistettu rekrytointikampanja \u2013 Rekrytoi n\u00e4kyv\u00e4sti","isPartOf":{"@id":"https:\/\/laura.fi\/rekrytointi\/#website"},"datePublished":"2023-10-26T11:34:03+00:00","dateModified":"2026-02-05T12:39:06+00:00","description":"Lauran Kohdistettu rekrytointikampanja auttaa sinua rekrytoimaan n\u00e4kyv\u00e4sti somessa ja ty\u00f6paikkasi tavoittaa n\u00e4in juuri oikeat osaajat.","breadcrumb":{"@id":"https:\/\/laura.fi\/rekrytointi\/ratkaisut\/rekrytointikampanjat\/#breadcrumb"},"inLanguage":"fi","potentialAction":[{"@type":"ReadAction","target":["https:\/\/laura.fi\/rekrytointi\/ratkaisut\/rekrytointikampanjat\/"]}]},{"@type":"BreadcrumbList","@id":"https:\/\/laura.fi\/rekrytointi\/ratkaisut\/rekrytointikampanjat\/#breadcrumb","itemListElement":[{"@type":"ListItem","position":1,"name":"Etusivu","item":"laura.fi"},{"@type":"ListItem","position":2,"name":"Ratkaisut","item":"https:\/\/laura.fi\/rekrytointi\/ratkaisut\/"},{"@type":"ListItem","position":3,"name":"Rekrytointikampanjat"}]},{"@type":"WebSite","@id":"https:\/\/laura.fi\/rekrytointi\/#website","url":"https:\/\/laura.fi\/rekrytointi\/","name":"Laura.fi","description":"Hyvi\u00e4 t\u00f6it\u00e4 ja rekrytointeja n\u00e4kyviss\u00e4","publisher":{"@id":"https:\/\/laura.fi\/rekrytointi\/#organization"},"potentialAction":[{"@type":"SearchAction","target":{"@type":"EntryPoint","urlTemplate":"https:\/\/laura.fi\/rekrytointi\/?s={search_term_string}"},"query-input":"required name=search_term_string"}],"inLanguage":"fi"},{"@type":"Organization","@id":"https:\/\/laura.fi\/rekrytointi\/#organization","name":"LAURA Rekrytointi Oy","url":"https:\/\/laura.fi\/rekrytointi\/","logo":{"@type":"ImageObject","inLanguage":"fi","@id":"https:\/\/laura.fi\/rekrytointi\/#\/schema\/logo\/image\/","url":"https:\/\/laura.fi\/rekrytointi\/wp-content\/uploads\/2017\/11\/REKRYCOM.png","contentUrl":"https:\/\/laura.fi\/rekrytointi\/wp-content\/uploads\/2017\/11\/REKRYCOM.png","width":426,"height":142,"caption":"LAURA Rekrytointi Oy"},"image":{"@id":"https:\/\/laura.fi\/rekrytointi\/#\/schema\/logo\/image\/"},"sameAs":["https:\/\/fi-fi.facebook.com\/pages\/Uranusfi\/125289617532043","https:\/\/twitter.com\/UranusOy"]}]}},"_links":{"self":[{"href":"https:\/\/laura.fi\/rekrytointi\/wp-json\/wp\/v2\/pages\/34701","targetHints":{"allow":["GET"]}}],"collection":[{"href":"https:\/\/laura.fi\/rekrytointi\/wp-json\/wp\/v2\/pages"}],"about":[{"href":"https:\/\/laura.fi\/rekrytointi\/wp-json\/wp\/v2\/types\/page"}],"author":[{"embeddable":true,"href":"https:\/\/laura.fi\/rekrytointi\/wp-json\/wp\/v2\/users\/25"}],"replies":[{"embeddable":true,"href":"https:\/\/laura.fi\/rekrytointi\/wp-json\/wp\/v2\/comments?post=34701"}],"version-history":[{"count":34,"href":"https:\/\/laura.fi\/rekrytointi\/wp-json\/wp\/v2\/pages\/34701\/revisions"}],"predecessor-version":[{"id":42435,"href":"https:\/\/laura.fi\/rekrytointi\/wp-json\/wp\/v2\/pages\/34701\/revisions\/42435"}],"up":[{"embeddable":true,"href":"https:\/\/laura.fi\/rekrytointi\/wp-json\/wp\/v2\/pages\/34649"}],"wp:attachment":[{"href":"https:\/\/laura.fi\/rekrytointi\/wp-json\/wp\/v2\/media?parent=34701"}],"curies":[{"name":"wp","href":"https:\/\/api.w.org\/{rel}","templated":true}]}}