{"id":34662,"date":"2023-10-24T09:24:38","date_gmt":"2023-10-24T06:24:38","guid":{"rendered":"https:\/\/laura.fi\/rekrytointi\/?page_id=34662"},"modified":"2024-05-31T10:11:36","modified_gmt":"2024-05-31T07:11:36","slug":"sijaishallinta","status":"publish","type":"page","link":"https:\/\/laura.fi\/rekrytointi\/ratkaisut\/sijaishallinta\/","title":{"rendered":"Sijaishallinta"},"content":{"rendered":"<div id=\"cs-content\" class=\"cs-content\"><\/div>\n","protected":false},"excerpt":{"rendered":"<p>SIJAISHALLINTASijaisten ja ty\u00f6vuorojen hallinta n\u00e4ytt\u00e4\u00e4 valoisaltaKuvittele tilanne, kun yrityksesi tarvitsee kiireesti sijaista, ja Laura auttaa sinua l\u00f6yt\u00e4m\u00e4\u00e4n oikean henkil\u00f6n hetkess\u00e4. Laura Sijaishallinnan avulla rekrytoit sijaiset ja muodostat oman sijaisrekisterisi tehokkaasti ja suoraviivaisesti. Ripe\u00e4t liikkeet ratkaisevat ty\u00f6vuorojen ja sijaisuuksien t\u00e4ytt\u00e4misess\u00e4. Siksi esimerkiksi merkitt\u00e4v\u00e4t terveysalan toimijat luottavat Lauran Sijaishallintaan varmistaakseen toimintansa jatkuvuuden ja asiakkaidensa hyvinvoinnin.Miksi valita Laura Sijaishallinta?Lievit\u00e4 sijaishakujen stressi\u00e4Laura on aina &#8230; <\/p>\n<div><a href=\"https:\/\/laura.fi\/rekrytointi\/ratkaisut\/sijaishallinta\/\" class=\"more-link\">Lue lis\u00e4\u00e4<\/a><\/div>\n","protected":false},"author":25,"featured_media":0,"parent":34649,"menu_order":0,"comment_status":"closed","ping_status":"closed","template":"template-layout-full-width.php","meta":{"footnotes":""},"class_list":["post-34662","page","type-page","status-publish","hentry","no-post-thumbnail"],"yoast_head":"<!-- This site is optimized with the Yoast SEO plugin v20.9 - https:\/\/yoast.com\/wordpress\/plugins\/seo\/ -->\n<title>Laura Sijaishallinta \u2013 Ty\u00f6vuorot ja sijaiset nopeasti<\/title>\n<meta name=\"description\" content=\"Ty\u00f6vuoroon sijainen nopealla varoitusajalla? Laura Sijaishallinta tekee ty\u00f6vuorojen, keikkat\u00f6iden ja sijaisten hallinnasta sujuvampaa.\" \/>\n<meta name=\"robots\" content=\"index, follow, max-snippet:-1, max-image-preview:large, max-video-preview:-1\" \/>\n<link rel=\"canonical\" href=\"https:\/\/laura.fi\/rekrytointi\/ratkaisut\/sijaishallinta\/\" \/>\n<meta property=\"og:locale\" content=\"fi_FI\" \/>\n<meta property=\"og:type\" content=\"article\" \/>\n<meta property=\"og:title\" content=\"Laura Sijaishallinta \u2013 Ty\u00f6vuorot ja sijaiset silm\u00e4nr\u00e4p\u00e4yksess\u00e4\" \/>\n<meta property=\"og:description\" content=\"Tarvitseeko ty\u00f6vuoroon l\u00f6yt\u00e4\u00e4 sijainen nopealla varoitusajalla? Laura Sijaishallinta tekee ty\u00f6vuorojen, keikkat\u00f6iden ja sijaisten hallinnasta sujuvampaa.\" \/>\n<meta property=\"og:url\" content=\"https:\/\/laura.fi\/rekrytointi\/ratkaisut\/sijaishallinta\/\" \/>\n<meta property=\"og:site_name\" content=\"Laura.fi\" \/>\n<meta property=\"article:publisher\" content=\"https:\/\/fi-fi.facebook.com\/pages\/Uranusfi\/125289617532043\" \/>\n<meta property=\"article:modified_time\" content=\"2024-05-31T07:11:36+00:00\" \/>\n<meta property=\"og:image\" content=\"https:\/\/laura.fi\/rekrytointi\/wp-content\/uploads\/2024\/01\/Laura-Sijaishallinta-1200x628-1.jpg\" \/>\n\t<meta property=\"og:image:width\" content=\"1200\" \/>\n\t<meta property=\"og:image:height\" content=\"628\" \/>\n\t<meta property=\"og:image:type\" content=\"image\/jpeg\" \/>\n<meta name=\"twitter:card\" content=\"summary_large_image\" \/>\n<meta name=\"twitter:title\" content=\"Laura Sijaishallinta \u2013 Ty\u00f6vuorot ja sijaiset silm\u00e4nr\u00e4p\u00e4yksess\u00e4\" \/>\n<meta name=\"twitter:description\" content=\"Tarvitseeko ty\u00f6vuoroon l\u00f6yt\u00e4\u00e4 sijainen nopealla varoitusajalla? Laura Sijaishallinta tekee ty\u00f6vuorojen, keikkat\u00f6iden ja sijaisten hallinnasta sujuvampaa.\" \/>\n<meta name=\"twitter:image\" content=\"https:\/\/laura.fi\/rekrytointi\/wp-content\/uploads\/2024\/01\/Laura-Sijaishallinta-1200x628-1.jpg\" \/>\n<meta name=\"twitter:site\" content=\"@UranusOy\" \/>\n<meta name=\"twitter:label1\" content=\"Est. reading time\" \/>\n\t<meta name=\"twitter:data1\" content=\"4 minuuttia\" \/>\n<script type=\"application\/ld+json\" class=\"yoast-schema-graph\">{\"@context\":\"https:\/\/schema.org\",\"@graph\":[{\"@type\":\"WebPage\",\"@id\":\"https:\/\/laura.fi\/rekrytointi\/ratkaisut\/sijaishallinta\/\",\"url\":\"https:\/\/laura.fi\/rekrytointi\/ratkaisut\/sijaishallinta\/\",\"name\":\"Laura Sijaishallinta \u2013 Ty\u00f6vuorot ja sijaiset nopeasti\",\"isPartOf\":{\"@id\":\"https:\/\/laura.fi\/rekrytointi\/#website\"},\"datePublished\":\"2023-10-24T06:24:38+00:00\",\"dateModified\":\"2024-05-31T07:11:36+00:00\",\"description\":\"Ty\u00f6vuoroon sijainen nopealla varoitusajalla? Laura Sijaishallinta tekee ty\u00f6vuorojen, keikkat\u00f6iden ja sijaisten hallinnasta sujuvampaa.\",\"breadcrumb\":{\"@id\":\"https:\/\/laura.fi\/rekrytointi\/ratkaisut\/sijaishallinta\/#breadcrumb\"},\"inLanguage\":\"fi\",\"potentialAction\":[{\"@type\":\"ReadAction\",\"target\":[\"https:\/\/laura.fi\/rekrytointi\/ratkaisut\/sijaishallinta\/\"]}]},{\"@type\":\"BreadcrumbList\",\"@id\":\"https:\/\/laura.fi\/rekrytointi\/ratkaisut\/sijaishallinta\/#breadcrumb\",\"itemListElement\":[{\"@type\":\"ListItem\",\"position\":1,\"name\":\"Etusivu\",\"item\":\"laura.fi\"},{\"@type\":\"ListItem\",\"position\":2,\"name\":\"Ratkaisut\",\"item\":\"https:\/\/laura.fi\/rekrytointi\/ratkaisut\/\"},{\"@type\":\"ListItem\",\"position\":3,\"name\":\"Sijaishallinta\"}]},{\"@type\":\"WebSite\",\"@id\":\"https:\/\/laura.fi\/rekrytointi\/#website\",\"url\":\"https:\/\/laura.fi\/rekrytointi\/\",\"name\":\"Laura.fi\",\"description\":\"Hyvi\u00e4 t\u00f6it\u00e4 ja rekrytointeja n\u00e4kyviss\u00e4\",\"publisher\":{\"@id\":\"https:\/\/laura.fi\/rekrytointi\/#organization\"},\"potentialAction\":[{\"@type\":\"SearchAction\",\"target\":{\"@type\":\"EntryPoint\",\"urlTemplate\":\"https:\/\/laura.fi\/rekrytointi\/?s={search_term_string}\"},\"query-input\":\"required name=search_term_string\"}],\"inLanguage\":\"fi\"},{\"@type\":\"Organization\",\"@id\":\"https:\/\/laura.fi\/rekrytointi\/#organization\",\"name\":\"LAURA Rekrytointi Oy\",\"url\":\"https:\/\/laura.fi\/rekrytointi\/\",\"logo\":{\"@type\":\"ImageObject\",\"inLanguage\":\"fi\",\"@id\":\"https:\/\/laura.fi\/rekrytointi\/#\/schema\/logo\/image\/\",\"url\":\"https:\/\/laura.fi\/rekrytointi\/wp-content\/uploads\/2017\/11\/REKRYCOM.png\",\"contentUrl\":\"https:\/\/laura.fi\/rekrytointi\/wp-content\/uploads\/2017\/11\/REKRYCOM.png\",\"width\":426,\"height\":142,\"caption\":\"LAURA Rekrytointi Oy\"},\"image\":{\"@id\":\"https:\/\/laura.fi\/rekrytointi\/#\/schema\/logo\/image\/\"},\"sameAs\":[\"https:\/\/fi-fi.facebook.com\/pages\/Uranusfi\/125289617532043\",\"https:\/\/twitter.com\/UranusOy\"]}]}<\/script>\n<!-- \/ Yoast SEO plugin. -->","yoast_head_json":{"title":"Laura Sijaishallinta \u2013 Ty\u00f6vuorot ja sijaiset nopeasti","description":"Ty\u00f6vuoroon sijainen nopealla varoitusajalla? Laura Sijaishallinta tekee ty\u00f6vuorojen, keikkat\u00f6iden ja sijaisten hallinnasta sujuvampaa.","robots":{"index":"index","follow":"follow","max-snippet":"max-snippet:-1","max-image-preview":"max-image-preview:large","max-video-preview":"max-video-preview:-1"},"canonical":"https:\/\/laura.fi\/rekrytointi\/ratkaisut\/sijaishallinta\/","og_locale":"fi_FI","og_type":"article","og_title":"Laura Sijaishallinta \u2013 Ty\u00f6vuorot ja sijaiset silm\u00e4nr\u00e4p\u00e4yksess\u00e4","og_description":"Tarvitseeko ty\u00f6vuoroon l\u00f6yt\u00e4\u00e4 sijainen nopealla varoitusajalla? Laura Sijaishallinta tekee ty\u00f6vuorojen, keikkat\u00f6iden ja sijaisten hallinnasta sujuvampaa.","og_url":"https:\/\/laura.fi\/rekrytointi\/ratkaisut\/sijaishallinta\/","og_site_name":"Laura.fi","article_publisher":"https:\/\/fi-fi.facebook.com\/pages\/Uranusfi\/125289617532043","article_modified_time":"2024-05-31T07:11:36+00:00","og_image":[{"width":1200,"height":628,"url":"https:\/\/laura.fi\/rekrytointi\/wp-content\/uploads\/2024\/01\/Laura-Sijaishallinta-1200x628-1.jpg","type":"image\/jpeg"}],"twitter_card":"summary_large_image","twitter_title":"Laura Sijaishallinta \u2013 Ty\u00f6vuorot ja sijaiset silm\u00e4nr\u00e4p\u00e4yksess\u00e4","twitter_description":"Tarvitseeko ty\u00f6vuoroon l\u00f6yt\u00e4\u00e4 sijainen nopealla varoitusajalla? Laura Sijaishallinta tekee ty\u00f6vuorojen, keikkat\u00f6iden ja sijaisten hallinnasta sujuvampaa.","twitter_image":"https:\/\/laura.fi\/rekrytointi\/wp-content\/uploads\/2024\/01\/Laura-Sijaishallinta-1200x628-1.jpg","twitter_site":"@UranusOy","twitter_misc":{"Est. reading time":"4 minuuttia"},"schema":{"@context":"https:\/\/schema.org","@graph":[{"@type":"WebPage","@id":"https:\/\/laura.fi\/rekrytointi\/ratkaisut\/sijaishallinta\/","url":"https:\/\/laura.fi\/rekrytointi\/ratkaisut\/sijaishallinta\/","name":"Laura Sijaishallinta \u2013 Ty\u00f6vuorot ja sijaiset nopeasti","isPartOf":{"@id":"https:\/\/laura.fi\/rekrytointi\/#website"},"datePublished":"2023-10-24T06:24:38+00:00","dateModified":"2024-05-31T07:11:36+00:00","description":"Ty\u00f6vuoroon sijainen nopealla varoitusajalla? Laura Sijaishallinta tekee ty\u00f6vuorojen, keikkat\u00f6iden ja sijaisten hallinnasta sujuvampaa.","breadcrumb":{"@id":"https:\/\/laura.fi\/rekrytointi\/ratkaisut\/sijaishallinta\/#breadcrumb"},"inLanguage":"fi","potentialAction":[{"@type":"ReadAction","target":["https:\/\/laura.fi\/rekrytointi\/ratkaisut\/sijaishallinta\/"]}]},{"@type":"BreadcrumbList","@id":"https:\/\/laura.fi\/rekrytointi\/ratkaisut\/sijaishallinta\/#breadcrumb","itemListElement":[{"@type":"ListItem","position":1,"name":"Etusivu","item":"laura.fi"},{"@type":"ListItem","position":2,"name":"Ratkaisut","item":"https:\/\/laura.fi\/rekrytointi\/ratkaisut\/"},{"@type":"ListItem","position":3,"name":"Sijaishallinta"}]},{"@type":"WebSite","@id":"https:\/\/laura.fi\/rekrytointi\/#website","url":"https:\/\/laura.fi\/rekrytointi\/","name":"Laura.fi","description":"Hyvi\u00e4 t\u00f6it\u00e4 ja rekrytointeja n\u00e4kyviss\u00e4","publisher":{"@id":"https:\/\/laura.fi\/rekrytointi\/#organization"},"potentialAction":[{"@type":"SearchAction","target":{"@type":"EntryPoint","urlTemplate":"https:\/\/laura.fi\/rekrytointi\/?s={search_term_string}"},"query-input":"required name=search_term_string"}],"inLanguage":"fi"},{"@type":"Organization","@id":"https:\/\/laura.fi\/rekrytointi\/#organization","name":"LAURA Rekrytointi Oy","url":"https:\/\/laura.fi\/rekrytointi\/","logo":{"@type":"ImageObject","inLanguage":"fi","@id":"https:\/\/laura.fi\/rekrytointi\/#\/schema\/logo\/image\/","url":"https:\/\/laura.fi\/rekrytointi\/wp-content\/uploads\/2017\/11\/REKRYCOM.png","contentUrl":"https:\/\/laura.fi\/rekrytointi\/wp-content\/uploads\/2017\/11\/REKRYCOM.png","width":426,"height":142,"caption":"LAURA Rekrytointi Oy"},"image":{"@id":"https:\/\/laura.fi\/rekrytointi\/#\/schema\/logo\/image\/"},"sameAs":["https:\/\/fi-fi.facebook.com\/pages\/Uranusfi\/125289617532043","https:\/\/twitter.com\/UranusOy"]}]}},"_links":{"self":[{"href":"https:\/\/laura.fi\/rekrytointi\/wp-json\/wp\/v2\/pages\/34662","targetHints":{"allow":["GET"]}}],"collection":[{"href":"https:\/\/laura.fi\/rekrytointi\/wp-json\/wp\/v2\/pages"}],"about":[{"href":"https:\/\/laura.fi\/rekrytointi\/wp-json\/wp\/v2\/types\/page"}],"author":[{"embeddable":true,"href":"https:\/\/laura.fi\/rekrytointi\/wp-json\/wp\/v2\/users\/25"}],"replies":[{"embeddable":true,"href":"https:\/\/laura.fi\/rekrytointi\/wp-json\/wp\/v2\/comments?post=34662"}],"version-history":[{"count":12,"href":"https:\/\/laura.fi\/rekrytointi\/wp-json\/wp\/v2\/pages\/34662\/revisions"}],"predecessor-version":[{"id":39113,"href":"https:\/\/laura.fi\/rekrytointi\/wp-json\/wp\/v2\/pages\/34662\/revisions\/39113"}],"up":[{"embeddable":true,"href":"https:\/\/laura.fi\/rekrytointi\/wp-json\/wp\/v2\/pages\/34649"}],"wp:attachment":[{"href":"https:\/\/laura.fi\/rekrytointi\/wp-json\/wp\/v2\/media?parent=34662"}],"curies":[{"name":"wp","href":"https:\/\/api.w.org\/{rel}","templated":true}]}}