{"id":34649,"date":"2023-10-23T15:37:22","date_gmt":"2023-10-23T12:37:22","guid":{"rendered":"https:\/\/laura.fi\/rekrytointi\/?page_id=34649"},"modified":"2026-03-02T13:03:25","modified_gmt":"2026-03-02T11:03:25","slug":"ratkaisut","status":"publish","type":"page","link":"https:\/\/laura.fi\/rekrytointi\/ratkaisut\/","title":{"rendered":"Ratkaisut"},"content":{"rendered":"<div id=\"cs-content\" class=\"cs-content\"><\/div>\n","protected":false},"excerpt":{"rendered":"<p>REKRYTOINNIN KOKONAISPALVELUYksi kokonaisratkaisu sujuvaan rekrytointiinVapauta aikaasi ja unohda hajanaiset rekrytointiratkaisut. Rekrytoinnin kokonaispalvelu yhdist\u00e4\u00e4 \u00e4lykk\u00e4\u00e4n rekrytointij\u00e4rjestelm\u00e4n, henkil\u00f6st\u00f6palvelut ja ty\u00f6nantajakuvan kehitt\u00e4misen yhdeksi selke\u00e4ksi kokonaisuudeksi. Saat osaajat, sujuvamman arjen ja kumppanin, joka huolehtii rekrytoinneistasi kokonaisvaltaisesti, jotta voit keskitty\u00e4 yrityksesi p\u00e4ivitt\u00e4iseen tekemiseen. Sen avulla pystyt hoitamaan sujuvasti rekrytointisi itse, ottamaan rekrytoinnin palveluna ja vuokraamaan ty\u00f6ntekij\u00e4n &#8211; kaikki yhden kumppanin kautta l\u00e4pin\u00e4kyv\u00e4ll\u00e4 hinnoittelulla.TutustuREKRYTOINTIJ\u00c4RJESTELM\u00c4Koe sujuvamman rekrytoinnin &#8230; <\/p>\n<div><a href=\"https:\/\/laura.fi\/rekrytointi\/ratkaisut\/\" class=\"more-link\">Lue lis\u00e4\u00e4<\/a><\/div>\n","protected":false},"author":25,"featured_media":0,"parent":0,"menu_order":0,"comment_status":"closed","ping_status":"closed","template":"template-layout-full-width.php","meta":{"footnotes":""},"class_list":["post-34649","page","type-page","status-publish","hentry","no-post-thumbnail"],"yoast_head":"<!-- This site is optimized with the Yoast SEO plugin v20.9 - https:\/\/yoast.com\/wordpress\/plugins\/seo\/ -->\n<title>Katso Lauran ratkaisut rekrytointiin - Laura.fi<\/title>\n<meta name=\"description\" content=\"Laura tarjoaa parhaat ratkaisut rekrytointiin yhdist\u00e4m\u00e4ll\u00e4 rekrytointij\u00e4rjestelm\u00e4n ja osaajien tavoittamisen sujuvaksi kokonaisuudeksi. Tutustu nyt!\" \/>\n<meta name=\"robots\" content=\"index, follow, max-snippet:-1, max-image-preview:large, max-video-preview:-1\" \/>\n<link rel=\"canonical\" href=\"https:\/\/laura.fi\/rekrytointi\/ratkaisut\/\" \/>\n<meta property=\"og:locale\" content=\"fi_FI\" \/>\n<meta property=\"og:type\" content=\"article\" \/>\n<meta property=\"og:title\" content=\"Ratkaisut rekrytointiin - Laura n\u00e4ytt\u00e4\u00e4 sujuvan rekrytoinnin polun\" \/>\n<meta property=\"og:description\" content=\"Laura tarjoaa parhaat ratkaisut rekrytointiin. Tutustu palveluihimme ja kirkasta rekrytointin\u00e4kym\u00e4si yhdist\u00e4m\u00e4ll\u00e4 rekrytointij\u00e4rjestelm\u00e4 ja osaajien tavoittaminen sujuvaksi kokonaisuudeksi.\" \/>\n<meta property=\"og:url\" content=\"https:\/\/laura.fi\/rekrytointi\/ratkaisut\/\" \/>\n<meta property=\"og:site_name\" content=\"Laura.fi\" \/>\n<meta property=\"article:publisher\" content=\"https:\/\/fi-fi.facebook.com\/pages\/Uranusfi\/125289617532043\" \/>\n<meta property=\"article:modified_time\" content=\"2026-03-02T11:03:25+00:00\" \/>\n<meta property=\"og:image\" content=\"https:\/\/laura.fi\/rekrytointi\/wp-content\/uploads\/2024\/01\/Ratkaisut-paasivu-1200x628-1.png\" \/>\n\t<meta property=\"og:image:width\" content=\"1200\" \/>\n\t<meta property=\"og:image:height\" content=\"628\" \/>\n\t<meta property=\"og:image:type\" content=\"image\/png\" \/>\n<meta name=\"twitter:card\" content=\"summary_large_image\" \/>\n<meta name=\"twitter:title\" content=\"Ratkaisut rekrytointiin - Laura n\u00e4ytt\u00e4\u00e4 sujuvan rekrytoinnin polun\" \/>\n<meta name=\"twitter:description\" content=\"Laura tarjoaa parhaat ratkaisut rekrytointiin. Tutustu palveluihimme ja kirkasta rekrytointin\u00e4kym\u00e4si yhdist\u00e4m\u00e4ll\u00e4 rekrytointij\u00e4rjestelm\u00e4 ja osaajien tavoittaminen sujuvaksi kokonaisuudeksi.\" \/>\n<meta name=\"twitter:image\" content=\"https:\/\/laura.fi\/rekrytointi\/wp-content\/uploads\/2024\/01\/Ratkaisut-paasivu-1200x628-1.png\" \/>\n<meta name=\"twitter:site\" content=\"@UranusOy\" \/>\n<meta name=\"twitter:label1\" content=\"Est. reading time\" \/>\n\t<meta name=\"twitter:data1\" content=\"6 minuuttia\" \/>\n<script type=\"application\/ld+json\" class=\"yoast-schema-graph\">{\"@context\":\"https:\/\/schema.org\",\"@graph\":[{\"@type\":\"WebPage\",\"@id\":\"https:\/\/laura.fi\/rekrytointi\/ratkaisut\/\",\"url\":\"https:\/\/laura.fi\/rekrytointi\/ratkaisut\/\",\"name\":\"Katso Lauran ratkaisut rekrytointiin - Laura.fi\",\"isPartOf\":{\"@id\":\"https:\/\/laura.fi\/rekrytointi\/#website\"},\"datePublished\":\"2023-10-23T12:37:22+00:00\",\"dateModified\":\"2026-03-02T11:03:25+00:00\",\"description\":\"Laura tarjoaa parhaat ratkaisut rekrytointiin yhdist\u00e4m\u00e4ll\u00e4 rekrytointij\u00e4rjestelm\u00e4n ja osaajien tavoittamisen sujuvaksi kokonaisuudeksi. Tutustu nyt!\",\"breadcrumb\":{\"@id\":\"https:\/\/laura.fi\/rekrytointi\/ratkaisut\/#breadcrumb\"},\"inLanguage\":\"fi\",\"potentialAction\":[{\"@type\":\"ReadAction\",\"target\":[\"https:\/\/laura.fi\/rekrytointi\/ratkaisut\/\"]}]},{\"@type\":\"BreadcrumbList\",\"@id\":\"https:\/\/laura.fi\/rekrytointi\/ratkaisut\/#breadcrumb\",\"itemListElement\":[{\"@type\":\"ListItem\",\"position\":1,\"name\":\"Etusivu\",\"item\":\"laura.fi\"},{\"@type\":\"ListItem\",\"position\":2,\"name\":\"Ratkaisut\"}]},{\"@type\":\"WebSite\",\"@id\":\"https:\/\/laura.fi\/rekrytointi\/#website\",\"url\":\"https:\/\/laura.fi\/rekrytointi\/\",\"name\":\"Laura.fi\",\"description\":\"Hyvi\u00e4 t\u00f6it\u00e4 ja rekrytointeja n\u00e4kyviss\u00e4\",\"publisher\":{\"@id\":\"https:\/\/laura.fi\/rekrytointi\/#organization\"},\"potentialAction\":[{\"@type\":\"SearchAction\",\"target\":{\"@type\":\"EntryPoint\",\"urlTemplate\":\"https:\/\/laura.fi\/rekrytointi\/?s={search_term_string}\"},\"query-input\":\"required name=search_term_string\"}],\"inLanguage\":\"fi\"},{\"@type\":\"Organization\",\"@id\":\"https:\/\/laura.fi\/rekrytointi\/#organization\",\"name\":\"LAURA Rekrytointi Oy\",\"url\":\"https:\/\/laura.fi\/rekrytointi\/\",\"logo\":{\"@type\":\"ImageObject\",\"inLanguage\":\"fi\",\"@id\":\"https:\/\/laura.fi\/rekrytointi\/#\/schema\/logo\/image\/\",\"url\":\"https:\/\/laura.fi\/rekrytointi\/wp-content\/uploads\/2017\/11\/REKRYCOM.png\",\"contentUrl\":\"https:\/\/laura.fi\/rekrytointi\/wp-content\/uploads\/2017\/11\/REKRYCOM.png\",\"width\":426,\"height\":142,\"caption\":\"LAURA Rekrytointi Oy\"},\"image\":{\"@id\":\"https:\/\/laura.fi\/rekrytointi\/#\/schema\/logo\/image\/\"},\"sameAs\":[\"https:\/\/fi-fi.facebook.com\/pages\/Uranusfi\/125289617532043\",\"https:\/\/twitter.com\/UranusOy\"]}]}<\/script>\n<!-- \/ Yoast SEO plugin. -->","yoast_head_json":{"title":"Katso Lauran ratkaisut rekrytointiin - Laura.fi","description":"Laura tarjoaa parhaat ratkaisut rekrytointiin yhdist\u00e4m\u00e4ll\u00e4 rekrytointij\u00e4rjestelm\u00e4n ja osaajien tavoittamisen sujuvaksi kokonaisuudeksi. Tutustu nyt!","robots":{"index":"index","follow":"follow","max-snippet":"max-snippet:-1","max-image-preview":"max-image-preview:large","max-video-preview":"max-video-preview:-1"},"canonical":"https:\/\/laura.fi\/rekrytointi\/ratkaisut\/","og_locale":"fi_FI","og_type":"article","og_title":"Ratkaisut rekrytointiin - Laura n\u00e4ytt\u00e4\u00e4 sujuvan rekrytoinnin polun","og_description":"Laura tarjoaa parhaat ratkaisut rekrytointiin. Tutustu palveluihimme ja kirkasta rekrytointin\u00e4kym\u00e4si yhdist\u00e4m\u00e4ll\u00e4 rekrytointij\u00e4rjestelm\u00e4 ja osaajien tavoittaminen sujuvaksi kokonaisuudeksi.","og_url":"https:\/\/laura.fi\/rekrytointi\/ratkaisut\/","og_site_name":"Laura.fi","article_publisher":"https:\/\/fi-fi.facebook.com\/pages\/Uranusfi\/125289617532043","article_modified_time":"2026-03-02T11:03:25+00:00","og_image":[{"width":1200,"height":628,"url":"https:\/\/laura.fi\/rekrytointi\/wp-content\/uploads\/2024\/01\/Ratkaisut-paasivu-1200x628-1.png","type":"image\/png"}],"twitter_card":"summary_large_image","twitter_title":"Ratkaisut rekrytointiin - Laura n\u00e4ytt\u00e4\u00e4 sujuvan rekrytoinnin polun","twitter_description":"Laura tarjoaa parhaat ratkaisut rekrytointiin. Tutustu palveluihimme ja kirkasta rekrytointin\u00e4kym\u00e4si yhdist\u00e4m\u00e4ll\u00e4 rekrytointij\u00e4rjestelm\u00e4 ja osaajien tavoittaminen sujuvaksi kokonaisuudeksi.","twitter_image":"https:\/\/laura.fi\/rekrytointi\/wp-content\/uploads\/2024\/01\/Ratkaisut-paasivu-1200x628-1.png","twitter_site":"@UranusOy","twitter_misc":{"Est. reading time":"6 minuuttia"},"schema":{"@context":"https:\/\/schema.org","@graph":[{"@type":"WebPage","@id":"https:\/\/laura.fi\/rekrytointi\/ratkaisut\/","url":"https:\/\/laura.fi\/rekrytointi\/ratkaisut\/","name":"Katso Lauran ratkaisut rekrytointiin - Laura.fi","isPartOf":{"@id":"https:\/\/laura.fi\/rekrytointi\/#website"},"datePublished":"2023-10-23T12:37:22+00:00","dateModified":"2026-03-02T11:03:25+00:00","description":"Laura tarjoaa parhaat ratkaisut rekrytointiin yhdist\u00e4m\u00e4ll\u00e4 rekrytointij\u00e4rjestelm\u00e4n ja osaajien tavoittamisen sujuvaksi kokonaisuudeksi. Tutustu nyt!","breadcrumb":{"@id":"https:\/\/laura.fi\/rekrytointi\/ratkaisut\/#breadcrumb"},"inLanguage":"fi","potentialAction":[{"@type":"ReadAction","target":["https:\/\/laura.fi\/rekrytointi\/ratkaisut\/"]}]},{"@type":"BreadcrumbList","@id":"https:\/\/laura.fi\/rekrytointi\/ratkaisut\/#breadcrumb","itemListElement":[{"@type":"ListItem","position":1,"name":"Etusivu","item":"laura.fi"},{"@type":"ListItem","position":2,"name":"Ratkaisut"}]},{"@type":"WebSite","@id":"https:\/\/laura.fi\/rekrytointi\/#website","url":"https:\/\/laura.fi\/rekrytointi\/","name":"Laura.fi","description":"Hyvi\u00e4 t\u00f6it\u00e4 ja rekrytointeja n\u00e4kyviss\u00e4","publisher":{"@id":"https:\/\/laura.fi\/rekrytointi\/#organization"},"potentialAction":[{"@type":"SearchAction","target":{"@type":"EntryPoint","urlTemplate":"https:\/\/laura.fi\/rekrytointi\/?s={search_term_string}"},"query-input":"required name=search_term_string"}],"inLanguage":"fi"},{"@type":"Organization","@id":"https:\/\/laura.fi\/rekrytointi\/#organization","name":"LAURA Rekrytointi Oy","url":"https:\/\/laura.fi\/rekrytointi\/","logo":{"@type":"ImageObject","inLanguage":"fi","@id":"https:\/\/laura.fi\/rekrytointi\/#\/schema\/logo\/image\/","url":"https:\/\/laura.fi\/rekrytointi\/wp-content\/uploads\/2017\/11\/REKRYCOM.png","contentUrl":"https:\/\/laura.fi\/rekrytointi\/wp-content\/uploads\/2017\/11\/REKRYCOM.png","width":426,"height":142,"caption":"LAURA Rekrytointi Oy"},"image":{"@id":"https:\/\/laura.fi\/rekrytointi\/#\/schema\/logo\/image\/"},"sameAs":["https:\/\/fi-fi.facebook.com\/pages\/Uranusfi\/125289617532043","https:\/\/twitter.com\/UranusOy"]}]}},"_links":{"self":[{"href":"https:\/\/laura.fi\/rekrytointi\/wp-json\/wp\/v2\/pages\/34649","targetHints":{"allow":["GET"]}}],"collection":[{"href":"https:\/\/laura.fi\/rekrytointi\/wp-json\/wp\/v2\/pages"}],"about":[{"href":"https:\/\/laura.fi\/rekrytointi\/wp-json\/wp\/v2\/types\/page"}],"author":[{"embeddable":true,"href":"https:\/\/laura.fi\/rekrytointi\/wp-json\/wp\/v2\/users\/25"}],"replies":[{"embeddable":true,"href":"https:\/\/laura.fi\/rekrytointi\/wp-json\/wp\/v2\/comments?post=34649"}],"version-history":[{"count":24,"href":"https:\/\/laura.fi\/rekrytointi\/wp-json\/wp\/v2\/pages\/34649\/revisions"}],"predecessor-version":[{"id":42568,"href":"https:\/\/laura.fi\/rekrytointi\/wp-json\/wp\/v2\/pages\/34649\/revisions\/42568"}],"wp:attachment":[{"href":"https:\/\/laura.fi\/rekrytointi\/wp-json\/wp\/v2\/media?parent=34649"}],"curies":[{"name":"wp","href":"https:\/\/api.w.org\/{rel}","templated":true}]}}