{"id":34628,"date":"2023-10-18T13:34:52","date_gmt":"2023-10-18T10:34:52","guid":{"rendered":"https:\/\/laura.fi\/rekrytointi\/?page_id=34628"},"modified":"2025-04-11T08:29:52","modified_gmt":"2025-04-11T05:29:52","slug":"rekrytointijarjestelma","status":"publish","type":"page","link":"https:\/\/laura.fi\/rekrytointi\/ratkaisut\/rekrytointijarjestelma\/","title":{"rendered":"Rekrytointij\u00e4rjestelm\u00e4"},"content":{"rendered":"<div id=\"cs-content\" class=\"cs-content\"><\/div>\n","protected":false},"excerpt":{"rendered":"<p>REKRYTOINTI&shy;J\u00c4RJESTELM\u00c4Rekrytoinnin polku n\u00e4ytt\u00e4\u00e4 valoisalta Lauran avullaHaluatko luopua monimutkaisesta rekrytointiprosessista ja hakemusten selaamisesta yksi toisensa per\u00e4\u00e4n? Astu uudelle rekrytointipolulle ja anna Lauran inspiroida sinua tehokkaalla, monipuolisella ja ilahduttavan selke\u00e4ll\u00e4 rekrytointity\u00f6kalulla. Anna Laura Rekrytointij\u00e4rjestelm\u00e4n tehd\u00e4 ty\u00f6p\u00e4iv\u00e4st\u00e4si selke\u00e4 kuin p\u00e4iv\u00e4npaiste ja kirkastaa rekrytoinnin n\u00e4kym\u00e4si. Ymm\u00e4rr\u00e4mme, ett\u00e4 rekrytointiprosessi voi olla haastava ja aikaa viev\u00e4. Siksi olemme kehitt\u00e4neet kokonaisvaltaisen ratkaisun, jonka avulla voit hoitaa koko &#8230; <\/p>\n<div><a href=\"https:\/\/laura.fi\/rekrytointi\/ratkaisut\/rekrytointijarjestelma\/\" class=\"more-link\">Lue lis\u00e4\u00e4<\/a><\/div>\n","protected":false},"author":25,"featured_media":0,"parent":34649,"menu_order":0,"comment_status":"closed","ping_status":"closed","template":"template-layout-full-width.php","meta":{"footnotes":""},"class_list":["post-34628","page","type-page","status-publish","hentry","no-post-thumbnail"],"yoast_head":"<!-- This site is optimized with the Yoast SEO plugin v20.9 - https:\/\/yoast.com\/wordpress\/plugins\/seo\/ -->\n<title>Laura Rekrytointij\u00e4rjestelm\u00e4 \u2013 Hyvi\u00e4 rekrytointeja n\u00e4kyviss\u00e4<\/title>\n<meta name=\"description\" content=\"Kirkasta rekrytoinnin n\u00e4kym\u00e4si ja koe sujuvamman rekrytoinnin voima! Laura Rekrytointij\u00e4rjestelm\u00e4 tekee rekrytoinnista selke\u00e4\u00e4 kuin p\u00e4iv\u00e4npaiste.\" \/>\n<meta name=\"robots\" content=\"index, follow, max-snippet:-1, max-image-preview:large, max-video-preview:-1\" \/>\n<link rel=\"canonical\" href=\"https:\/\/laura.fi\/rekrytointi\/ratkaisut\/rekrytointijarjestelma\/\" \/>\n<meta property=\"og:locale\" content=\"fi_FI\" \/>\n<meta property=\"og:type\" content=\"article\" \/>\n<meta property=\"og:title\" content=\"Laura Rekrytointij\u00e4rjestelm\u00e4 \u2013 Hyvi\u00e4 rekrytointeja n\u00e4kyviss\u00e4\" \/>\n<meta property=\"og:description\" content=\"Kirkasta rekrytoinnin n\u00e4kym\u00e4si ja koe sujuvamman rekrytoinnin voima! Laura Rekrytointij\u00e4rjestelm\u00e4 tekee rekrytoinnista selke\u00e4\u00e4 kuin p\u00e4iv\u00e4npaiste.\" \/>\n<meta property=\"og:url\" content=\"https:\/\/laura.fi\/rekrytointi\/ratkaisut\/rekrytointijarjestelma\/\" \/>\n<meta property=\"og:site_name\" content=\"Laura.fi\" \/>\n<meta property=\"article:publisher\" content=\"https:\/\/fi-fi.facebook.com\/pages\/Uranusfi\/125289617532043\" \/>\n<meta property=\"article:modified_time\" content=\"2025-04-11T05:29:52+00:00\" \/>\n<meta property=\"og:image\" content=\"https:\/\/laura.fi\/rekrytointi\/wp-content\/uploads\/2024\/01\/Laura-Rekrytointijarjestelma-1200x628-1.jpg\" \/>\n\t<meta property=\"og:image:width\" content=\"1200\" \/>\n\t<meta property=\"og:image:height\" content=\"628\" \/>\n\t<meta property=\"og:image:type\" content=\"image\/jpeg\" \/>\n<meta name=\"twitter:card\" content=\"summary_large_image\" \/>\n<meta name=\"twitter:title\" content=\"Laura Rekrytointij\u00e4rjestelm\u00e4 \u2013 Hyvi\u00e4 rekrytointeja n\u00e4kyviss\u00e4\" \/>\n<meta name=\"twitter:description\" content=\"Kirkasta rekrytoinnin n\u00e4kym\u00e4si ja koe sujuvamman rekrytoinnin voima! Laura Rekrytointij\u00e4rjestelm\u00e4 tekee rekrytoinnista selke\u00e4\u00e4 kuin p\u00e4iv\u00e4npaiste.\" \/>\n<meta name=\"twitter:image\" content=\"https:\/\/laura.fi\/rekrytointi\/wp-content\/uploads\/2024\/01\/Laura-Rekrytointijarjestelma-1200x628-1.jpg\" \/>\n<meta name=\"twitter:site\" content=\"@UranusOy\" \/>\n<meta name=\"twitter:label1\" content=\"Est. reading time\" \/>\n\t<meta name=\"twitter:data1\" content=\"8 minuuttia\" \/>\n<script type=\"application\/ld+json\" class=\"yoast-schema-graph\">{\"@context\":\"https:\/\/schema.org\",\"@graph\":[{\"@type\":\"WebPage\",\"@id\":\"https:\/\/laura.fi\/rekrytointi\/ratkaisut\/rekrytointijarjestelma\/\",\"url\":\"https:\/\/laura.fi\/rekrytointi\/ratkaisut\/rekrytointijarjestelma\/\",\"name\":\"Laura Rekrytointij\u00e4rjestelm\u00e4 \u2013 Hyvi\u00e4 rekrytointeja n\u00e4kyviss\u00e4\",\"isPartOf\":{\"@id\":\"https:\/\/laura.fi\/rekrytointi\/#website\"},\"datePublished\":\"2023-10-18T10:34:52+00:00\",\"dateModified\":\"2025-04-11T05:29:52+00:00\",\"description\":\"Kirkasta rekrytoinnin n\u00e4kym\u00e4si ja koe sujuvamman rekrytoinnin voima! Laura Rekrytointij\u00e4rjestelm\u00e4 tekee rekrytoinnista selke\u00e4\u00e4 kuin p\u00e4iv\u00e4npaiste.\",\"breadcrumb\":{\"@id\":\"https:\/\/laura.fi\/rekrytointi\/ratkaisut\/rekrytointijarjestelma\/#breadcrumb\"},\"inLanguage\":\"fi\",\"potentialAction\":[{\"@type\":\"ReadAction\",\"target\":[\"https:\/\/laura.fi\/rekrytointi\/ratkaisut\/rekrytointijarjestelma\/\"]}]},{\"@type\":\"BreadcrumbList\",\"@id\":\"https:\/\/laura.fi\/rekrytointi\/ratkaisut\/rekrytointijarjestelma\/#breadcrumb\",\"itemListElement\":[{\"@type\":\"ListItem\",\"position\":1,\"name\":\"Etusivu\",\"item\":\"laura.fi\"},{\"@type\":\"ListItem\",\"position\":2,\"name\":\"Ratkaisut\",\"item\":\"https:\/\/laura.fi\/rekrytointi\/ratkaisut\/\"},{\"@type\":\"ListItem\",\"position\":3,\"name\":\"Rekrytointij\u00e4rjestelm\u00e4\"}]},{\"@type\":\"WebSite\",\"@id\":\"https:\/\/laura.fi\/rekrytointi\/#website\",\"url\":\"https:\/\/laura.fi\/rekrytointi\/\",\"name\":\"Laura.fi\",\"description\":\"Hyvi\u00e4 t\u00f6it\u00e4 ja rekrytointeja n\u00e4kyviss\u00e4\",\"publisher\":{\"@id\":\"https:\/\/laura.fi\/rekrytointi\/#organization\"},\"potentialAction\":[{\"@type\":\"SearchAction\",\"target\":{\"@type\":\"EntryPoint\",\"urlTemplate\":\"https:\/\/laura.fi\/rekrytointi\/?s={search_term_string}\"},\"query-input\":\"required name=search_term_string\"}],\"inLanguage\":\"fi\"},{\"@type\":\"Organization\",\"@id\":\"https:\/\/laura.fi\/rekrytointi\/#organization\",\"name\":\"LAURA Rekrytointi Oy\",\"url\":\"https:\/\/laura.fi\/rekrytointi\/\",\"logo\":{\"@type\":\"ImageObject\",\"inLanguage\":\"fi\",\"@id\":\"https:\/\/laura.fi\/rekrytointi\/#\/schema\/logo\/image\/\",\"url\":\"https:\/\/laura.fi\/rekrytointi\/wp-content\/uploads\/2017\/11\/REKRYCOM.png\",\"contentUrl\":\"https:\/\/laura.fi\/rekrytointi\/wp-content\/uploads\/2017\/11\/REKRYCOM.png\",\"width\":426,\"height\":142,\"caption\":\"LAURA Rekrytointi Oy\"},\"image\":{\"@id\":\"https:\/\/laura.fi\/rekrytointi\/#\/schema\/logo\/image\/\"},\"sameAs\":[\"https:\/\/fi-fi.facebook.com\/pages\/Uranusfi\/125289617532043\",\"https:\/\/twitter.com\/UranusOy\"]}]}<\/script>\n<!-- \/ Yoast SEO plugin. -->","yoast_head_json":{"title":"Laura Rekrytointij\u00e4rjestelm\u00e4 \u2013 Hyvi\u00e4 rekrytointeja n\u00e4kyviss\u00e4","description":"Kirkasta rekrytoinnin n\u00e4kym\u00e4si ja koe sujuvamman rekrytoinnin voima! Laura Rekrytointij\u00e4rjestelm\u00e4 tekee rekrytoinnista selke\u00e4\u00e4 kuin p\u00e4iv\u00e4npaiste.","robots":{"index":"index","follow":"follow","max-snippet":"max-snippet:-1","max-image-preview":"max-image-preview:large","max-video-preview":"max-video-preview:-1"},"canonical":"https:\/\/laura.fi\/rekrytointi\/ratkaisut\/rekrytointijarjestelma\/","og_locale":"fi_FI","og_type":"article","og_title":"Laura Rekrytointij\u00e4rjestelm\u00e4 \u2013 Hyvi\u00e4 rekrytointeja n\u00e4kyviss\u00e4","og_description":"Kirkasta rekrytoinnin n\u00e4kym\u00e4si ja koe sujuvamman rekrytoinnin voima! Laura Rekrytointij\u00e4rjestelm\u00e4 tekee rekrytoinnista selke\u00e4\u00e4 kuin p\u00e4iv\u00e4npaiste.","og_url":"https:\/\/laura.fi\/rekrytointi\/ratkaisut\/rekrytointijarjestelma\/","og_site_name":"Laura.fi","article_publisher":"https:\/\/fi-fi.facebook.com\/pages\/Uranusfi\/125289617532043","article_modified_time":"2025-04-11T05:29:52+00:00","og_image":[{"width":1200,"height":628,"url":"https:\/\/laura.fi\/rekrytointi\/wp-content\/uploads\/2024\/01\/Laura-Rekrytointijarjestelma-1200x628-1.jpg","type":"image\/jpeg"}],"twitter_card":"summary_large_image","twitter_title":"Laura Rekrytointij\u00e4rjestelm\u00e4 \u2013 Hyvi\u00e4 rekrytointeja n\u00e4kyviss\u00e4","twitter_description":"Kirkasta rekrytoinnin n\u00e4kym\u00e4si ja koe sujuvamman rekrytoinnin voima! Laura Rekrytointij\u00e4rjestelm\u00e4 tekee rekrytoinnista selke\u00e4\u00e4 kuin p\u00e4iv\u00e4npaiste.","twitter_image":"https:\/\/laura.fi\/rekrytointi\/wp-content\/uploads\/2024\/01\/Laura-Rekrytointijarjestelma-1200x628-1.jpg","twitter_site":"@UranusOy","twitter_misc":{"Est. reading time":"8 minuuttia"},"schema":{"@context":"https:\/\/schema.org","@graph":[{"@type":"WebPage","@id":"https:\/\/laura.fi\/rekrytointi\/ratkaisut\/rekrytointijarjestelma\/","url":"https:\/\/laura.fi\/rekrytointi\/ratkaisut\/rekrytointijarjestelma\/","name":"Laura Rekrytointij\u00e4rjestelm\u00e4 \u2013 Hyvi\u00e4 rekrytointeja n\u00e4kyviss\u00e4","isPartOf":{"@id":"https:\/\/laura.fi\/rekrytointi\/#website"},"datePublished":"2023-10-18T10:34:52+00:00","dateModified":"2025-04-11T05:29:52+00:00","description":"Kirkasta rekrytoinnin n\u00e4kym\u00e4si ja koe sujuvamman rekrytoinnin voima! Laura Rekrytointij\u00e4rjestelm\u00e4 tekee rekrytoinnista selke\u00e4\u00e4 kuin p\u00e4iv\u00e4npaiste.","breadcrumb":{"@id":"https:\/\/laura.fi\/rekrytointi\/ratkaisut\/rekrytointijarjestelma\/#breadcrumb"},"inLanguage":"fi","potentialAction":[{"@type":"ReadAction","target":["https:\/\/laura.fi\/rekrytointi\/ratkaisut\/rekrytointijarjestelma\/"]}]},{"@type":"BreadcrumbList","@id":"https:\/\/laura.fi\/rekrytointi\/ratkaisut\/rekrytointijarjestelma\/#breadcrumb","itemListElement":[{"@type":"ListItem","position":1,"name":"Etusivu","item":"laura.fi"},{"@type":"ListItem","position":2,"name":"Ratkaisut","item":"https:\/\/laura.fi\/rekrytointi\/ratkaisut\/"},{"@type":"ListItem","position":3,"name":"Rekrytointij\u00e4rjestelm\u00e4"}]},{"@type":"WebSite","@id":"https:\/\/laura.fi\/rekrytointi\/#website","url":"https:\/\/laura.fi\/rekrytointi\/","name":"Laura.fi","description":"Hyvi\u00e4 t\u00f6it\u00e4 ja rekrytointeja n\u00e4kyviss\u00e4","publisher":{"@id":"https:\/\/laura.fi\/rekrytointi\/#organization"},"potentialAction":[{"@type":"SearchAction","target":{"@type":"EntryPoint","urlTemplate":"https:\/\/laura.fi\/rekrytointi\/?s={search_term_string}"},"query-input":"required name=search_term_string"}],"inLanguage":"fi"},{"@type":"Organization","@id":"https:\/\/laura.fi\/rekrytointi\/#organization","name":"LAURA Rekrytointi Oy","url":"https:\/\/laura.fi\/rekrytointi\/","logo":{"@type":"ImageObject","inLanguage":"fi","@id":"https:\/\/laura.fi\/rekrytointi\/#\/schema\/logo\/image\/","url":"https:\/\/laura.fi\/rekrytointi\/wp-content\/uploads\/2017\/11\/REKRYCOM.png","contentUrl":"https:\/\/laura.fi\/rekrytointi\/wp-content\/uploads\/2017\/11\/REKRYCOM.png","width":426,"height":142,"caption":"LAURA Rekrytointi Oy"},"image":{"@id":"https:\/\/laura.fi\/rekrytointi\/#\/schema\/logo\/image\/"},"sameAs":["https:\/\/fi-fi.facebook.com\/pages\/Uranusfi\/125289617532043","https:\/\/twitter.com\/UranusOy"]}]}},"_links":{"self":[{"href":"https:\/\/laura.fi\/rekrytointi\/wp-json\/wp\/v2\/pages\/34628","targetHints":{"allow":["GET"]}}],"collection":[{"href":"https:\/\/laura.fi\/rekrytointi\/wp-json\/wp\/v2\/pages"}],"about":[{"href":"https:\/\/laura.fi\/rekrytointi\/wp-json\/wp\/v2\/types\/page"}],"author":[{"embeddable":true,"href":"https:\/\/laura.fi\/rekrytointi\/wp-json\/wp\/v2\/users\/25"}],"replies":[{"embeddable":true,"href":"https:\/\/laura.fi\/rekrytointi\/wp-json\/wp\/v2\/comments?post=34628"}],"version-history":[{"count":14,"href":"https:\/\/laura.fi\/rekrytointi\/wp-json\/wp\/v2\/pages\/34628\/revisions"}],"predecessor-version":[{"id":40935,"href":"https:\/\/laura.fi\/rekrytointi\/wp-json\/wp\/v2\/pages\/34628\/revisions\/40935"}],"up":[{"embeddable":true,"href":"https:\/\/laura.fi\/rekrytointi\/wp-json\/wp\/v2\/pages\/34649"}],"wp:attachment":[{"href":"https:\/\/laura.fi\/rekrytointi\/wp-json\/wp\/v2\/media?parent=34628"}],"curies":[{"name":"wp","href":"https:\/\/api.w.org\/{rel}","templated":true}]}}