{"id":35333,"date":"2023-11-24T12:50:06","date_gmt":"2023-11-24T10:50:06","guid":{"rendered":"https:\/\/laura.fi\/rekrytointi\/?page_id=35333"},"modified":"2025-05-27T10:13:01","modified_gmt":"2025-05-27T07:13:01","slug":"lauras-partners","status":"publish","type":"page","link":"https:\/\/laura.fi\/rekrytointi\/en\/lauras-partners\/","title":{"rendered":"Laura&#8217;s Partners"},"content":{"rendered":"<div id=\"cs-content\" class=\"cs-content\"><\/div>\n","protected":false},"excerpt":{"rendered":"<p>Strength in cooperationLaura\u2019s partners are a key part of our business and strategy. We strongly believe that cooperation is the key to success. We have created an impressive network of partners that makes our high-quality digital recruitment solutions. We are also constantly looking for new and interesting partners in the areas of recruitment, HR and working life services.Why become our &#8230; <\/p>\n<div><a href=\"https:\/\/laura.fi\/rekrytointi\/en\/lauras-partners\/\" class=\"more-link\">Read More<\/a><\/div>\n","protected":false},"author":25,"featured_media":0,"parent":0,"menu_order":0,"comment_status":"closed","ping_status":"closed","template":"template-layout-full-width.php","meta":{"footnotes":""},"class_list":["post-35333","page","type-page","status-publish","hentry","no-post-thumbnail"],"yoast_head":"<!-- This site is optimized with the Yoast SEO plugin v20.9 - https:\/\/yoast.com\/wordpress\/plugins\/seo\/ -->\n<title>Laura&#039;s Partners \u2013 Join Us<\/title>\n<meta name=\"description\" content=\"Laura&#039;s partners form an impressive network of organizations offering recruitment, HR and working life services. There is strength in cooperation, join us!\" \/>\n<meta name=\"robots\" content=\"index, follow, max-snippet:-1, max-image-preview:large, max-video-preview:-1\" \/>\n<link rel=\"canonical\" href=\"https:\/\/laura.fi\/rekrytointi\/en\/lauras-partners\/\" \/>\n<meta property=\"og:locale\" content=\"en_US\" \/>\n<meta property=\"og:type\" content=\"article\" \/>\n<meta property=\"og:title\" content=\"Laura&#039;s Partners \u2013 Join Us\" \/>\n<meta property=\"og:description\" content=\"Laura&#039;s partners form an impressive network of organizations offering recruitment, HR and working life services. There is strength in cooperation, join us!\" \/>\n<meta property=\"og:url\" content=\"https:\/\/laura.fi\/rekrytointi\/en\/lauras-partners\/\" \/>\n<meta property=\"og:site_name\" content=\"Laura.fi\" \/>\n<meta property=\"article:publisher\" content=\"https:\/\/fi-fi.facebook.com\/pages\/Uranusfi\/125289617532043\" \/>\n<meta property=\"article:modified_time\" content=\"2025-05-27T07:13:01+00:00\" \/>\n<meta property=\"og:image\" content=\"https:\/\/laura.fi\/rekrytointi\/wp-content\/uploads\/2024\/01\/Kumppanit_EN-1200x628-1.jpg\" \/>\n\t<meta property=\"og:image:width\" content=\"1200\" \/>\n\t<meta property=\"og:image:height\" content=\"628\" \/>\n\t<meta property=\"og:image:type\" content=\"image\/jpeg\" \/>\n<meta name=\"twitter:card\" content=\"summary_large_image\" \/>\n<meta name=\"twitter:title\" content=\"Laura&#039;s Partners \u2013 Join Us\" \/>\n<meta name=\"twitter:description\" content=\"Laura&#039;s partners form an impressive network of organizations offering recruitment, HR and working life services. There is strength in cooperation, join us!\" \/>\n<meta name=\"twitter:image\" content=\"https:\/\/laura.fi\/rekrytointi\/wp-content\/uploads\/2024\/01\/Kumppanit_EN-1200x628-1.jpg\" \/>\n<meta name=\"twitter:site\" content=\"@UranusOy\" \/>\n<meta name=\"twitter:label1\" content=\"Est. reading time\" \/>\n\t<meta name=\"twitter:data1\" content=\"8 minutes\" \/>\n<script type=\"application\/ld+json\" class=\"yoast-schema-graph\">{\"@context\":\"https:\/\/schema.org\",\"@graph\":[{\"@type\":\"WebPage\",\"@id\":\"https:\/\/laura.fi\/rekrytointi\/en\/lauras-partners\/\",\"url\":\"https:\/\/laura.fi\/rekrytointi\/en\/lauras-partners\/\",\"name\":\"Laura's Partners \u2013 Join Us\",\"isPartOf\":{\"@id\":\"https:\/\/laura.fi\/rekrytointi\/#website\"},\"datePublished\":\"2023-11-24T10:50:06+00:00\",\"dateModified\":\"2025-05-27T07:13:01+00:00\",\"description\":\"Laura's partners form an impressive network of organizations offering recruitment, HR and working life services. There is strength in cooperation, join us!\",\"breadcrumb\":{\"@id\":\"https:\/\/laura.fi\/rekrytointi\/en\/lauras-partners\/#breadcrumb\"},\"inLanguage\":\"en-US\",\"potentialAction\":[{\"@type\":\"ReadAction\",\"target\":[\"https:\/\/laura.fi\/rekrytointi\/en\/lauras-partners\/\"]}]},{\"@type\":\"BreadcrumbList\",\"@id\":\"https:\/\/laura.fi\/rekrytointi\/en\/lauras-partners\/#breadcrumb\",\"itemListElement\":[{\"@type\":\"ListItem\",\"position\":1,\"name\":\"Home\",\"item\":\"laura.fi\"},{\"@type\":\"ListItem\",\"position\":2,\"name\":\"Laura&#8217;s Partners\"}]},{\"@type\":\"WebSite\",\"@id\":\"https:\/\/laura.fi\/rekrytointi\/#website\",\"url\":\"https:\/\/laura.fi\/rekrytointi\/\",\"name\":\"Laura.fi\",\"description\":\"Hyvi\u00e4 t\u00f6it\u00e4 ja rekrytointeja n\u00e4kyviss\u00e4\",\"publisher\":{\"@id\":\"https:\/\/laura.fi\/rekrytointi\/#organization\"},\"potentialAction\":[{\"@type\":\"SearchAction\",\"target\":{\"@type\":\"EntryPoint\",\"urlTemplate\":\"https:\/\/laura.fi\/rekrytointi\/?s={search_term_string}\"},\"query-input\":\"required name=search_term_string\"}],\"inLanguage\":\"en-US\"},{\"@type\":\"Organization\",\"@id\":\"https:\/\/laura.fi\/rekrytointi\/#organization\",\"name\":\"LAURA Rekrytointi Oy\",\"url\":\"https:\/\/laura.fi\/rekrytointi\/\",\"logo\":{\"@type\":\"ImageObject\",\"inLanguage\":\"en-US\",\"@id\":\"https:\/\/laura.fi\/rekrytointi\/#\/schema\/logo\/image\/\",\"url\":\"https:\/\/laura.fi\/rekrytointi\/wp-content\/uploads\/2017\/11\/REKRYCOM.png\",\"contentUrl\":\"https:\/\/laura.fi\/rekrytointi\/wp-content\/uploads\/2017\/11\/REKRYCOM.png\",\"width\":426,\"height\":142,\"caption\":\"LAURA Rekrytointi Oy\"},\"image\":{\"@id\":\"https:\/\/laura.fi\/rekrytointi\/#\/schema\/logo\/image\/\"},\"sameAs\":[\"https:\/\/fi-fi.facebook.com\/pages\/Uranusfi\/125289617532043\",\"https:\/\/twitter.com\/UranusOy\"]}]}<\/script>\n<!-- \/ Yoast SEO plugin. -->","yoast_head_json":{"title":"Laura's Partners \u2013 Join Us","description":"Laura's partners form an impressive network of organizations offering recruitment, HR and working life services. There is strength in cooperation, join us!","robots":{"index":"index","follow":"follow","max-snippet":"max-snippet:-1","max-image-preview":"max-image-preview:large","max-video-preview":"max-video-preview:-1"},"canonical":"https:\/\/laura.fi\/rekrytointi\/en\/lauras-partners\/","og_locale":"en_US","og_type":"article","og_title":"Laura's Partners \u2013 Join Us","og_description":"Laura's partners form an impressive network of organizations offering recruitment, HR and working life services. There is strength in cooperation, join us!","og_url":"https:\/\/laura.fi\/rekrytointi\/en\/lauras-partners\/","og_site_name":"Laura.fi","article_publisher":"https:\/\/fi-fi.facebook.com\/pages\/Uranusfi\/125289617532043","article_modified_time":"2025-05-27T07:13:01+00:00","og_image":[{"width":1200,"height":628,"url":"https:\/\/laura.fi\/rekrytointi\/wp-content\/uploads\/2024\/01\/Kumppanit_EN-1200x628-1.jpg","type":"image\/jpeg"}],"twitter_card":"summary_large_image","twitter_title":"Laura's Partners \u2013 Join Us","twitter_description":"Laura's partners form an impressive network of organizations offering recruitment, HR and working life services. There is strength in cooperation, join us!","twitter_image":"https:\/\/laura.fi\/rekrytointi\/wp-content\/uploads\/2024\/01\/Kumppanit_EN-1200x628-1.jpg","twitter_site":"@UranusOy","twitter_misc":{"Est. reading time":"8 minutes"},"schema":{"@context":"https:\/\/schema.org","@graph":[{"@type":"WebPage","@id":"https:\/\/laura.fi\/rekrytointi\/en\/lauras-partners\/","url":"https:\/\/laura.fi\/rekrytointi\/en\/lauras-partners\/","name":"Laura's Partners \u2013 Join Us","isPartOf":{"@id":"https:\/\/laura.fi\/rekrytointi\/#website"},"datePublished":"2023-11-24T10:50:06+00:00","dateModified":"2025-05-27T07:13:01+00:00","description":"Laura's partners form an impressive network of organizations offering recruitment, HR and working life services. There is strength in cooperation, join us!","breadcrumb":{"@id":"https:\/\/laura.fi\/rekrytointi\/en\/lauras-partners\/#breadcrumb"},"inLanguage":"en-US","potentialAction":[{"@type":"ReadAction","target":["https:\/\/laura.fi\/rekrytointi\/en\/lauras-partners\/"]}]},{"@type":"BreadcrumbList","@id":"https:\/\/laura.fi\/rekrytointi\/en\/lauras-partners\/#breadcrumb","itemListElement":[{"@type":"ListItem","position":1,"name":"Home","item":"laura.fi"},{"@type":"ListItem","position":2,"name":"Laura&#8217;s Partners"}]},{"@type":"WebSite","@id":"https:\/\/laura.fi\/rekrytointi\/#website","url":"https:\/\/laura.fi\/rekrytointi\/","name":"Laura.fi","description":"Hyvi\u00e4 t\u00f6it\u00e4 ja rekrytointeja n\u00e4kyviss\u00e4","publisher":{"@id":"https:\/\/laura.fi\/rekrytointi\/#organization"},"potentialAction":[{"@type":"SearchAction","target":{"@type":"EntryPoint","urlTemplate":"https:\/\/laura.fi\/rekrytointi\/?s={search_term_string}"},"query-input":"required name=search_term_string"}],"inLanguage":"en-US"},{"@type":"Organization","@id":"https:\/\/laura.fi\/rekrytointi\/#organization","name":"LAURA Rekrytointi Oy","url":"https:\/\/laura.fi\/rekrytointi\/","logo":{"@type":"ImageObject","inLanguage":"en-US","@id":"https:\/\/laura.fi\/rekrytointi\/#\/schema\/logo\/image\/","url":"https:\/\/laura.fi\/rekrytointi\/wp-content\/uploads\/2017\/11\/REKRYCOM.png","contentUrl":"https:\/\/laura.fi\/rekrytointi\/wp-content\/uploads\/2017\/11\/REKRYCOM.png","width":426,"height":142,"caption":"LAURA Rekrytointi Oy"},"image":{"@id":"https:\/\/laura.fi\/rekrytointi\/#\/schema\/logo\/image\/"},"sameAs":["https:\/\/fi-fi.facebook.com\/pages\/Uranusfi\/125289617532043","https:\/\/twitter.com\/UranusOy"]}]}},"_links":{"self":[{"href":"https:\/\/laura.fi\/rekrytointi\/en\/wp-json\/wp\/v2\/pages\/35333","targetHints":{"allow":["GET"]}}],"collection":[{"href":"https:\/\/laura.fi\/rekrytointi\/en\/wp-json\/wp\/v2\/pages"}],"about":[{"href":"https:\/\/laura.fi\/rekrytointi\/en\/wp-json\/wp\/v2\/types\/page"}],"author":[{"embeddable":true,"href":"https:\/\/laura.fi\/rekrytointi\/en\/wp-json\/wp\/v2\/users\/25"}],"replies":[{"embeddable":true,"href":"https:\/\/laura.fi\/rekrytointi\/en\/wp-json\/wp\/v2\/comments?post=35333"}],"version-history":[{"count":19,"href":"https:\/\/laura.fi\/rekrytointi\/en\/wp-json\/wp\/v2\/pages\/35333\/revisions"}],"predecessor-version":[{"id":41444,"href":"https:\/\/laura.fi\/rekrytointi\/en\/wp-json\/wp\/v2\/pages\/35333\/revisions\/41444"}],"wp:attachment":[{"href":"https:\/\/laura.fi\/rekrytointi\/en\/wp-json\/wp\/v2\/media?parent=35333"}],"curies":[{"name":"wp","href":"https:\/\/api.w.org\/{rel}","templated":true}]}}