{"id":35014,"date":"2023-11-09T12:14:50","date_gmt":"2023-11-09T10:14:50","guid":{"rendered":"https:\/\/laura.fi\/rekrytointi\/sijaishallinta-en\/"},"modified":"2024-05-31T10:11:53","modified_gmt":"2024-05-31T07:11:53","slug":"substitute-management","status":"publish","type":"page","link":"https:\/\/laura.fi\/rekrytointi\/en\/solutions\/substitute-management\/","title":{"rendered":"Substitute Management"},"content":{"rendered":"<div id=\"cs-content\" class=\"cs-content\"><\/div>\n","protected":false},"excerpt":{"rendered":"<p>Substitute ManagementStreamlined Short-term Staffing with LauraPicture this scenario: when your company urgently needs a stand-in, Laura is there to help you find the right person in no time. With Laura Substitute Management, you&#8217;ll streamline substitute recruitment, making it efficient, straightforward, and hassle-free.\u00a0\u00a0 Quick actions are the key to filling work shifts and temporary positions. That&#8217;s why significant players, particularly in &#8230; <\/p>\n<div><a href=\"https:\/\/laura.fi\/rekrytointi\/en\/solutions\/substitute-management\/\" class=\"more-link\">Read More<\/a><\/div>\n","protected":false},"author":28,"featured_media":0,"parent":34964,"menu_order":0,"comment_status":"closed","ping_status":"closed","template":"template-layout-full-width.php","meta":{"footnotes":""},"class_list":["post-35014","page","type-page","status-publish","hentry","no-post-thumbnail"],"yoast_head":"<!-- This site is optimized with the Yoast SEO plugin v20.9 - https:\/\/yoast.com\/wordpress\/plugins\/seo\/ -->\n<title>Laura Substitute Management \u2013 Discover Temporary Workers<\/title>\n<meta name=\"description\" content=\"Streamline the entire short-term staffing process. Hire and discover temporary workers smoothly with Laura Substitute Management.\" \/>\n<meta name=\"robots\" content=\"index, follow, max-snippet:-1, max-image-preview:large, max-video-preview:-1\" \/>\n<link rel=\"canonical\" href=\"https:\/\/laura.fi\/rekrytointi\/en\/solutions\/substitute-management\/\" \/>\n<meta property=\"og:locale\" content=\"en_US\" \/>\n<meta property=\"og:type\" content=\"article\" \/>\n<meta property=\"og:title\" content=\"Laura Substitute Management \u2013 Discover Temporary Workers\" \/>\n<meta property=\"og:description\" content=\"Streamline the entire short-term staffing process. Hire and discover temporary workers smoothly with Laura Substitute Management.\" \/>\n<meta property=\"og:url\" content=\"https:\/\/laura.fi\/rekrytointi\/en\/solutions\/substitute-management\/\" \/>\n<meta property=\"og:site_name\" content=\"Laura.fi\" \/>\n<meta property=\"article:publisher\" content=\"https:\/\/fi-fi.facebook.com\/pages\/Uranusfi\/125289617532043\" \/>\n<meta property=\"article:modified_time\" content=\"2024-05-31T07:11:53+00:00\" \/>\n<meta property=\"og:image\" content=\"https:\/\/laura.fi\/rekrytointi\/wp-content\/uploads\/2024\/01\/Laura-Sijaishallinta_EN-1200x628-1.jpg\" \/>\n\t<meta property=\"og:image:width\" content=\"1200\" \/>\n\t<meta property=\"og:image:height\" content=\"628\" \/>\n\t<meta property=\"og:image:type\" content=\"image\/jpeg\" \/>\n<meta name=\"twitter:card\" content=\"summary_large_image\" \/>\n<meta name=\"twitter:title\" content=\"Laura Substitute Management \u2013 Discover Temporary Workers\" \/>\n<meta name=\"twitter:description\" content=\"Streamline the entire short-term staffing process. Hire and discover temporary workers smoothly with Laura Substitute Management.\" \/>\n<meta name=\"twitter:image\" content=\"https:\/\/laura.fi\/rekrytointi\/wp-content\/uploads\/2024\/01\/Laura-Sijaishallinta_EN-1200x628-1.jpg\" \/>\n<meta name=\"twitter:site\" content=\"@UranusOy\" \/>\n<meta name=\"twitter:label1\" content=\"Est. reading time\" \/>\n\t<meta name=\"twitter:data1\" content=\"4 minutes\" \/>\n<script type=\"application\/ld+json\" class=\"yoast-schema-graph\">{\"@context\":\"https:\/\/schema.org\",\"@graph\":[{\"@type\":\"WebPage\",\"@id\":\"https:\/\/laura.fi\/rekrytointi\/en\/solutions\/substitute-management\/\",\"url\":\"https:\/\/laura.fi\/rekrytointi\/en\/solutions\/substitute-management\/\",\"name\":\"Laura Substitute Management \u2013 Discover Temporary Workers\",\"isPartOf\":{\"@id\":\"https:\/\/laura.fi\/rekrytointi\/#website\"},\"datePublished\":\"2023-11-09T10:14:50+00:00\",\"dateModified\":\"2024-05-31T07:11:53+00:00\",\"description\":\"Streamline the entire short-term staffing process. Hire and discover temporary workers smoothly with Laura Substitute Management.\",\"breadcrumb\":{\"@id\":\"https:\/\/laura.fi\/rekrytointi\/en\/solutions\/substitute-management\/#breadcrumb\"},\"inLanguage\":\"en-US\",\"potentialAction\":[{\"@type\":\"ReadAction\",\"target\":[\"https:\/\/laura.fi\/rekrytointi\/en\/solutions\/substitute-management\/\"]}]},{\"@type\":\"BreadcrumbList\",\"@id\":\"https:\/\/laura.fi\/rekrytointi\/en\/solutions\/substitute-management\/#breadcrumb\",\"itemListElement\":[{\"@type\":\"ListItem\",\"position\":1,\"name\":\"Home\",\"item\":\"laura.fi\"},{\"@type\":\"ListItem\",\"position\":2,\"name\":\"Solutions\",\"item\":\"https:\/\/laura.fi\/rekrytointi\/en\/solutions\/\"},{\"@type\":\"ListItem\",\"position\":3,\"name\":\"Substitute Management\"}]},{\"@type\":\"WebSite\",\"@id\":\"https:\/\/laura.fi\/rekrytointi\/#website\",\"url\":\"https:\/\/laura.fi\/rekrytointi\/\",\"name\":\"Laura.fi\",\"description\":\"Hyvi\u00e4 t\u00f6it\u00e4 ja rekrytointeja n\u00e4kyviss\u00e4\",\"publisher\":{\"@id\":\"https:\/\/laura.fi\/rekrytointi\/#organization\"},\"potentialAction\":[{\"@type\":\"SearchAction\",\"target\":{\"@type\":\"EntryPoint\",\"urlTemplate\":\"https:\/\/laura.fi\/rekrytointi\/?s={search_term_string}\"},\"query-input\":\"required name=search_term_string\"}],\"inLanguage\":\"en-US\"},{\"@type\":\"Organization\",\"@id\":\"https:\/\/laura.fi\/rekrytointi\/#organization\",\"name\":\"LAURA Rekrytointi Oy\",\"url\":\"https:\/\/laura.fi\/rekrytointi\/\",\"logo\":{\"@type\":\"ImageObject\",\"inLanguage\":\"en-US\",\"@id\":\"https:\/\/laura.fi\/rekrytointi\/#\/schema\/logo\/image\/\",\"url\":\"https:\/\/laura.fi\/rekrytointi\/wp-content\/uploads\/2017\/11\/REKRYCOM.png\",\"contentUrl\":\"https:\/\/laura.fi\/rekrytointi\/wp-content\/uploads\/2017\/11\/REKRYCOM.png\",\"width\":426,\"height\":142,\"caption\":\"LAURA Rekrytointi Oy\"},\"image\":{\"@id\":\"https:\/\/laura.fi\/rekrytointi\/#\/schema\/logo\/image\/\"},\"sameAs\":[\"https:\/\/fi-fi.facebook.com\/pages\/Uranusfi\/125289617532043\",\"https:\/\/twitter.com\/UranusOy\"]}]}<\/script>\n<!-- \/ Yoast SEO plugin. -->","yoast_head_json":{"title":"Laura Substitute Management \u2013 Discover Temporary Workers","description":"Streamline the entire short-term staffing process. Hire and discover temporary workers smoothly with Laura Substitute Management.","robots":{"index":"index","follow":"follow","max-snippet":"max-snippet:-1","max-image-preview":"max-image-preview:large","max-video-preview":"max-video-preview:-1"},"canonical":"https:\/\/laura.fi\/rekrytointi\/en\/solutions\/substitute-management\/","og_locale":"en_US","og_type":"article","og_title":"Laura Substitute Management \u2013 Discover Temporary Workers","og_description":"Streamline the entire short-term staffing process. Hire and discover temporary workers smoothly with Laura Substitute Management.","og_url":"https:\/\/laura.fi\/rekrytointi\/en\/solutions\/substitute-management\/","og_site_name":"Laura.fi","article_publisher":"https:\/\/fi-fi.facebook.com\/pages\/Uranusfi\/125289617532043","article_modified_time":"2024-05-31T07:11:53+00:00","og_image":[{"width":1200,"height":628,"url":"https:\/\/laura.fi\/rekrytointi\/wp-content\/uploads\/2024\/01\/Laura-Sijaishallinta_EN-1200x628-1.jpg","type":"image\/jpeg"}],"twitter_card":"summary_large_image","twitter_title":"Laura Substitute Management \u2013 Discover Temporary Workers","twitter_description":"Streamline the entire short-term staffing process. Hire and discover temporary workers smoothly with Laura Substitute Management.","twitter_image":"https:\/\/laura.fi\/rekrytointi\/wp-content\/uploads\/2024\/01\/Laura-Sijaishallinta_EN-1200x628-1.jpg","twitter_site":"@UranusOy","twitter_misc":{"Est. reading time":"4 minutes"},"schema":{"@context":"https:\/\/schema.org","@graph":[{"@type":"WebPage","@id":"https:\/\/laura.fi\/rekrytointi\/en\/solutions\/substitute-management\/","url":"https:\/\/laura.fi\/rekrytointi\/en\/solutions\/substitute-management\/","name":"Laura Substitute Management \u2013 Discover Temporary Workers","isPartOf":{"@id":"https:\/\/laura.fi\/rekrytointi\/#website"},"datePublished":"2023-11-09T10:14:50+00:00","dateModified":"2024-05-31T07:11:53+00:00","description":"Streamline the entire short-term staffing process. Hire and discover temporary workers smoothly with Laura Substitute Management.","breadcrumb":{"@id":"https:\/\/laura.fi\/rekrytointi\/en\/solutions\/substitute-management\/#breadcrumb"},"inLanguage":"en-US","potentialAction":[{"@type":"ReadAction","target":["https:\/\/laura.fi\/rekrytointi\/en\/solutions\/substitute-management\/"]}]},{"@type":"BreadcrumbList","@id":"https:\/\/laura.fi\/rekrytointi\/en\/solutions\/substitute-management\/#breadcrumb","itemListElement":[{"@type":"ListItem","position":1,"name":"Home","item":"laura.fi"},{"@type":"ListItem","position":2,"name":"Solutions","item":"https:\/\/laura.fi\/rekrytointi\/en\/solutions\/"},{"@type":"ListItem","position":3,"name":"Substitute Management"}]},{"@type":"WebSite","@id":"https:\/\/laura.fi\/rekrytointi\/#website","url":"https:\/\/laura.fi\/rekrytointi\/","name":"Laura.fi","description":"Hyvi\u00e4 t\u00f6it\u00e4 ja rekrytointeja n\u00e4kyviss\u00e4","publisher":{"@id":"https:\/\/laura.fi\/rekrytointi\/#organization"},"potentialAction":[{"@type":"SearchAction","target":{"@type":"EntryPoint","urlTemplate":"https:\/\/laura.fi\/rekrytointi\/?s={search_term_string}"},"query-input":"required name=search_term_string"}],"inLanguage":"en-US"},{"@type":"Organization","@id":"https:\/\/laura.fi\/rekrytointi\/#organization","name":"LAURA Rekrytointi Oy","url":"https:\/\/laura.fi\/rekrytointi\/","logo":{"@type":"ImageObject","inLanguage":"en-US","@id":"https:\/\/laura.fi\/rekrytointi\/#\/schema\/logo\/image\/","url":"https:\/\/laura.fi\/rekrytointi\/wp-content\/uploads\/2017\/11\/REKRYCOM.png","contentUrl":"https:\/\/laura.fi\/rekrytointi\/wp-content\/uploads\/2017\/11\/REKRYCOM.png","width":426,"height":142,"caption":"LAURA Rekrytointi Oy"},"image":{"@id":"https:\/\/laura.fi\/rekrytointi\/#\/schema\/logo\/image\/"},"sameAs":["https:\/\/fi-fi.facebook.com\/pages\/Uranusfi\/125289617532043","https:\/\/twitter.com\/UranusOy"]}]}},"_links":{"self":[{"href":"https:\/\/laura.fi\/rekrytointi\/en\/wp-json\/wp\/v2\/pages\/35014","targetHints":{"allow":["GET"]}}],"collection":[{"href":"https:\/\/laura.fi\/rekrytointi\/en\/wp-json\/wp\/v2\/pages"}],"about":[{"href":"https:\/\/laura.fi\/rekrytointi\/en\/wp-json\/wp\/v2\/types\/page"}],"author":[{"embeddable":true,"href":"https:\/\/laura.fi\/rekrytointi\/en\/wp-json\/wp\/v2\/users\/28"}],"replies":[{"embeddable":true,"href":"https:\/\/laura.fi\/rekrytointi\/en\/wp-json\/wp\/v2\/comments?post=35014"}],"version-history":[{"count":20,"href":"https:\/\/laura.fi\/rekrytointi\/en\/wp-json\/wp\/v2\/pages\/35014\/revisions"}],"predecessor-version":[{"id":39115,"href":"https:\/\/laura.fi\/rekrytointi\/en\/wp-json\/wp\/v2\/pages\/35014\/revisions\/39115"}],"up":[{"embeddable":true,"href":"https:\/\/laura.fi\/rekrytointi\/en\/wp-json\/wp\/v2\/pages\/34964"}],"wp:attachment":[{"href":"https:\/\/laura.fi\/rekrytointi\/en\/wp-json\/wp\/v2\/media?parent=35014"}],"curies":[{"name":"wp","href":"https:\/\/api.w.org\/{rel}","templated":true}]}}