{"id":34972,"date":"2023-11-08T17:48:16","date_gmt":"2023-11-08T15:48:16","guid":{"rendered":"https:\/\/laura.fi\/rekrytointi\/rekrytointikampanjat-en\/"},"modified":"2026-02-06T09:34:55","modified_gmt":"2026-02-06T07:34:55","slug":"targeted-recruitment-campaigns","status":"publish","type":"page","link":"https:\/\/laura.fi\/rekrytointi\/en\/solutions\/targeted-recruitment-campaigns\/","title":{"rendered":"Targeted Recruitment Campaign"},"content":{"rendered":"<div id=\"cs-content\" class=\"cs-content\"><\/div>\n","protected":false},"excerpt":{"rendered":"<p>Targeted Recruitment CampaignTargeted Recruitment Campaign Reaches Your Ideal CandidatesTargeted Recruitment Campaign reaches candidates who are the best fit for your job. Your job posting will be advertised on social media (Facebook &amp; Instagram) and on Google. These ads generate tens of thousands of impressions, ensuring that you remain in the minds of candidates and also reach passive job seekers. These &#8230; <\/p>\n<div><a href=\"https:\/\/laura.fi\/rekrytointi\/en\/solutions\/targeted-recruitment-campaigns\/\" class=\"more-link\">Read More<\/a><\/div>\n","protected":false},"author":28,"featured_media":0,"parent":34964,"menu_order":0,"comment_status":"closed","ping_status":"closed","template":"template-layout-full-width.php","meta":{"footnotes":""},"class_list":["post-34972","page","type-page","status-publish","hentry","no-post-thumbnail"],"yoast_head":"<!-- This site is optimized with the Yoast SEO plugin v20.9 - https:\/\/yoast.com\/wordpress\/plugins\/seo\/ -->\n<title>Laura\u2019s Targeted Recruitment Campaign \u2013 Recruit Visibly<\/title>\n<meta name=\"description\" content=\"Laura&#039;s Targeted Recruitment Campaign helps you recruit visibly on social media and Google, ensuring that your job reaches the right candidates.\" \/>\n<meta name=\"robots\" content=\"index, follow, max-snippet:-1, max-image-preview:large, max-video-preview:-1\" \/>\n<link rel=\"canonical\" href=\"https:\/\/laura.fi\/rekrytointi\/en\/solutions\/targeted-recruitment-campaigns\/\" \/>\n<meta property=\"og:locale\" content=\"en_US\" \/>\n<meta property=\"og:type\" content=\"article\" \/>\n<meta property=\"og:title\" content=\"Laura\u2019s Targeted Recruitment Campaign \u2013 Recruit Visibly\" \/>\n<meta property=\"og:description\" content=\"Laura&#039;s Targeted Recruitment Campaign helps you recruit visibly on social media and Google, ensuring that your job reaches the right candidates.\" \/>\n<meta property=\"og:url\" content=\"https:\/\/laura.fi\/rekrytointi\/en\/solutions\/targeted-recruitment-campaigns\/\" \/>\n<meta property=\"og:site_name\" content=\"Laura.fi\" \/>\n<meta property=\"article:publisher\" content=\"https:\/\/fi-fi.facebook.com\/pages\/Uranusfi\/125289617532043\" \/>\n<meta property=\"article:modified_time\" content=\"2026-02-06T07:34:55+00:00\" \/>\n<meta property=\"og:image\" content=\"https:\/\/laura.fi\/rekrytointi\/wp-content\/uploads\/2024\/01\/Kohdistettu-rekrytointikampanja_EN-1200x628-1.jpg\" \/>\n\t<meta property=\"og:image:width\" content=\"1200\" \/>\n\t<meta property=\"og:image:height\" content=\"628\" \/>\n\t<meta property=\"og:image:type\" content=\"image\/jpeg\" \/>\n<meta name=\"twitter:card\" content=\"summary_large_image\" \/>\n<meta name=\"twitter:title\" content=\"Laura\u2019s Targeted Recruitment Campaign \u2013 Recruit Visibly\" \/>\n<meta name=\"twitter:description\" content=\"Laura&#039;s Targeted Recruitment Campaign helps you recruit visibly on social media and Google, ensuring that your job reaches the right candidates.\" \/>\n<meta name=\"twitter:image\" content=\"https:\/\/laura.fi\/rekrytointi\/wp-content\/uploads\/2024\/01\/Kohdistettu-rekrytointikampanja_EN-1200x628-1.jpg\" \/>\n<meta name=\"twitter:site\" content=\"@UranusOy\" \/>\n<meta name=\"twitter:label1\" content=\"Est. reading time\" \/>\n\t<meta name=\"twitter:data1\" content=\"7 minutes\" \/>\n<script type=\"application\/ld+json\" class=\"yoast-schema-graph\">{\"@context\":\"https:\/\/schema.org\",\"@graph\":[{\"@type\":\"WebPage\",\"@id\":\"https:\/\/laura.fi\/rekrytointi\/en\/solutions\/targeted-recruitment-campaigns\/\",\"url\":\"https:\/\/laura.fi\/rekrytointi\/en\/solutions\/targeted-recruitment-campaigns\/\",\"name\":\"Laura\u2019s Targeted Recruitment Campaign \u2013 Recruit Visibly\",\"isPartOf\":{\"@id\":\"https:\/\/laura.fi\/rekrytointi\/#website\"},\"datePublished\":\"2023-11-08T15:48:16+00:00\",\"dateModified\":\"2026-02-06T07:34:55+00:00\",\"description\":\"Laura's Targeted Recruitment Campaign helps you recruit visibly on social media and Google, ensuring that your job reaches the right candidates.\",\"breadcrumb\":{\"@id\":\"https:\/\/laura.fi\/rekrytointi\/en\/solutions\/targeted-recruitment-campaigns\/#breadcrumb\"},\"inLanguage\":\"en-US\",\"potentialAction\":[{\"@type\":\"ReadAction\",\"target\":[\"https:\/\/laura.fi\/rekrytointi\/en\/solutions\/targeted-recruitment-campaigns\/\"]}]},{\"@type\":\"BreadcrumbList\",\"@id\":\"https:\/\/laura.fi\/rekrytointi\/en\/solutions\/targeted-recruitment-campaigns\/#breadcrumb\",\"itemListElement\":[{\"@type\":\"ListItem\",\"position\":1,\"name\":\"Home\",\"item\":\"laura.fi\"},{\"@type\":\"ListItem\",\"position\":2,\"name\":\"Solutions\",\"item\":\"https:\/\/laura.fi\/rekrytointi\/en\/solutions\/\"},{\"@type\":\"ListItem\",\"position\":3,\"name\":\"Targeted Recruitment Campaign\"}]},{\"@type\":\"WebSite\",\"@id\":\"https:\/\/laura.fi\/rekrytointi\/#website\",\"url\":\"https:\/\/laura.fi\/rekrytointi\/\",\"name\":\"Laura.fi\",\"description\":\"Hyvi\u00e4 t\u00f6it\u00e4 ja rekrytointeja n\u00e4kyviss\u00e4\",\"publisher\":{\"@id\":\"https:\/\/laura.fi\/rekrytointi\/#organization\"},\"potentialAction\":[{\"@type\":\"SearchAction\",\"target\":{\"@type\":\"EntryPoint\",\"urlTemplate\":\"https:\/\/laura.fi\/rekrytointi\/?s={search_term_string}\"},\"query-input\":\"required name=search_term_string\"}],\"inLanguage\":\"en-US\"},{\"@type\":\"Organization\",\"@id\":\"https:\/\/laura.fi\/rekrytointi\/#organization\",\"name\":\"LAURA Rekrytointi Oy\",\"url\":\"https:\/\/laura.fi\/rekrytointi\/\",\"logo\":{\"@type\":\"ImageObject\",\"inLanguage\":\"en-US\",\"@id\":\"https:\/\/laura.fi\/rekrytointi\/#\/schema\/logo\/image\/\",\"url\":\"https:\/\/laura.fi\/rekrytointi\/wp-content\/uploads\/2017\/11\/REKRYCOM.png\",\"contentUrl\":\"https:\/\/laura.fi\/rekrytointi\/wp-content\/uploads\/2017\/11\/REKRYCOM.png\",\"width\":426,\"height\":142,\"caption\":\"LAURA Rekrytointi Oy\"},\"image\":{\"@id\":\"https:\/\/laura.fi\/rekrytointi\/#\/schema\/logo\/image\/\"},\"sameAs\":[\"https:\/\/fi-fi.facebook.com\/pages\/Uranusfi\/125289617532043\",\"https:\/\/twitter.com\/UranusOy\"]}]}<\/script>\n<!-- \/ Yoast SEO plugin. -->","yoast_head_json":{"title":"Laura\u2019s Targeted Recruitment Campaign \u2013 Recruit Visibly","description":"Laura's Targeted Recruitment Campaign helps you recruit visibly on social media and Google, ensuring that your job reaches the right candidates.","robots":{"index":"index","follow":"follow","max-snippet":"max-snippet:-1","max-image-preview":"max-image-preview:large","max-video-preview":"max-video-preview:-1"},"canonical":"https:\/\/laura.fi\/rekrytointi\/en\/solutions\/targeted-recruitment-campaigns\/","og_locale":"en_US","og_type":"article","og_title":"Laura\u2019s Targeted Recruitment Campaign \u2013 Recruit Visibly","og_description":"Laura's Targeted Recruitment Campaign helps you recruit visibly on social media and Google, ensuring that your job reaches the right candidates.","og_url":"https:\/\/laura.fi\/rekrytointi\/en\/solutions\/targeted-recruitment-campaigns\/","og_site_name":"Laura.fi","article_publisher":"https:\/\/fi-fi.facebook.com\/pages\/Uranusfi\/125289617532043","article_modified_time":"2026-02-06T07:34:55+00:00","og_image":[{"width":1200,"height":628,"url":"https:\/\/laura.fi\/rekrytointi\/wp-content\/uploads\/2024\/01\/Kohdistettu-rekrytointikampanja_EN-1200x628-1.jpg","type":"image\/jpeg"}],"twitter_card":"summary_large_image","twitter_title":"Laura\u2019s Targeted Recruitment Campaign \u2013 Recruit Visibly","twitter_description":"Laura's Targeted Recruitment Campaign helps you recruit visibly on social media and Google, ensuring that your job reaches the right candidates.","twitter_image":"https:\/\/laura.fi\/rekrytointi\/wp-content\/uploads\/2024\/01\/Kohdistettu-rekrytointikampanja_EN-1200x628-1.jpg","twitter_site":"@UranusOy","twitter_misc":{"Est. reading time":"7 minutes"},"schema":{"@context":"https:\/\/schema.org","@graph":[{"@type":"WebPage","@id":"https:\/\/laura.fi\/rekrytointi\/en\/solutions\/targeted-recruitment-campaigns\/","url":"https:\/\/laura.fi\/rekrytointi\/en\/solutions\/targeted-recruitment-campaigns\/","name":"Laura\u2019s Targeted Recruitment Campaign \u2013 Recruit Visibly","isPartOf":{"@id":"https:\/\/laura.fi\/rekrytointi\/#website"},"datePublished":"2023-11-08T15:48:16+00:00","dateModified":"2026-02-06T07:34:55+00:00","description":"Laura's Targeted Recruitment Campaign helps you recruit visibly on social media and Google, ensuring that your job reaches the right candidates.","breadcrumb":{"@id":"https:\/\/laura.fi\/rekrytointi\/en\/solutions\/targeted-recruitment-campaigns\/#breadcrumb"},"inLanguage":"en-US","potentialAction":[{"@type":"ReadAction","target":["https:\/\/laura.fi\/rekrytointi\/en\/solutions\/targeted-recruitment-campaigns\/"]}]},{"@type":"BreadcrumbList","@id":"https:\/\/laura.fi\/rekrytointi\/en\/solutions\/targeted-recruitment-campaigns\/#breadcrumb","itemListElement":[{"@type":"ListItem","position":1,"name":"Home","item":"laura.fi"},{"@type":"ListItem","position":2,"name":"Solutions","item":"https:\/\/laura.fi\/rekrytointi\/en\/solutions\/"},{"@type":"ListItem","position":3,"name":"Targeted Recruitment Campaign"}]},{"@type":"WebSite","@id":"https:\/\/laura.fi\/rekrytointi\/#website","url":"https:\/\/laura.fi\/rekrytointi\/","name":"Laura.fi","description":"Hyvi\u00e4 t\u00f6it\u00e4 ja rekrytointeja n\u00e4kyviss\u00e4","publisher":{"@id":"https:\/\/laura.fi\/rekrytointi\/#organization"},"potentialAction":[{"@type":"SearchAction","target":{"@type":"EntryPoint","urlTemplate":"https:\/\/laura.fi\/rekrytointi\/?s={search_term_string}"},"query-input":"required name=search_term_string"}],"inLanguage":"en-US"},{"@type":"Organization","@id":"https:\/\/laura.fi\/rekrytointi\/#organization","name":"LAURA Rekrytointi Oy","url":"https:\/\/laura.fi\/rekrytointi\/","logo":{"@type":"ImageObject","inLanguage":"en-US","@id":"https:\/\/laura.fi\/rekrytointi\/#\/schema\/logo\/image\/","url":"https:\/\/laura.fi\/rekrytointi\/wp-content\/uploads\/2017\/11\/REKRYCOM.png","contentUrl":"https:\/\/laura.fi\/rekrytointi\/wp-content\/uploads\/2017\/11\/REKRYCOM.png","width":426,"height":142,"caption":"LAURA Rekrytointi Oy"},"image":{"@id":"https:\/\/laura.fi\/rekrytointi\/#\/schema\/logo\/image\/"},"sameAs":["https:\/\/fi-fi.facebook.com\/pages\/Uranusfi\/125289617532043","https:\/\/twitter.com\/UranusOy"]}]}},"_links":{"self":[{"href":"https:\/\/laura.fi\/rekrytointi\/en\/wp-json\/wp\/v2\/pages\/34972","targetHints":{"allow":["GET"]}}],"collection":[{"href":"https:\/\/laura.fi\/rekrytointi\/en\/wp-json\/wp\/v2\/pages"}],"about":[{"href":"https:\/\/laura.fi\/rekrytointi\/en\/wp-json\/wp\/v2\/types\/page"}],"author":[{"embeddable":true,"href":"https:\/\/laura.fi\/rekrytointi\/en\/wp-json\/wp\/v2\/users\/28"}],"replies":[{"embeddable":true,"href":"https:\/\/laura.fi\/rekrytointi\/en\/wp-json\/wp\/v2\/comments?post=34972"}],"version-history":[{"count":62,"href":"https:\/\/laura.fi\/rekrytointi\/en\/wp-json\/wp\/v2\/pages\/34972\/revisions"}],"predecessor-version":[{"id":42458,"href":"https:\/\/laura.fi\/rekrytointi\/en\/wp-json\/wp\/v2\/pages\/34972\/revisions\/42458"}],"up":[{"embeddable":true,"href":"https:\/\/laura.fi\/rekrytointi\/en\/wp-json\/wp\/v2\/pages\/34964"}],"wp:attachment":[{"href":"https:\/\/laura.fi\/rekrytointi\/en\/wp-json\/wp\/v2\/media?parent=34972"}],"curies":[{"name":"wp","href":"https:\/\/api.w.org\/{rel}","templated":true}]}}