{"id":34964,"date":"2023-11-08T17:44:16","date_gmt":"2023-11-08T15:44:16","guid":{"rendered":"https:\/\/laura.fi\/rekrytointi\/ratkaisut-en\/"},"modified":"2025-03-10T09:17:17","modified_gmt":"2025-03-10T07:17:17","slug":"solutions","status":"publish","type":"page","link":"https:\/\/laura.fi\/rekrytointi\/en\/solutions\/","title":{"rendered":"Solutions"},"content":{"rendered":"<div id=\"cs-content\" class=\"cs-content\"><\/div>\n","protected":false},"excerpt":{"rendered":"<p>Recruitment Software \u2013 Great Hiring at Your SightGet a clear overview of your recruitment process and unlock delightful candidate experiences. Say hello to great encounters with your candidates, show the best of your employer image, and begin hiring tomorrow\u2019s superheroes now! Start recruiting with ease and simplify your recruitment pipeline Encounter candidates with enhanced communication capabilities Streamline your workflow with &#8230; <\/p>\n<div><a href=\"https:\/\/laura.fi\/rekrytointi\/en\/solutions\/\" class=\"more-link\">Read More<\/a><\/div>\n","protected":false},"author":28,"featured_media":0,"parent":0,"menu_order":0,"comment_status":"closed","ping_status":"closed","template":"template-layout-full-width.php","meta":{"footnotes":""},"class_list":["post-34964","page","type-page","status-publish","hentry","no-post-thumbnail"],"yoast_head":"<!-- This site is optimized with the Yoast SEO plugin v20.9 - https:\/\/yoast.com\/wordpress\/plugins\/seo\/ -->\n<title>Solutions for Recruitment - Laura Shows a Smooth Recruitment Path<\/title>\n<meta name=\"description\" content=\"Laura offers the best solutions for recruitment. Brighten your recruitment outlook by combining a recruitment system and talent acquisition.\" \/>\n<meta name=\"robots\" content=\"index, follow, max-snippet:-1, max-image-preview:large, max-video-preview:-1\" \/>\n<link rel=\"canonical\" href=\"https:\/\/laura.fi\/rekrytointi\/en\/solutions\/\" \/>\n<meta property=\"og:locale\" content=\"en_US\" \/>\n<meta property=\"og:type\" content=\"article\" \/>\n<meta property=\"og:title\" content=\"Solutions for Recruitment - Laura Shows a Smooth Recruitment Path\" \/>\n<meta property=\"og:description\" content=\"Laura offers the best solutions for recruitment. Brighten your recruitment outlook by combining a recruitment system and talent acquisition.\" \/>\n<meta property=\"og:url\" content=\"https:\/\/laura.fi\/rekrytointi\/en\/solutions\/\" \/>\n<meta property=\"og:site_name\" content=\"Laura.fi\" \/>\n<meta property=\"article:publisher\" content=\"https:\/\/fi-fi.facebook.com\/pages\/Uranusfi\/125289617532043\" \/>\n<meta property=\"article:modified_time\" content=\"2025-03-10T07:17:17+00:00\" \/>\n<meta property=\"og:image\" content=\"https:\/\/laura.fi\/rekrytointi\/wp-content\/uploads\/2024\/01\/Ratkaisut-paasivu_EN-1200x628-1.png\" \/>\n\t<meta property=\"og:image:width\" content=\"1200\" \/>\n\t<meta property=\"og:image:height\" content=\"628\" \/>\n\t<meta property=\"og:image:type\" content=\"image\/png\" \/>\n<meta name=\"twitter:card\" content=\"summary_large_image\" \/>\n<meta name=\"twitter:title\" content=\"Solutions for Recruitment - Laura Shows a Smooth Recruitment Path\" \/>\n<meta name=\"twitter:description\" content=\"Laura offers the best solutions for recruitment. Brighten your recruitment outlook by combining a recruitment system and talent acquisition.\" \/>\n<meta name=\"twitter:image\" content=\"https:\/\/laura.fi\/rekrytointi\/wp-content\/uploads\/2024\/01\/Ratkaisut-paasivu_EN-1200x628-1.png\" \/>\n<meta name=\"twitter:site\" content=\"@UranusOy\" \/>\n<meta name=\"twitter:label1\" content=\"Est. reading time\" \/>\n\t<meta name=\"twitter:data1\" content=\"6 minutes\" \/>\n<script type=\"application\/ld+json\" class=\"yoast-schema-graph\">{\"@context\":\"https:\/\/schema.org\",\"@graph\":[{\"@type\":\"WebPage\",\"@id\":\"https:\/\/laura.fi\/rekrytointi\/en\/solutions\/\",\"url\":\"https:\/\/laura.fi\/rekrytointi\/en\/solutions\/\",\"name\":\"Solutions for Recruitment - Laura Shows a Smooth Recruitment Path\",\"isPartOf\":{\"@id\":\"https:\/\/laura.fi\/rekrytointi\/#website\"},\"datePublished\":\"2023-11-08T15:44:16+00:00\",\"dateModified\":\"2025-03-10T07:17:17+00:00\",\"description\":\"Laura offers the best solutions for recruitment. Brighten your recruitment outlook by combining a recruitment system and talent acquisition.\",\"breadcrumb\":{\"@id\":\"https:\/\/laura.fi\/rekrytointi\/en\/solutions\/#breadcrumb\"},\"inLanguage\":\"en-US\",\"potentialAction\":[{\"@type\":\"ReadAction\",\"target\":[\"https:\/\/laura.fi\/rekrytointi\/en\/solutions\/\"]}]},{\"@type\":\"BreadcrumbList\",\"@id\":\"https:\/\/laura.fi\/rekrytointi\/en\/solutions\/#breadcrumb\",\"itemListElement\":[{\"@type\":\"ListItem\",\"position\":1,\"name\":\"Home\",\"item\":\"laura.fi\"},{\"@type\":\"ListItem\",\"position\":2,\"name\":\"Solutions\"}]},{\"@type\":\"WebSite\",\"@id\":\"https:\/\/laura.fi\/rekrytointi\/#website\",\"url\":\"https:\/\/laura.fi\/rekrytointi\/\",\"name\":\"Laura.fi\",\"description\":\"Hyvi\u00e4 t\u00f6it\u00e4 ja rekrytointeja n\u00e4kyviss\u00e4\",\"publisher\":{\"@id\":\"https:\/\/laura.fi\/rekrytointi\/#organization\"},\"potentialAction\":[{\"@type\":\"SearchAction\",\"target\":{\"@type\":\"EntryPoint\",\"urlTemplate\":\"https:\/\/laura.fi\/rekrytointi\/?s={search_term_string}\"},\"query-input\":\"required name=search_term_string\"}],\"inLanguage\":\"en-US\"},{\"@type\":\"Organization\",\"@id\":\"https:\/\/laura.fi\/rekrytointi\/#organization\",\"name\":\"LAURA Rekrytointi Oy\",\"url\":\"https:\/\/laura.fi\/rekrytointi\/\",\"logo\":{\"@type\":\"ImageObject\",\"inLanguage\":\"en-US\",\"@id\":\"https:\/\/laura.fi\/rekrytointi\/#\/schema\/logo\/image\/\",\"url\":\"https:\/\/laura.fi\/rekrytointi\/wp-content\/uploads\/2017\/11\/REKRYCOM.png\",\"contentUrl\":\"https:\/\/laura.fi\/rekrytointi\/wp-content\/uploads\/2017\/11\/REKRYCOM.png\",\"width\":426,\"height\":142,\"caption\":\"LAURA Rekrytointi Oy\"},\"image\":{\"@id\":\"https:\/\/laura.fi\/rekrytointi\/#\/schema\/logo\/image\/\"},\"sameAs\":[\"https:\/\/fi-fi.facebook.com\/pages\/Uranusfi\/125289617532043\",\"https:\/\/twitter.com\/UranusOy\"]}]}<\/script>\n<!-- \/ Yoast SEO plugin. -->","yoast_head_json":{"title":"Solutions for Recruitment - Laura Shows a Smooth Recruitment Path","description":"Laura offers the best solutions for recruitment. Brighten your recruitment outlook by combining a recruitment system and talent acquisition.","robots":{"index":"index","follow":"follow","max-snippet":"max-snippet:-1","max-image-preview":"max-image-preview:large","max-video-preview":"max-video-preview:-1"},"canonical":"https:\/\/laura.fi\/rekrytointi\/en\/solutions\/","og_locale":"en_US","og_type":"article","og_title":"Solutions for Recruitment - Laura Shows a Smooth Recruitment Path","og_description":"Laura offers the best solutions for recruitment. Brighten your recruitment outlook by combining a recruitment system and talent acquisition.","og_url":"https:\/\/laura.fi\/rekrytointi\/en\/solutions\/","og_site_name":"Laura.fi","article_publisher":"https:\/\/fi-fi.facebook.com\/pages\/Uranusfi\/125289617532043","article_modified_time":"2025-03-10T07:17:17+00:00","og_image":[{"width":1200,"height":628,"url":"https:\/\/laura.fi\/rekrytointi\/wp-content\/uploads\/2024\/01\/Ratkaisut-paasivu_EN-1200x628-1.png","type":"image\/png"}],"twitter_card":"summary_large_image","twitter_title":"Solutions for Recruitment - Laura Shows a Smooth Recruitment Path","twitter_description":"Laura offers the best solutions for recruitment. Brighten your recruitment outlook by combining a recruitment system and talent acquisition.","twitter_image":"https:\/\/laura.fi\/rekrytointi\/wp-content\/uploads\/2024\/01\/Ratkaisut-paasivu_EN-1200x628-1.png","twitter_site":"@UranusOy","twitter_misc":{"Est. reading time":"6 minutes"},"schema":{"@context":"https:\/\/schema.org","@graph":[{"@type":"WebPage","@id":"https:\/\/laura.fi\/rekrytointi\/en\/solutions\/","url":"https:\/\/laura.fi\/rekrytointi\/en\/solutions\/","name":"Solutions for Recruitment - Laura Shows a Smooth Recruitment Path","isPartOf":{"@id":"https:\/\/laura.fi\/rekrytointi\/#website"},"datePublished":"2023-11-08T15:44:16+00:00","dateModified":"2025-03-10T07:17:17+00:00","description":"Laura offers the best solutions for recruitment. Brighten your recruitment outlook by combining a recruitment system and talent acquisition.","breadcrumb":{"@id":"https:\/\/laura.fi\/rekrytointi\/en\/solutions\/#breadcrumb"},"inLanguage":"en-US","potentialAction":[{"@type":"ReadAction","target":["https:\/\/laura.fi\/rekrytointi\/en\/solutions\/"]}]},{"@type":"BreadcrumbList","@id":"https:\/\/laura.fi\/rekrytointi\/en\/solutions\/#breadcrumb","itemListElement":[{"@type":"ListItem","position":1,"name":"Home","item":"laura.fi"},{"@type":"ListItem","position":2,"name":"Solutions"}]},{"@type":"WebSite","@id":"https:\/\/laura.fi\/rekrytointi\/#website","url":"https:\/\/laura.fi\/rekrytointi\/","name":"Laura.fi","description":"Hyvi\u00e4 t\u00f6it\u00e4 ja rekrytointeja n\u00e4kyviss\u00e4","publisher":{"@id":"https:\/\/laura.fi\/rekrytointi\/#organization"},"potentialAction":[{"@type":"SearchAction","target":{"@type":"EntryPoint","urlTemplate":"https:\/\/laura.fi\/rekrytointi\/?s={search_term_string}"},"query-input":"required name=search_term_string"}],"inLanguage":"en-US"},{"@type":"Organization","@id":"https:\/\/laura.fi\/rekrytointi\/#organization","name":"LAURA Rekrytointi Oy","url":"https:\/\/laura.fi\/rekrytointi\/","logo":{"@type":"ImageObject","inLanguage":"en-US","@id":"https:\/\/laura.fi\/rekrytointi\/#\/schema\/logo\/image\/","url":"https:\/\/laura.fi\/rekrytointi\/wp-content\/uploads\/2017\/11\/REKRYCOM.png","contentUrl":"https:\/\/laura.fi\/rekrytointi\/wp-content\/uploads\/2017\/11\/REKRYCOM.png","width":426,"height":142,"caption":"LAURA Rekrytointi Oy"},"image":{"@id":"https:\/\/laura.fi\/rekrytointi\/#\/schema\/logo\/image\/"},"sameAs":["https:\/\/fi-fi.facebook.com\/pages\/Uranusfi\/125289617532043","https:\/\/twitter.com\/UranusOy"]}]}},"_links":{"self":[{"href":"https:\/\/laura.fi\/rekrytointi\/en\/wp-json\/wp\/v2\/pages\/34964","targetHints":{"allow":["GET"]}}],"collection":[{"href":"https:\/\/laura.fi\/rekrytointi\/en\/wp-json\/wp\/v2\/pages"}],"about":[{"href":"https:\/\/laura.fi\/rekrytointi\/en\/wp-json\/wp\/v2\/types\/page"}],"author":[{"embeddable":true,"href":"https:\/\/laura.fi\/rekrytointi\/en\/wp-json\/wp\/v2\/users\/28"}],"replies":[{"embeddable":true,"href":"https:\/\/laura.fi\/rekrytointi\/en\/wp-json\/wp\/v2\/comments?post=34964"}],"version-history":[{"count":50,"href":"https:\/\/laura.fi\/rekrytointi\/en\/wp-json\/wp\/v2\/pages\/34964\/revisions"}],"predecessor-version":[{"id":40457,"href":"https:\/\/laura.fi\/rekrytointi\/en\/wp-json\/wp\/v2\/pages\/34964\/revisions\/40457"}],"wp:attachment":[{"href":"https:\/\/laura.fi\/rekrytointi\/en\/wp-json\/wp\/v2\/media?parent=34964"}],"curies":[{"name":"wp","href":"https:\/\/api.w.org\/{rel}","templated":true}]}}