{"id":34956,"date":"2023-11-08T17:42:57","date_gmt":"2023-11-08T15:42:57","guid":{"rendered":"https:\/\/laura.fi\/rekrytointi\/osaajapankki-en\/"},"modified":"2025-05-06T13:36:24","modified_gmt":"2025-05-06T10:36:24","slug":"talent-bank","status":"publish","type":"page","link":"https:\/\/laura.fi\/rekrytointi\/en\/solutions\/talent-bank\/","title":{"rendered":"Talent Bank"},"content":{"rendered":"<div id=\"cs-content\" class=\"cs-content\"><\/div>\n","protected":false},"excerpt":{"rendered":"<p>Talent BankLaura Talent Bank Helps You Find Candidates QuicklyHave you experienced recruitments that yielded too few applicants? Wouldn&#8217;t it be great if talented candidates could be found in one place right now, without massive efforts? Reduce recruitment costs and search for candidates in the Talent Bank before initiating the actual recruitment process. Laura Talent Bank is Finland&#8217;s fastest-growing talent bank, &#8230; <\/p>\n<div><a href=\"https:\/\/laura.fi\/rekrytointi\/en\/solutions\/talent-bank\/\" class=\"more-link\">Read More<\/a><\/div>\n","protected":false},"author":28,"featured_media":0,"parent":34964,"menu_order":0,"comment_status":"closed","ping_status":"closed","template":"template-layout-full-width.php","meta":{"footnotes":""},"class_list":["post-34956","page","type-page","status-publish","hentry","no-post-thumbnail"],"yoast_head":"<!-- This site is optimized with the Yoast SEO plugin v20.9 - https:\/\/yoast.com\/wordpress\/plugins\/seo\/ -->\n<title>Laura Talent Bank \u2013 Find Candidates More Effectively<\/title>\n<meta name=\"description\" content=\"Get a sneak peek into the future of recruitment and discover suitable professionals more efficiently. Laura Talent Bank brings candidates and expertise into the spotlight.\" \/>\n<meta name=\"robots\" content=\"index, follow, max-snippet:-1, max-image-preview:large, max-video-preview:-1\" \/>\n<link rel=\"canonical\" href=\"https:\/\/laura.fi\/rekrytointi\/en\/solutions\/talent-bank\/\" \/>\n<meta property=\"og:locale\" content=\"en_US\" \/>\n<meta property=\"og:type\" content=\"article\" \/>\n<meta property=\"og:title\" content=\"Laura Talent Bank \u2013 Find Candidates More Effectively\" \/>\n<meta property=\"og:description\" content=\"Get a sneak peek into the future of recruitment and discover suitable professionals more efficiently. Laura Talent Bank brings candidates and expertise into the spotlight.\" \/>\n<meta property=\"og:url\" content=\"https:\/\/laura.fi\/rekrytointi\/en\/solutions\/talent-bank\/\" \/>\n<meta property=\"og:site_name\" content=\"Laura.fi\" \/>\n<meta property=\"article:publisher\" content=\"https:\/\/fi-fi.facebook.com\/pages\/Uranusfi\/125289617532043\" \/>\n<meta property=\"article:modified_time\" content=\"2025-05-06T10:36:24+00:00\" \/>\n<meta property=\"og:image\" content=\"https:\/\/laura.fi\/rekrytointi\/wp-content\/uploads\/2024\/01\/Laura-Osaajapankki_En-1200x628-1.jpg\" \/>\n\t<meta property=\"og:image:width\" content=\"1200\" \/>\n\t<meta property=\"og:image:height\" content=\"628\" \/>\n\t<meta property=\"og:image:type\" content=\"image\/jpeg\" \/>\n<meta name=\"twitter:card\" content=\"summary_large_image\" \/>\n<meta name=\"twitter:title\" content=\"Laura Talent Bank \u2013 Find Candidates More Effectively\" \/>\n<meta name=\"twitter:description\" content=\"Get a sneak peek into the future of recruitment and discover suitable professionals more efficiently. Laura Talent Bank brings candidates and expertise into the spotlight.\" \/>\n<meta name=\"twitter:image\" content=\"https:\/\/laura.fi\/rekrytointi\/wp-content\/uploads\/2024\/01\/Laura-Osaajapankki_En-1200x628-1.jpg\" \/>\n<meta name=\"twitter:site\" content=\"@UranusOy\" \/>\n<meta name=\"twitter:label1\" content=\"Est. reading time\" \/>\n\t<meta name=\"twitter:data1\" content=\"4 minutes\" \/>\n<script type=\"application\/ld+json\" class=\"yoast-schema-graph\">{\"@context\":\"https:\/\/schema.org\",\"@graph\":[{\"@type\":\"WebPage\",\"@id\":\"https:\/\/laura.fi\/rekrytointi\/en\/solutions\/talent-bank\/\",\"url\":\"https:\/\/laura.fi\/rekrytointi\/en\/solutions\/talent-bank\/\",\"name\":\"Laura Talent Bank \u2013 Find Candidates More Effectively\",\"isPartOf\":{\"@id\":\"https:\/\/laura.fi\/rekrytointi\/#website\"},\"datePublished\":\"2023-11-08T15:42:57+00:00\",\"dateModified\":\"2025-05-06T10:36:24+00:00\",\"description\":\"Get a sneak peek into the future of recruitment and discover suitable professionals more efficiently. Laura Talent Bank brings candidates and expertise into the spotlight.\",\"breadcrumb\":{\"@id\":\"https:\/\/laura.fi\/rekrytointi\/en\/solutions\/talent-bank\/#breadcrumb\"},\"inLanguage\":\"en-US\",\"potentialAction\":[{\"@type\":\"ReadAction\",\"target\":[\"https:\/\/laura.fi\/rekrytointi\/en\/solutions\/talent-bank\/\"]}]},{\"@type\":\"BreadcrumbList\",\"@id\":\"https:\/\/laura.fi\/rekrytointi\/en\/solutions\/talent-bank\/#breadcrumb\",\"itemListElement\":[{\"@type\":\"ListItem\",\"position\":1,\"name\":\"Home\",\"item\":\"laura.fi\"},{\"@type\":\"ListItem\",\"position\":2,\"name\":\"Solutions\",\"item\":\"https:\/\/laura.fi\/rekrytointi\/en\/solutions\/\"},{\"@type\":\"ListItem\",\"position\":3,\"name\":\"Talent Bank\"}]},{\"@type\":\"WebSite\",\"@id\":\"https:\/\/laura.fi\/rekrytointi\/#website\",\"url\":\"https:\/\/laura.fi\/rekrytointi\/\",\"name\":\"Laura.fi\",\"description\":\"Hyvi\u00e4 t\u00f6it\u00e4 ja rekrytointeja n\u00e4kyviss\u00e4\",\"publisher\":{\"@id\":\"https:\/\/laura.fi\/rekrytointi\/#organization\"},\"potentialAction\":[{\"@type\":\"SearchAction\",\"target\":{\"@type\":\"EntryPoint\",\"urlTemplate\":\"https:\/\/laura.fi\/rekrytointi\/?s={search_term_string}\"},\"query-input\":\"required name=search_term_string\"}],\"inLanguage\":\"en-US\"},{\"@type\":\"Organization\",\"@id\":\"https:\/\/laura.fi\/rekrytointi\/#organization\",\"name\":\"LAURA Rekrytointi Oy\",\"url\":\"https:\/\/laura.fi\/rekrytointi\/\",\"logo\":{\"@type\":\"ImageObject\",\"inLanguage\":\"en-US\",\"@id\":\"https:\/\/laura.fi\/rekrytointi\/#\/schema\/logo\/image\/\",\"url\":\"https:\/\/laura.fi\/rekrytointi\/wp-content\/uploads\/2017\/11\/REKRYCOM.png\",\"contentUrl\":\"https:\/\/laura.fi\/rekrytointi\/wp-content\/uploads\/2017\/11\/REKRYCOM.png\",\"width\":426,\"height\":142,\"caption\":\"LAURA Rekrytointi Oy\"},\"image\":{\"@id\":\"https:\/\/laura.fi\/rekrytointi\/#\/schema\/logo\/image\/\"},\"sameAs\":[\"https:\/\/fi-fi.facebook.com\/pages\/Uranusfi\/125289617532043\",\"https:\/\/twitter.com\/UranusOy\"]}]}<\/script>\n<!-- \/ Yoast SEO plugin. -->","yoast_head_json":{"title":"Laura Talent Bank \u2013 Find Candidates More Effectively","description":"Get a sneak peek into the future of recruitment and discover suitable professionals more efficiently. Laura Talent Bank brings candidates and expertise into the spotlight.","robots":{"index":"index","follow":"follow","max-snippet":"max-snippet:-1","max-image-preview":"max-image-preview:large","max-video-preview":"max-video-preview:-1"},"canonical":"https:\/\/laura.fi\/rekrytointi\/en\/solutions\/talent-bank\/","og_locale":"en_US","og_type":"article","og_title":"Laura Talent Bank \u2013 Find Candidates More Effectively","og_description":"Get a sneak peek into the future of recruitment and discover suitable professionals more efficiently. Laura Talent Bank brings candidates and expertise into the spotlight.","og_url":"https:\/\/laura.fi\/rekrytointi\/en\/solutions\/talent-bank\/","og_site_name":"Laura.fi","article_publisher":"https:\/\/fi-fi.facebook.com\/pages\/Uranusfi\/125289617532043","article_modified_time":"2025-05-06T10:36:24+00:00","og_image":[{"width":1200,"height":628,"url":"https:\/\/laura.fi\/rekrytointi\/wp-content\/uploads\/2024\/01\/Laura-Osaajapankki_En-1200x628-1.jpg","type":"image\/jpeg"}],"twitter_card":"summary_large_image","twitter_title":"Laura Talent Bank \u2013 Find Candidates More Effectively","twitter_description":"Get a sneak peek into the future of recruitment and discover suitable professionals more efficiently. Laura Talent Bank brings candidates and expertise into the spotlight.","twitter_image":"https:\/\/laura.fi\/rekrytointi\/wp-content\/uploads\/2024\/01\/Laura-Osaajapankki_En-1200x628-1.jpg","twitter_site":"@UranusOy","twitter_misc":{"Est. reading time":"4 minutes"},"schema":{"@context":"https:\/\/schema.org","@graph":[{"@type":"WebPage","@id":"https:\/\/laura.fi\/rekrytointi\/en\/solutions\/talent-bank\/","url":"https:\/\/laura.fi\/rekrytointi\/en\/solutions\/talent-bank\/","name":"Laura Talent Bank \u2013 Find Candidates More Effectively","isPartOf":{"@id":"https:\/\/laura.fi\/rekrytointi\/#website"},"datePublished":"2023-11-08T15:42:57+00:00","dateModified":"2025-05-06T10:36:24+00:00","description":"Get a sneak peek into the future of recruitment and discover suitable professionals more efficiently. Laura Talent Bank brings candidates and expertise into the spotlight.","breadcrumb":{"@id":"https:\/\/laura.fi\/rekrytointi\/en\/solutions\/talent-bank\/#breadcrumb"},"inLanguage":"en-US","potentialAction":[{"@type":"ReadAction","target":["https:\/\/laura.fi\/rekrytointi\/en\/solutions\/talent-bank\/"]}]},{"@type":"BreadcrumbList","@id":"https:\/\/laura.fi\/rekrytointi\/en\/solutions\/talent-bank\/#breadcrumb","itemListElement":[{"@type":"ListItem","position":1,"name":"Home","item":"laura.fi"},{"@type":"ListItem","position":2,"name":"Solutions","item":"https:\/\/laura.fi\/rekrytointi\/en\/solutions\/"},{"@type":"ListItem","position":3,"name":"Talent Bank"}]},{"@type":"WebSite","@id":"https:\/\/laura.fi\/rekrytointi\/#website","url":"https:\/\/laura.fi\/rekrytointi\/","name":"Laura.fi","description":"Hyvi\u00e4 t\u00f6it\u00e4 ja rekrytointeja n\u00e4kyviss\u00e4","publisher":{"@id":"https:\/\/laura.fi\/rekrytointi\/#organization"},"potentialAction":[{"@type":"SearchAction","target":{"@type":"EntryPoint","urlTemplate":"https:\/\/laura.fi\/rekrytointi\/?s={search_term_string}"},"query-input":"required name=search_term_string"}],"inLanguage":"en-US"},{"@type":"Organization","@id":"https:\/\/laura.fi\/rekrytointi\/#organization","name":"LAURA Rekrytointi Oy","url":"https:\/\/laura.fi\/rekrytointi\/","logo":{"@type":"ImageObject","inLanguage":"en-US","@id":"https:\/\/laura.fi\/rekrytointi\/#\/schema\/logo\/image\/","url":"https:\/\/laura.fi\/rekrytointi\/wp-content\/uploads\/2017\/11\/REKRYCOM.png","contentUrl":"https:\/\/laura.fi\/rekrytointi\/wp-content\/uploads\/2017\/11\/REKRYCOM.png","width":426,"height":142,"caption":"LAURA Rekrytointi Oy"},"image":{"@id":"https:\/\/laura.fi\/rekrytointi\/#\/schema\/logo\/image\/"},"sameAs":["https:\/\/fi-fi.facebook.com\/pages\/Uranusfi\/125289617532043","https:\/\/twitter.com\/UranusOy"]}]}},"_links":{"self":[{"href":"https:\/\/laura.fi\/rekrytointi\/en\/wp-json\/wp\/v2\/pages\/34956","targetHints":{"allow":["GET"]}}],"collection":[{"href":"https:\/\/laura.fi\/rekrytointi\/en\/wp-json\/wp\/v2\/pages"}],"about":[{"href":"https:\/\/laura.fi\/rekrytointi\/en\/wp-json\/wp\/v2\/types\/page"}],"author":[{"embeddable":true,"href":"https:\/\/laura.fi\/rekrytointi\/en\/wp-json\/wp\/v2\/users\/28"}],"replies":[{"embeddable":true,"href":"https:\/\/laura.fi\/rekrytointi\/en\/wp-json\/wp\/v2\/comments?post=34956"}],"version-history":[{"count":43,"href":"https:\/\/laura.fi\/rekrytointi\/en\/wp-json\/wp\/v2\/pages\/34956\/revisions"}],"predecessor-version":[{"id":41235,"href":"https:\/\/laura.fi\/rekrytointi\/en\/wp-json\/wp\/v2\/pages\/34956\/revisions\/41235"}],"up":[{"embeddable":true,"href":"https:\/\/laura.fi\/rekrytointi\/en\/wp-json\/wp\/v2\/pages\/34964"}],"wp:attachment":[{"href":"https:\/\/laura.fi\/rekrytointi\/en\/wp-json\/wp\/v2\/media?parent=34956"}],"curies":[{"name":"wp","href":"https:\/\/api.w.org\/{rel}","templated":true}]}}