{"id":3437,"date":"2016-05-04T09:14:41","date_gmt":"2016-05-04T06:14:41","guid":{"rendered":"https:\/\/laura.fi\/?page_id=3437"},"modified":"2024-01-10T15:40:01","modified_gmt":"2024-01-10T13:40:01","slug":"home","status":"publish","type":"page","link":"https:\/\/laura.fi\/en\/","title":{"rendered":"Home"},"content":{"rendered":"","protected":false},"excerpt":{"rendered":"","protected":false},"author":2,"featured_media":0,"parent":0,"menu_order":0,"comment_status":"open","ping_status":"open","template":"page-templates\/jobify.php","meta":{"_acf_changed":false,"inline_featured_image":false,"footnotes":""},"class_list":["post-3437","page","type-page","status-publish","hentry"],"acf":[],"yoast_head":"<!-- This site is optimized with the Yoast SEO plugin v26.1.1 - https:\/\/yoast.com\/wordpress\/plugins\/seo\/ -->\n<title>Laura \u2013 Smoother Job Search and Recruitment<\/title>\n<meta name=\"description\" content=\"Are you looking for a good job? Laura shows the best jobs and brightens up your recruitment. Find your dream job and master your recruitment.\" \/>\n<meta name=\"robots\" content=\"index, follow, max-snippet:-1, max-image-preview:large, max-video-preview:-1\" \/>\n<link rel=\"canonical\" href=\"https:\/\/laura.fi\/en\/\" \/>\n<meta property=\"og:locale\" content=\"en_US\" \/>\n<meta property=\"og:type\" content=\"article\" \/>\n<meta property=\"og:title\" content=\"Laura \u2013 Smoother Job Search and Recruitment\" \/>\n<meta property=\"og:description\" content=\"Are you looking for a good job? Laura shows the best jobs and brightens up your recruitment. Find your dream job and master your recruitment.\" \/>\n<meta property=\"og:url\" content=\"https:\/\/laura.fi\/en\/\" \/>\n<meta property=\"og:site_name\" content=\"Laura.fi\" \/>\n<meta property=\"article:publisher\" content=\"https:\/\/www.facebook.com\/LauraRekrytointiOy\/\" \/>\n<meta property=\"article:modified_time\" content=\"2024-01-10T13:40:01+00:00\" \/>\n<meta property=\"og:image\" content=\"https:\/\/laura.fi\/wp-content\/uploads\/2024\/01\/Etusivu_EN.jpg\" \/>\n\t<meta property=\"og:image:width\" content=\"1200\" \/>\n\t<meta property=\"og:image:height\" content=\"628\" \/>\n\t<meta property=\"og:image:type\" content=\"image\/jpeg\" \/>\n<meta name=\"twitter:card\" content=\"summary_large_image\" \/>\n<meta name=\"twitter:title\" content=\"Laura \u2013 Smoother Job Search and Recruitment\" \/>\n<meta name=\"twitter:description\" content=\"Are you looking for a good job? Laura shows the best jobs and brightens up your recruitment. Find your dream job and master your recruitment.\" \/>\n<meta name=\"twitter:image\" content=\"https:\/\/laura.fi\/wp-content\/uploads\/2024\/01\/Etusivu_EN.jpg\" \/>\n<meta name=\"twitter:site\" content=\"@LauraRekry\" \/>\n<script type=\"application\/ld+json\" class=\"yoast-schema-graph\">{\"@context\":\"https:\/\/schema.org\",\"@graph\":[{\"@type\":\"WebPage\",\"@id\":\"https:\/\/laura.fi\/en\/\",\"url\":\"https:\/\/laura.fi\/en\/\",\"name\":\"Laura \u2013 Smoother Job Search and Recruitment\",\"isPartOf\":{\"@id\":\"https:\/\/laura.fi\/#website\"},\"datePublished\":\"2016-05-04T06:14:41+00:00\",\"dateModified\":\"2024-01-10T13:40:01+00:00\",\"description\":\"Are you looking for a good job? Laura shows the best jobs and brightens up your recruitment. Find your dream job and master your recruitment.\",\"breadcrumb\":{\"@id\":\"https:\/\/laura.fi\/en\/#breadcrumb\"},\"inLanguage\":\"en-US\",\"potentialAction\":[{\"@type\":\"ReadAction\",\"target\":[\"https:\/\/laura.fi\/en\/\"]}]},{\"@type\":\"BreadcrumbList\",\"@id\":\"https:\/\/laura.fi\/en\/#breadcrumb\",\"itemListElement\":[{\"@type\":\"ListItem\",\"position\":1,\"name\":\"Home\",\"item\":\"https:\/\/laura.fi\/en\/\"},{\"@type\":\"ListItem\",\"position\":2,\"name\":\"Home\"}]},{\"@type\":\"WebSite\",\"@id\":\"https:\/\/laura.fi\/#website\",\"url\":\"https:\/\/laura.fi\/\",\"name\":\"Laura.fi\",\"description\":\"Hyvi\u00e4 t\u00f6it\u00e4 ja rekrytointeja n\u00e4kyviss\u00e4\",\"publisher\":{\"@id\":\"https:\/\/laura.fi\/#organization\"},\"potentialAction\":[{\"@type\":\"SearchAction\",\"target\":{\"@type\":\"EntryPoint\",\"urlTemplate\":\"https:\/\/laura.fi\/?s={search_term_string}\"},\"query-input\":{\"@type\":\"PropertyValueSpecification\",\"valueRequired\":true,\"valueName\":\"search_term_string\"}}],\"inLanguage\":\"en-US\"},{\"@type\":\"Organization\",\"@id\":\"https:\/\/laura.fi\/#organization\",\"name\":\"LAURA Rekrytointi Oy\",\"url\":\"https:\/\/laura.fi\/\",\"logo\":{\"@type\":\"ImageObject\",\"inLanguage\":\"en-US\",\"@id\":\"https:\/\/laura.fi\/#\/schema\/logo\/image\/\",\"url\":\"https:\/\/laura.fi\/wp-content\/uploads\/2024\/01\/LAURA_logo_oranssi.jpg\",\"contentUrl\":\"https:\/\/laura.fi\/wp-content\/uploads\/2024\/01\/LAURA_logo_oranssi.jpg\",\"width\":1392,\"height\":813,\"caption\":\"LAURA Rekrytointi Oy\"},\"image\":{\"@id\":\"https:\/\/laura.fi\/#\/schema\/logo\/image\/\"},\"sameAs\":[\"https:\/\/www.facebook.com\/LauraRekrytointiOy\/\",\"https:\/\/x.com\/LauraRekry\",\"https:\/\/www.linkedin.com\/company\/laurarekrytointioy\/\",\"https:\/\/www.instagram.com\/laurarekrytointioy\/\"]}]}<\/script>\n<!-- \/ Yoast SEO plugin. -->","yoast_head_json":{"title":"Laura \u2013 Smoother Job Search and Recruitment","description":"Are you looking for a good job? Laura shows the best jobs and brightens up your recruitment. Find your dream job and master your recruitment.","robots":{"index":"index","follow":"follow","max-snippet":"max-snippet:-1","max-image-preview":"max-image-preview:large","max-video-preview":"max-video-preview:-1"},"canonical":"https:\/\/laura.fi\/en\/","og_locale":"en_US","og_type":"article","og_title":"Laura \u2013 Smoother Job Search and Recruitment","og_description":"Are you looking for a good job? Laura shows the best jobs and brightens up your recruitment. Find your dream job and master your recruitment.","og_url":"https:\/\/laura.fi\/en\/","og_site_name":"Laura.fi","article_publisher":"https:\/\/www.facebook.com\/LauraRekrytointiOy\/","article_modified_time":"2024-01-10T13:40:01+00:00","og_image":[{"width":1200,"height":628,"url":"https:\/\/laura.fi\/wp-content\/uploads\/2024\/01\/Etusivu_EN.jpg","type":"image\/jpeg"}],"twitter_card":"summary_large_image","twitter_title":"Laura \u2013 Smoother Job Search and Recruitment","twitter_description":"Are you looking for a good job? Laura shows the best jobs and brightens up your recruitment. Find your dream job and master your recruitment.","twitter_image":"https:\/\/laura.fi\/wp-content\/uploads\/2024\/01\/Etusivu_EN.jpg","twitter_site":"@LauraRekry","schema":{"@context":"https:\/\/schema.org","@graph":[{"@type":"WebPage","@id":"https:\/\/laura.fi\/en\/","url":"https:\/\/laura.fi\/en\/","name":"Laura \u2013 Smoother Job Search and Recruitment","isPartOf":{"@id":"https:\/\/laura.fi\/#website"},"datePublished":"2016-05-04T06:14:41+00:00","dateModified":"2024-01-10T13:40:01+00:00","description":"Are you looking for a good job? Laura shows the best jobs and brightens up your recruitment. Find your dream job and master your recruitment.","breadcrumb":{"@id":"https:\/\/laura.fi\/en\/#breadcrumb"},"inLanguage":"en-US","potentialAction":[{"@type":"ReadAction","target":["https:\/\/laura.fi\/en\/"]}]},{"@type":"BreadcrumbList","@id":"https:\/\/laura.fi\/en\/#breadcrumb","itemListElement":[{"@type":"ListItem","position":1,"name":"Home","item":"https:\/\/laura.fi\/en\/"},{"@type":"ListItem","position":2,"name":"Home"}]},{"@type":"WebSite","@id":"https:\/\/laura.fi\/#website","url":"https:\/\/laura.fi\/","name":"Laura.fi","description":"Hyvi\u00e4 t\u00f6it\u00e4 ja rekrytointeja n\u00e4kyviss\u00e4","publisher":{"@id":"https:\/\/laura.fi\/#organization"},"potentialAction":[{"@type":"SearchAction","target":{"@type":"EntryPoint","urlTemplate":"https:\/\/laura.fi\/?s={search_term_string}"},"query-input":{"@type":"PropertyValueSpecification","valueRequired":true,"valueName":"search_term_string"}}],"inLanguage":"en-US"},{"@type":"Organization","@id":"https:\/\/laura.fi\/#organization","name":"LAURA Rekrytointi Oy","url":"https:\/\/laura.fi\/","logo":{"@type":"ImageObject","inLanguage":"en-US","@id":"https:\/\/laura.fi\/#\/schema\/logo\/image\/","url":"https:\/\/laura.fi\/wp-content\/uploads\/2024\/01\/LAURA_logo_oranssi.jpg","contentUrl":"https:\/\/laura.fi\/wp-content\/uploads\/2024\/01\/LAURA_logo_oranssi.jpg","width":1392,"height":813,"caption":"LAURA Rekrytointi Oy"},"image":{"@id":"https:\/\/laura.fi\/#\/schema\/logo\/image\/"},"sameAs":["https:\/\/www.facebook.com\/LauraRekrytointiOy\/","https:\/\/x.com\/LauraRekry","https:\/\/www.linkedin.com\/company\/laurarekrytointioy\/","https:\/\/www.instagram.com\/laurarekrytointioy\/"]}]}},"_links":{"self":[{"href":"https:\/\/laura.fi\/en\/wp-json\/wp\/v2\/pages\/3437","targetHints":{"allow":["GET"]}}],"collection":[{"href":"https:\/\/laura.fi\/en\/wp-json\/wp\/v2\/pages"}],"about":[{"href":"https:\/\/laura.fi\/en\/wp-json\/wp\/v2\/types\/page"}],"author":[{"embeddable":true,"href":"https:\/\/laura.fi\/en\/wp-json\/wp\/v2\/users\/2"}],"replies":[{"embeddable":true,"href":"https:\/\/laura.fi\/en\/wp-json\/wp\/v2\/comments?post=3437"}],"version-history":[{"count":1,"href":"https:\/\/laura.fi\/en\/wp-json\/wp\/v2\/pages\/3437\/revisions"}],"predecessor-version":[{"id":65284,"href":"https:\/\/laura.fi\/en\/wp-json\/wp\/v2\/pages\/3437\/revisions\/65284"}],"wp:attachment":[{"href":"https:\/\/laura.fi\/en\/wp-json\/wp\/v2\/media?parent=3437"}],"curies":[{"name":"wp","href":"https:\/\/api.w.org\/{rel}","templated":true}]}}