{"id":2620661,"date":"2024-01-10T10:34:20","date_gmt":"2024-01-10T08:34:20","guid":{"rendered":"https:\/\/laura.fi\/?page_id=2620661"},"modified":"2025-09-01T10:00:12","modified_gmt":"2025-09-01T07:00:12","slug":"marketing-register-privacy-policy","status":"publish","type":"page","link":"https:\/\/laura.fi\/en\/marketing-register-privacy-policy\/","title":{"rendered":"Marketing Register Privacy Policy"},"content":{"rendered":"<p>Updated 1.9.2025<\/p>\n<p>This privacy policy concerns the marketing register of Laura Recruitment Ltd and the personal data stored therein. Personal data is processed in accordance with this privacy policy, Finnish legislation, and the General Data Protection Regulation (GDPR) of the European Union.<\/p>\n<p>&nbsp;<\/p>\n<h3>1. Data controller<\/h3>\n<p>Laura Recruitment Ltd<br \/>\nRatamestarinkatu 7 a<br \/>\n00520 Helsinki<\/p>\n<p>Business ID: FI33764322<br \/>\ntel. +358 46 850 5841<br \/>\ninfo@laura.fi<\/p>\n<p>&nbsp;<\/p>\n<h3>2. Purpose of processing personal data<\/h3>\n<p>The information in the register is used for direct marketing of Laura Recruitment Ltd&#8217;s products, services, and events.<\/p>\n<p>The processing of personal data is based on:<\/p>\n<ul>\n<li>Contract: customer relationship with Laura Recruitment Ltd, newsletter subscription<\/li>\n<li>Consent<\/li>\n<li>Legitimate interest: verification of customer transactions, business and customer service development (e.g., handling feedback)<\/li>\n<li>In B2B marketing, a position of authority.<\/li>\n<\/ul>\n<p>&nbsp;<\/p>\n<h3>3. Data processors<\/h3>\n<p>Laura Recruitment Ltd mainly handles personal data itself.<\/p>\n<p>&nbsp;<\/p>\n<h3>4. Transferring of data outside the EU or EEA<\/h3>\n<p>The data controller does not disclose personal data to external parties unless required by Finnish authorities. The data in the register is primarily processed within the EU. On a case-by-case basis, the data in the register may be transferred outside the EU, for example, if a non-EU service provider is used for email marketing.<\/p>\n<p>Laura Recruitment Ltd uses ActiveCampaign platform for email marketing. ActiveCampaign collects ia. information provided through contact forms, information about used devices and browsers, time spent on pages, and page navigation. Data is transferred to the ActiveCampaign based to a customer relationship and according to user-provided information. In B2B marketing, personal data may also be collected from public sources, such as contact information on the company\u2019s websites and different contact information registers. ActiveCampaign is an U.S.-based company, which means that personal data will be transferred outside of the European Union. However, personal data is protected as required by the GDPR with the use of standard contractual clauses. ActiveCampaign is also a certified company of the U.S.-EU Data Privacy Framework. Learn more about ActiveCampaign <a href=\"https:\/\/www.activecampaign.com\/legal\/privacy-policy\" target=\"_blank\" rel=\"noopener\">privacy policy<\/a>, <a href=\"https:\/\/www.activecampaign.com\/gdpr-updates\/\" target=\"_blank\" rel=\"noopener\">GDPR compliance<\/a> ja <a href=\"https:\/\/www.activecampaign.com\/cookie-policy\/\" target=\"_blank\" rel=\"noopener\">cookie policies<\/a>.<br \/>\nThe information stored in the marketing register is primarily restricted for internal use within Laura Recruitment Ltd.<\/p>\n<p>&nbsp;<\/p>\n<h3>5. Retention of personal data<\/h3>\n<p>In the marketing register, information is typically retained as long as the person has not refused to receive marketing communications, and the information has not otherwise become outdated. If a person declines marketing, we keep a record of the refusal and contact information to ensure compliance with the refusal.<\/p>\n<p>&nbsp;<\/p>\n<h3>6. Register content<\/h3>\n<p>The information in the marketing register is obtained through customer relationships, Laura Recruitment Ltd&#8217;s website (contact forms, material downloads, newsletter subscription forms), and registrations for events organized by Laura Recruitment Ltd.<\/p>\n<p>The register may contain the following information:<\/p>\n<ul>\n<li>Name<\/li>\n<li>Organization and position<\/li>\n<li>Organization&#8217;s address details<\/li>\n<li>Email address<\/li>\n<li>Phone number<\/li>\n<li>Other information provided by the person<\/li>\n<li>IP address<\/li>\n<li>Browser<\/li>\n<li>Information about opening newsletters<\/li>\n<li>Information about clicking on newsletters<\/li>\n<li>Information about unsubscribing from newsletters (marketing opt-out)<\/li>\n<li>Source of personal information<\/li>\n<li>Timestamp of data storage<\/li>\n<\/ul>\n<p>&nbsp;<\/p>\n<h3>7. Personal data received from elsewhere than the data subject<\/h3>\n<p>In B2B marketing, personal data in the marketing register may also be collected from public sources, such as contact information from company websites and address registers.<\/p>\n<p>&nbsp;<\/p>\n<h3>8. Register protection principles<\/h3>\n<p>The service has implemented adequate and appropriate organizational and technical solutions to ensure the protection of personal data within the service. The physical and digital security of the server hardware used for data storage is appropriately maintained. Stored data, as well as server access rights and other information critical to the security of personal data, are handled confidentially and only by employees whose job responsibilities include such tasks.<\/p>\n<p>&nbsp;<\/p>\n<h3>9. User\u2019s rights and the use of the rights<\/h3>\n<p>Markkinointirekisteriin rekister\u00f6idyll\u00e4 on oikeus:<\/p>\n<p>Individuals registered in the marketing register have the right to:<\/p>\n<ul>\n<li>inspect and correct the information concerning them<\/li>\n<li>request the deletion or restriction of the processing of their personal data, unless justified interests of Laura Recruitment Ltd or legal requirements prevent it<\/li>\n<li>transfer their data to another system<\/li>\n<li>file a complaint with the supervisory authority if they believe that Laura Recruitment Ltd has processed their personal data in violation of the law and the EU General Data Protection Regulation.<\/li>\n<\/ul>\n<p>Registered individuals have the option to unsubscribe from the mailing list at any time through the unsubscribe link in the newsletter.<\/p>\n<p>Any necessary contacts or questions related to these rights should be directed to the following address: <a href=\"mailto:info@laura.fi\">info@laura.fi<\/a>.<\/p>\n<p>&nbsp;<\/p>\n<h3>10. Decision making and profiling<\/h3>\n<p>Laura Recruitment Ltd does not do automated decision making related to personal data collected.<\/p>\n","protected":false},"excerpt":{"rendered":"<p>Updated 1.9.2025 This privacy policy concerns the marketing register of Laura Recruitment Ltd and the personal data stored therein. Personal data is processed in accordance with this privacy policy, Finnish legislation, and the General Data Protection Regulation (GDPR) of the European Union. &nbsp; 1. Data controller Laura Recruitment Ltd Ratamestarinkatu 7 a 00520 Helsinki Business<\/p>\n","protected":false},"author":1,"featured_media":0,"parent":0,"menu_order":0,"comment_status":"closed","ping_status":"closed","template":"","meta":{"_acf_changed":false,"inline_featured_image":false,"footnotes":""},"class_list":["post-2620661","page","type-page","status-publish","hentry"],"acf":[],"yoast_head":"<!-- This site is optimized with the Yoast SEO plugin v26.1.1 - https:\/\/yoast.com\/wordpress\/plugins\/seo\/ -->\n<title>Marketing Register Privacy Policy - Laura.fi<\/title>\n<meta name=\"robots\" content=\"index, follow, max-snippet:-1, max-image-preview:large, max-video-preview:-1\" \/>\n<link rel=\"canonical\" href=\"https:\/\/laura.fi\/en\/marketing-register-privacy-policy\/\" \/>\n<meta property=\"og:locale\" content=\"en_US\" \/>\n<meta property=\"og:type\" content=\"article\" \/>\n<meta property=\"og:title\" content=\"Marketing Register Privacy Policy - Laura.fi\" \/>\n<meta property=\"og:description\" content=\"Updated 1.9.2025 This privacy policy concerns the marketing register of Laura Recruitment Ltd and the personal data stored therein. Personal data is processed in accordance with this privacy policy, Finnish legislation, and the General Data Protection Regulation (GDPR) of the European Union. &nbsp; 1. Data controller Laura Recruitment Ltd Ratamestarinkatu 7 a 00520 Helsinki Business\" \/>\n<meta property=\"og:url\" content=\"https:\/\/laura.fi\/en\/marketing-register-privacy-policy\/\" \/>\n<meta property=\"og:site_name\" content=\"Laura.fi\" \/>\n<meta property=\"article:publisher\" content=\"https:\/\/www.facebook.com\/LauraRekrytointiOy\/\" \/>\n<meta property=\"article:modified_time\" content=\"2025-09-01T07:00:12+00:00\" \/>\n<meta name=\"twitter:card\" content=\"summary_large_image\" \/>\n<meta name=\"twitter:site\" content=\"@LauraRekry\" \/>\n<meta name=\"twitter:label1\" content=\"Est. reading time\" \/>\n\t<meta name=\"twitter:data1\" content=\"4 minutes\" \/>\n<script type=\"application\/ld+json\" class=\"yoast-schema-graph\">{\"@context\":\"https:\/\/schema.org\",\"@graph\":[{\"@type\":\"WebPage\",\"@id\":\"https:\/\/laura.fi\/en\/marketing-register-privacy-policy\/\",\"url\":\"https:\/\/laura.fi\/en\/marketing-register-privacy-policy\/\",\"name\":\"Marketing Register Privacy Policy - Laura.fi\",\"isPartOf\":{\"@id\":\"https:\/\/laura.fi\/#website\"},\"datePublished\":\"2024-01-10T08:34:20+00:00\",\"dateModified\":\"2025-09-01T07:00:12+00:00\",\"breadcrumb\":{\"@id\":\"https:\/\/laura.fi\/en\/marketing-register-privacy-policy\/#breadcrumb\"},\"inLanguage\":\"en-US\",\"potentialAction\":[{\"@type\":\"ReadAction\",\"target\":[\"https:\/\/laura.fi\/en\/marketing-register-privacy-policy\/\"]}]},{\"@type\":\"BreadcrumbList\",\"@id\":\"https:\/\/laura.fi\/en\/marketing-register-privacy-policy\/#breadcrumb\",\"itemListElement\":[{\"@type\":\"ListItem\",\"position\":1,\"name\":\"Home\",\"item\":\"https:\/\/laura.fi\/en\/\"},{\"@type\":\"ListItem\",\"position\":2,\"name\":\"Marketing Register Privacy Policy\"}]},{\"@type\":\"WebSite\",\"@id\":\"https:\/\/laura.fi\/#website\",\"url\":\"https:\/\/laura.fi\/\",\"name\":\"Laura.fi\",\"description\":\"Hyvi\u00e4 t\u00f6it\u00e4 ja rekrytointeja n\u00e4kyviss\u00e4\",\"publisher\":{\"@id\":\"https:\/\/laura.fi\/#organization\"},\"potentialAction\":[{\"@type\":\"SearchAction\",\"target\":{\"@type\":\"EntryPoint\",\"urlTemplate\":\"https:\/\/laura.fi\/?s={search_term_string}\"},\"query-input\":{\"@type\":\"PropertyValueSpecification\",\"valueRequired\":true,\"valueName\":\"search_term_string\"}}],\"inLanguage\":\"en-US\"},{\"@type\":\"Organization\",\"@id\":\"https:\/\/laura.fi\/#organization\",\"name\":\"LAURA Rekrytointi Oy\",\"url\":\"https:\/\/laura.fi\/\",\"logo\":{\"@type\":\"ImageObject\",\"inLanguage\":\"en-US\",\"@id\":\"https:\/\/laura.fi\/#\/schema\/logo\/image\/\",\"url\":\"https:\/\/laura.fi\/wp-content\/uploads\/2024\/01\/LAURA_logo_oranssi.jpg\",\"contentUrl\":\"https:\/\/laura.fi\/wp-content\/uploads\/2024\/01\/LAURA_logo_oranssi.jpg\",\"width\":1392,\"height\":813,\"caption\":\"LAURA Rekrytointi Oy\"},\"image\":{\"@id\":\"https:\/\/laura.fi\/#\/schema\/logo\/image\/\"},\"sameAs\":[\"https:\/\/www.facebook.com\/LauraRekrytointiOy\/\",\"https:\/\/x.com\/LauraRekry\",\"https:\/\/www.linkedin.com\/company\/laurarekrytointioy\/\",\"https:\/\/www.instagram.com\/laurarekrytointioy\/\"]}]}<\/script>\n<!-- \/ Yoast SEO plugin. -->","yoast_head_json":{"title":"Marketing Register Privacy Policy - Laura.fi","robots":{"index":"index","follow":"follow","max-snippet":"max-snippet:-1","max-image-preview":"max-image-preview:large","max-video-preview":"max-video-preview:-1"},"canonical":"https:\/\/laura.fi\/en\/marketing-register-privacy-policy\/","og_locale":"en_US","og_type":"article","og_title":"Marketing Register Privacy Policy - Laura.fi","og_description":"Updated 1.9.2025 This privacy policy concerns the marketing register of Laura Recruitment Ltd and the personal data stored therein. Personal data is processed in accordance with this privacy policy, Finnish legislation, and the General Data Protection Regulation (GDPR) of the European Union. &nbsp; 1. Data controller Laura Recruitment Ltd Ratamestarinkatu 7 a 00520 Helsinki Business","og_url":"https:\/\/laura.fi\/en\/marketing-register-privacy-policy\/","og_site_name":"Laura.fi","article_publisher":"https:\/\/www.facebook.com\/LauraRekrytointiOy\/","article_modified_time":"2025-09-01T07:00:12+00:00","twitter_card":"summary_large_image","twitter_site":"@LauraRekry","twitter_misc":{"Est. reading time":"4 minutes"},"schema":{"@context":"https:\/\/schema.org","@graph":[{"@type":"WebPage","@id":"https:\/\/laura.fi\/en\/marketing-register-privacy-policy\/","url":"https:\/\/laura.fi\/en\/marketing-register-privacy-policy\/","name":"Marketing Register Privacy Policy - Laura.fi","isPartOf":{"@id":"https:\/\/laura.fi\/#website"},"datePublished":"2024-01-10T08:34:20+00:00","dateModified":"2025-09-01T07:00:12+00:00","breadcrumb":{"@id":"https:\/\/laura.fi\/en\/marketing-register-privacy-policy\/#breadcrumb"},"inLanguage":"en-US","potentialAction":[{"@type":"ReadAction","target":["https:\/\/laura.fi\/en\/marketing-register-privacy-policy\/"]}]},{"@type":"BreadcrumbList","@id":"https:\/\/laura.fi\/en\/marketing-register-privacy-policy\/#breadcrumb","itemListElement":[{"@type":"ListItem","position":1,"name":"Home","item":"https:\/\/laura.fi\/en\/"},{"@type":"ListItem","position":2,"name":"Marketing Register Privacy Policy"}]},{"@type":"WebSite","@id":"https:\/\/laura.fi\/#website","url":"https:\/\/laura.fi\/","name":"Laura.fi","description":"Hyvi\u00e4 t\u00f6it\u00e4 ja rekrytointeja n\u00e4kyviss\u00e4","publisher":{"@id":"https:\/\/laura.fi\/#organization"},"potentialAction":[{"@type":"SearchAction","target":{"@type":"EntryPoint","urlTemplate":"https:\/\/laura.fi\/?s={search_term_string}"},"query-input":{"@type":"PropertyValueSpecification","valueRequired":true,"valueName":"search_term_string"}}],"inLanguage":"en-US"},{"@type":"Organization","@id":"https:\/\/laura.fi\/#organization","name":"LAURA Rekrytointi Oy","url":"https:\/\/laura.fi\/","logo":{"@type":"ImageObject","inLanguage":"en-US","@id":"https:\/\/laura.fi\/#\/schema\/logo\/image\/","url":"https:\/\/laura.fi\/wp-content\/uploads\/2024\/01\/LAURA_logo_oranssi.jpg","contentUrl":"https:\/\/laura.fi\/wp-content\/uploads\/2024\/01\/LAURA_logo_oranssi.jpg","width":1392,"height":813,"caption":"LAURA Rekrytointi Oy"},"image":{"@id":"https:\/\/laura.fi\/#\/schema\/logo\/image\/"},"sameAs":["https:\/\/www.facebook.com\/LauraRekrytointiOy\/","https:\/\/x.com\/LauraRekry","https:\/\/www.linkedin.com\/company\/laurarekrytointioy\/","https:\/\/www.instagram.com\/laurarekrytointioy\/"]}]}},"_links":{"self":[{"href":"https:\/\/laura.fi\/en\/wp-json\/wp\/v2\/pages\/2620661","targetHints":{"allow":["GET"]}}],"collection":[{"href":"https:\/\/laura.fi\/en\/wp-json\/wp\/v2\/pages"}],"about":[{"href":"https:\/\/laura.fi\/en\/wp-json\/wp\/v2\/types\/page"}],"author":[{"embeddable":true,"href":"https:\/\/laura.fi\/en\/wp-json\/wp\/v2\/users\/1"}],"replies":[{"embeddable":true,"href":"https:\/\/laura.fi\/en\/wp-json\/wp\/v2\/comments?post=2620661"}],"version-history":[{"count":4,"href":"https:\/\/laura.fi\/en\/wp-json\/wp\/v2\/pages\/2620661\/revisions"}],"predecessor-version":[{"id":3531545,"href":"https:\/\/laura.fi\/en\/wp-json\/wp\/v2\/pages\/2620661\/revisions\/3531545"}],"wp:attachment":[{"href":"https:\/\/laura.fi\/en\/wp-json\/wp\/v2\/media?parent=2620661"}],"curies":[{"name":"wp","href":"https:\/\/api.w.org\/{rel}","templated":true}]}}